{"id":24553,"date":"2025-08-28T12:28:08","date_gmt":"2025-08-28T10:28:08","guid":{"rendered":"https:\/\/multi.vedanta.mk\/sq\/?page_id=24553"},"modified":"2025-08-28T12:28:08","modified_gmt":"2025-08-28T10:28:08","slug":"info-panel","status":"publish","type":"page","link":"https:\/\/fk.mk\/sq\/info-panel\/","title":{"rendered":"Info Panel"},"content":{"rendered":"","protected":false},"excerpt":{"rendered":"","protected":false},"author":1,"featured_media":0,"parent":0,"menu_order":0,"comment_status":"closed","ping_status":"closed","template":"","meta":{"jnews_page_loop":{"first_title":"Latest Post","header_type":"heading_6","layout":"right-sidebar","sidebar":"default-sidebar","second_sidebar":"default-sidebar","sticky_sidebar":"1","module":"3","main_custom_image_size":"default","second_custom_image_size":"default","excerpt_length":"20","content_date":"default","date_custom":"Y\/m\/d","content_pagination":"nav_1","pagination_align":"center","post_sticky":"0","post_offset":"0","posts_per_page":"5","sort_by":"latest"},"jnews_single_page":{"layout":"no-sidebar","sidebar":"default-sidebar","second_sidebar":"default-sidebar","sticky_sidebar":"1","show_post_title":"1","show_post_breadcrumbs":"1","show_post_featured":"1","share_position":"top","share_color":"share-monocrhome"},"jnews_social_meta":[],"footnotes":""},"class_list":["post-24553","page","type-page","status-publish","hentry"],"yoast_head":"<!-- This site is optimized with the Yoast SEO plugin v27.2 - https:\/\/yoast.com\/product\/yoast-seo-wordpress\/ -->\n<title>Info Panel - Od\u00ebn Farmaceutike t\u00eb Maqedonis\u00eb<\/title>\n<meta name=\"robots\" content=\"index, follow, max-snippet:-1, max-image-preview:large, max-video-preview:-1\" \/>\n<link rel=\"canonical\" href=\"https:\/\/fk.mk\/sq\/info-panel\/\" \/>\n<meta property=\"og:locale\" content=\"en_US\" \/>\n<meta property=\"og:type\" content=\"article\" \/>\n<meta property=\"og:title\" content=\"Info Panel - Od\u00ebn Farmaceutike t\u00eb Maqedonis\u00eb\" \/>\n<meta property=\"og:url\" content=\"https:\/\/fk.mk\/sq\/info-panel\/\" \/>\n<meta property=\"og:site_name\" content=\"Od\u00ebn Farmaceutike t\u00eb Maqedonis\u00eb\" \/>\n<meta name=\"twitter:card\" content=\"summary_large_image\" \/>\n<script type=\"application\/ld+json\" class=\"yoast-schema-graph\">{\"@context\":\"https:\/\/schema.org\",\"@graph\":[{\"@type\":\"WebPage\",\"@id\":\"https:\/\/fk.mk\/sq\/info-panel\/\",\"url\":\"https:\/\/fk.mk\/sq\/info-panel\/\",\"name\":\"Info Panel - Od\u00ebn Farmaceutike t\u00eb Maqedonis\u00eb\",\"isPartOf\":{\"@id\":\"https:\/\/fk.mk\/sq\/#website\"},\"datePublished\":\"2025-08-28T10:28:08+00:00\",\"breadcrumb\":{\"@id\":\"https:\/\/fk.mk\/sq\/info-panel\/#breadcrumb\"},\"inLanguage\":\"en-US\",\"potentialAction\":[{\"@type\":\"ReadAction\",\"target\":[\"https:\/\/fk.mk\/sq\/info-panel\/\"]}]},{\"@type\":\"BreadcrumbList\",\"@id\":\"https:\/\/fk.mk\/sq\/info-panel\/#breadcrumb\",\"itemListElement\":[{\"@type\":\"ListItem\",\"position\":1,\"name\":\"Home\",\"item\":\"https:\/\/fk.mk\/sq\/\"},{\"@type\":\"ListItem\",\"position\":2,\"name\":\"Info Panel\"}]},{\"@type\":\"WebSite\",\"@id\":\"https:\/\/fk.mk\/sq\/#website\",\"url\":\"https:\/\/fk.mk\/sq\/\",\"name\":\"Od\u00ebn Farmaceutike t\u00eb Maqedonis\u00eb\",\"description\":\"\u0424\u0430\u0440\u043c\u0430\u0446\u0435\u0432\u0442\u0441\u043a\u0430 \u041a\u043e\u043c\u043e\u0440\u0430 \u043d\u0430 \u0420\u0435\u043f\u0443\u0431\u043b\u0438\u043a\u0430 \u0421\u0435\u0432\u0435\u0440\u043d\u0430 \u041c\u0430\u043a\u0435\u0434\u043e\u043d\u0438\u0458\u0430\",\"potentialAction\":[{\"@type\":\"SearchAction\",\"target\":{\"@type\":\"EntryPoint\",\"urlTemplate\":\"https:\/\/fk.mk\/sq\/?s={search_term_string}\"},\"query-input\":{\"@type\":\"PropertyValueSpecification\",\"valueRequired\":true,\"valueName\":\"search_term_string\"}}],\"inLanguage\":\"en-US\"}]}<\/script>\n<!-- \/ Yoast SEO plugin. -->","yoast_head_json":{"title":"Info Panel - Od\u00ebn Farmaceutike t\u00eb Maqedonis\u00eb","robots":{"index":"index","follow":"follow","max-snippet":"max-snippet:-1","max-image-preview":"max-image-preview:large","max-video-preview":"max-video-preview:-1"},"canonical":"https:\/\/fk.mk\/sq\/info-panel\/","og_locale":"en_US","og_type":"article","og_title":"Info Panel - Od\u00ebn Farmaceutike t\u00eb Maqedonis\u00eb","og_url":"https:\/\/fk.mk\/sq\/info-panel\/","og_site_name":"Od\u00ebn Farmaceutike t\u00eb Maqedonis\u00eb","twitter_card":"summary_large_image","schema":{"@context":"https:\/\/schema.org","@graph":[{"@type":"WebPage","@id":"https:\/\/fk.mk\/sq\/info-panel\/","url":"https:\/\/fk.mk\/sq\/info-panel\/","name":"Info Panel - Od\u00ebn Farmaceutike t\u00eb Maqedonis\u00eb","isPartOf":{"@id":"https:\/\/fk.mk\/sq\/#website"},"datePublished":"2025-08-28T10:28:08+00:00","breadcrumb":{"@id":"https:\/\/fk.mk\/sq\/info-panel\/#breadcrumb"},"inLanguage":"en-US","potentialAction":[{"@type":"ReadAction","target":["https:\/\/fk.mk\/sq\/info-panel\/"]}]},{"@type":"BreadcrumbList","@id":"https:\/\/fk.mk\/sq\/info-panel\/#breadcrumb","itemListElement":[{"@type":"ListItem","position":1,"name":"Home","item":"https:\/\/fk.mk\/sq\/"},{"@type":"ListItem","position":2,"name":"Info Panel"}]},{"@type":"WebSite","@id":"https:\/\/fk.mk\/sq\/#website","url":"https:\/\/fk.mk\/sq\/","name":"Od\u00ebn Farmaceutike t\u00eb Maqedonis\u00eb","description":"\u0424\u0430\u0440\u043c\u0430\u0446\u0435\u0432\u0442\u0441\u043a\u0430 \u041a\u043e\u043c\u043e\u0440\u0430 \u043d\u0430 \u0420\u0435\u043f\u0443\u0431\u043b\u0438\u043a\u0430 \u0421\u0435\u0432\u0435\u0440\u043d\u0430 \u041c\u0430\u043a\u0435\u0434\u043e\u043d\u0438\u0458\u0430","potentialAction":[{"@type":"SearchAction","target":{"@type":"EntryPoint","urlTemplate":"https:\/\/fk.mk\/sq\/?s={search_term_string}"},"query-input":{"@type":"PropertyValueSpecification","valueRequired":true,"valueName":"search_term_string"}}],"inLanguage":"en-US"}]}},"_links":{"self":[{"href":"https:\/\/fk.mk\/sq\/wp-json\/wp\/v2\/pages\/24553","targetHints":{"allow":["GET"]}}],"collection":[{"href":"https:\/\/fk.mk\/sq\/wp-json\/wp\/v2\/pages"}],"about":[{"href":"https:\/\/fk.mk\/sq\/wp-json\/wp\/v2\/types\/page"}],"author":[{"embeddable":true,"href":"https:\/\/fk.mk\/sq\/wp-json\/wp\/v2\/users\/1"}],"replies":[{"embeddable":true,"href":"https:\/\/fk.mk\/sq\/wp-json\/wp\/v2\/comments?post=24553"}],"version-history":[{"count":1,"href":"https:\/\/fk.mk\/sq\/wp-json\/wp\/v2\/pages\/24553\/revisions"}],"predecessor-version":[{"id":24556,"href":"https:\/\/fk.mk\/sq\/wp-json\/wp\/v2\/pages\/24553\/revisions\/24556"}],"wp:attachment":[{"href":"https:\/\/fk.mk\/sq\/wp-json\/wp\/v2\/media?parent=24553"}],"curies":[{"name":"wp","href":"https:\/\/api.w.org\/{rel}","templated":true}]}}