{"id":20037,"date":"2023-08-10T14:09:52","date_gmt":"2023-08-10T12:09:52","guid":{"rendered":"https:\/\/www.fk.mk\/?page_id=20037"},"modified":"2023-08-10T14:09:52","modified_gmt":"2023-08-10T12:09:52","slug":"te-dhena-per-personin-zyrtar-ose-personin-pergjegjes-per-mbajtesin-e-informacionit","status":"publish","type":"page","link":"https:\/\/fk.mk\/sq\/te-dhena-per-personin-zyrtar-ose-personin-pergjegjes-per-mbajtesin-e-informacionit\/","title":{"rendered":"T\u00eb dh\u00ebna p\u00ebr personin zyrtar ose personin p\u00ebrgjegj\u00ebs p\u00ebr mbajt\u00ebsin e informacionit"},"content":{"rendered":"<p>[vc_row][vc_column][vc_column_text]Dipl. farmaci. spec. Vesna Stavrova,<\/p>\n<p>Kryetar i Od\u00ebs Farmaceutike t\u00eb Republik\u00ebs s\u00eb Maqedonis\u00eb s\u00eb Veriut<\/p>\n<p>vesna.stavrova@FK.MK[\/vc_column_text][\/vc_column][\/vc_row]<\/p>\n","protected":false},"excerpt":{"rendered":"<p>[vc_row][vc_column][vc_column_text]Dipl. farmaci. spec. Vesna Stavrova, Kryetar i Od\u00ebs Farmaceutike t\u00eb Republik\u00ebs s\u00eb Maqedonis\u00eb s\u00eb Veriut vesna.stavrova@FK.MK[\/vc_column_text][\/vc_column][\/vc_row]<\/p>\n","protected":false},"author":1,"featured_media":0,"parent":0,"menu_order":0,"comment_status":"closed","ping_status":"closed","template":"","meta":{"jnews_page_loop":[],"jnews_single_page":[],"jnews_social_meta":[],"footnotes":""},"class_list":["post-20037","page","type-page","status-publish","hentry"],"yoast_head":"<!-- This site is optimized with the Yoast SEO plugin v27.2 - https:\/\/yoast.com\/product\/yoast-seo-wordpress\/ -->\n<title>T\u00eb dh\u00ebna p\u00ebr personin zyrtar ose personin p\u00ebrgjegj\u00ebs p\u00ebr mbajt\u00ebsin e informacionit - Od\u00ebn Farmaceutike t\u00eb Maqedonis\u00eb<\/title>\n<meta name=\"robots\" content=\"index, follow, max-snippet:-1, max-image-preview:large, max-video-preview:-1\" \/>\n<link rel=\"canonical\" href=\"https:\/\/fk.mk\/sq\/te-dhena-per-personin-zyrtar-ose-personin-pergjegjes-per-mbajtesin-e-informacionit\/\" \/>\n<meta property=\"og:locale\" content=\"en_US\" \/>\n<meta property=\"og:type\" content=\"article\" \/>\n<meta property=\"og:title\" content=\"T\u00eb dh\u00ebna p\u00ebr personin zyrtar ose personin p\u00ebrgjegj\u00ebs p\u00ebr mbajt\u00ebsin e informacionit - Od\u00ebn Farmaceutike t\u00eb Maqedonis\u00eb\" \/>\n<meta property=\"og:description\" content=\"[vc_row][vc_column][vc_column_text]Dipl. farmaci. spec. Vesna Stavrova, Kryetar i Od\u00ebs Farmaceutike t\u00eb Republik\u00ebs s\u00eb Maqedonis\u00eb s\u00eb Veriut vesna.stavrova@FK.MK[\/vc_column_text][\/vc_column][\/vc_row]\" \/>\n<meta property=\"og:url\" content=\"https:\/\/fk.mk\/sq\/te-dhena-per-personin-zyrtar-ose-personin-pergjegjes-per-mbajtesin-e-informacionit\/\" \/>\n<meta property=\"og:site_name\" content=\"Od\u00ebn Farmaceutike t\u00eb Maqedonis\u00eb\" \/>\n<meta name=\"twitter:card\" content=\"summary_large_image\" \/>\n<script type=\"application\/ld+json\" class=\"yoast-schema-graph\">{\"@context\":\"https:\/\/schema.org\",\"@graph\":[{\"@type\":\"WebPage\",\"@id\":\"https:\/\/fk.mk\/sq\/te-dhena-per-personin-zyrtar-ose-personin-pergjegjes-per-mbajtesin-e-informacionit\/\",\"url\":\"https:\/\/fk.mk\/sq\/te-dhena-per-personin-zyrtar-ose-personin-pergjegjes-per-mbajtesin-e-informacionit\/\",\"name\":\"T\u00eb dh\u00ebna p\u00ebr personin zyrtar ose personin p\u00ebrgjegj\u00ebs p\u00ebr mbajt\u00ebsin e informacionit - Od\u00ebn Farmaceutike t\u00eb Maqedonis\u00eb\",\"isPartOf\":{\"@id\":\"https:\/\/fk.mk\/sq\/#website\"},\"datePublished\":\"2023-08-10T12:09:52+00:00\",\"breadcrumb\":{\"@id\":\"https:\/\/fk.mk\/sq\/te-dhena-per-personin-zyrtar-ose-personin-pergjegjes-per-mbajtesin-e-informacionit\/#breadcrumb\"},\"inLanguage\":\"en-US\",\"potentialAction\":[{\"@type\":\"ReadAction\",\"target\":[\"https:\/\/fk.mk\/sq\/te-dhena-per-personin-zyrtar-ose-personin-pergjegjes-per-mbajtesin-e-informacionit\/\"]}]},{\"@type\":\"BreadcrumbList\",\"@id\":\"https:\/\/fk.mk\/sq\/te-dhena-per-personin-zyrtar-ose-personin-pergjegjes-per-mbajtesin-e-informacionit\/#breadcrumb\",\"itemListElement\":[{\"@type\":\"ListItem\",\"position\":1,\"name\":\"Home\",\"item\":\"https:\/\/fk.mk\/sq\/\"},{\"@type\":\"ListItem\",\"position\":2,\"name\":\"T\u00eb dh\u00ebna p\u00ebr personin zyrtar ose personin p\u00ebrgjegj\u00ebs p\u00ebr mbajt\u00ebsin e informacionit\"}]},{\"@type\":\"WebSite\",\"@id\":\"https:\/\/fk.mk\/sq\/#website\",\"url\":\"https:\/\/fk.mk\/sq\/\",\"name\":\"Od\u00ebn Farmaceutike t\u00eb Maqedonis\u00eb\",\"description\":\"\u0424\u0430\u0440\u043c\u0430\u0446\u0435\u0432\u0442\u0441\u043a\u0430 \u041a\u043e\u043c\u043e\u0440\u0430 \u043d\u0430 \u0420\u0435\u043f\u0443\u0431\u043b\u0438\u043a\u0430 \u0421\u0435\u0432\u0435\u0440\u043d\u0430 \u041c\u0430\u043a\u0435\u0434\u043e\u043d\u0438\u0458\u0430\",\"potentialAction\":[{\"@type\":\"SearchAction\",\"target\":{\"@type\":\"EntryPoint\",\"urlTemplate\":\"https:\/\/fk.mk\/sq\/?s={search_term_string}\"},\"query-input\":{\"@type\":\"PropertyValueSpecification\",\"valueRequired\":true,\"valueName\":\"search_term_string\"}}],\"inLanguage\":\"en-US\"}]}<\/script>\n<!-- \/ Yoast SEO plugin. -->","yoast_head_json":{"title":"T\u00eb dh\u00ebna p\u00ebr personin zyrtar ose personin p\u00ebrgjegj\u00ebs p\u00ebr mbajt\u00ebsin e informacionit - Od\u00ebn Farmaceutike t\u00eb Maqedonis\u00eb","robots":{"index":"index","follow":"follow","max-snippet":"max-snippet:-1","max-image-preview":"max-image-preview:large","max-video-preview":"max-video-preview:-1"},"canonical":"https:\/\/fk.mk\/sq\/te-dhena-per-personin-zyrtar-ose-personin-pergjegjes-per-mbajtesin-e-informacionit\/","og_locale":"en_US","og_type":"article","og_title":"T\u00eb dh\u00ebna p\u00ebr personin zyrtar ose personin p\u00ebrgjegj\u00ebs p\u00ebr mbajt\u00ebsin e informacionit - Od\u00ebn Farmaceutike t\u00eb Maqedonis\u00eb","og_description":"[vc_row][vc_column][vc_column_text]Dipl. farmaci. spec. Vesna Stavrova, Kryetar i Od\u00ebs Farmaceutike t\u00eb Republik\u00ebs s\u00eb Maqedonis\u00eb s\u00eb Veriut vesna.stavrova@FK.MK[\/vc_column_text][\/vc_column][\/vc_row]","og_url":"https:\/\/fk.mk\/sq\/te-dhena-per-personin-zyrtar-ose-personin-pergjegjes-per-mbajtesin-e-informacionit\/","og_site_name":"Od\u00ebn Farmaceutike t\u00eb Maqedonis\u00eb","twitter_card":"summary_large_image","schema":{"@context":"https:\/\/schema.org","@graph":[{"@type":"WebPage","@id":"https:\/\/fk.mk\/sq\/te-dhena-per-personin-zyrtar-ose-personin-pergjegjes-per-mbajtesin-e-informacionit\/","url":"https:\/\/fk.mk\/sq\/te-dhena-per-personin-zyrtar-ose-personin-pergjegjes-per-mbajtesin-e-informacionit\/","name":"T\u00eb dh\u00ebna p\u00ebr personin zyrtar ose personin p\u00ebrgjegj\u00ebs p\u00ebr mbajt\u00ebsin e informacionit - Od\u00ebn Farmaceutike t\u00eb Maqedonis\u00eb","isPartOf":{"@id":"https:\/\/fk.mk\/sq\/#website"},"datePublished":"2023-08-10T12:09:52+00:00","breadcrumb":{"@id":"https:\/\/fk.mk\/sq\/te-dhena-per-personin-zyrtar-ose-personin-pergjegjes-per-mbajtesin-e-informacionit\/#breadcrumb"},"inLanguage":"en-US","potentialAction":[{"@type":"ReadAction","target":["https:\/\/fk.mk\/sq\/te-dhena-per-personin-zyrtar-ose-personin-pergjegjes-per-mbajtesin-e-informacionit\/"]}]},{"@type":"BreadcrumbList","@id":"https:\/\/fk.mk\/sq\/te-dhena-per-personin-zyrtar-ose-personin-pergjegjes-per-mbajtesin-e-informacionit\/#breadcrumb","itemListElement":[{"@type":"ListItem","position":1,"name":"Home","item":"https:\/\/fk.mk\/sq\/"},{"@type":"ListItem","position":2,"name":"T\u00eb dh\u00ebna p\u00ebr personin zyrtar ose personin p\u00ebrgjegj\u00ebs p\u00ebr mbajt\u00ebsin e informacionit"}]},{"@type":"WebSite","@id":"https:\/\/fk.mk\/sq\/#website","url":"https:\/\/fk.mk\/sq\/","name":"Od\u00ebn Farmaceutike t\u00eb Maqedonis\u00eb","description":"\u0424\u0430\u0440\u043c\u0430\u0446\u0435\u0432\u0442\u0441\u043a\u0430 \u041a\u043e\u043c\u043e\u0440\u0430 \u043d\u0430 \u0420\u0435\u043f\u0443\u0431\u043b\u0438\u043a\u0430 \u0421\u0435\u0432\u0435\u0440\u043d\u0430 \u041c\u0430\u043a\u0435\u0434\u043e\u043d\u0438\u0458\u0430","potentialAction":[{"@type":"SearchAction","target":{"@type":"EntryPoint","urlTemplate":"https:\/\/fk.mk\/sq\/?s={search_term_string}"},"query-input":{"@type":"PropertyValueSpecification","valueRequired":true,"valueName":"search_term_string"}}],"inLanguage":"en-US"}]}},"_links":{"self":[{"href":"https:\/\/fk.mk\/sq\/wp-json\/wp\/v2\/pages\/20037","targetHints":{"allow":["GET"]}}],"collection":[{"href":"https:\/\/fk.mk\/sq\/wp-json\/wp\/v2\/pages"}],"about":[{"href":"https:\/\/fk.mk\/sq\/wp-json\/wp\/v2\/types\/page"}],"author":[{"embeddable":true,"href":"https:\/\/fk.mk\/sq\/wp-json\/wp\/v2\/users\/1"}],"replies":[{"embeddable":true,"href":"https:\/\/fk.mk\/sq\/wp-json\/wp\/v2\/comments?post=20037"}],"version-history":[{"count":0,"href":"https:\/\/fk.mk\/sq\/wp-json\/wp\/v2\/pages\/20037\/revisions"}],"wp:attachment":[{"href":"https:\/\/fk.mk\/sq\/wp-json\/wp\/v2\/media?parent=20037"}],"curies":[{"name":"wp","href":"https:\/\/api.w.org\/{rel}","templated":true}]}}