{"id":18788,"date":"2016-05-19T09:44:07","date_gmt":"2016-05-19T07:44:07","guid":{"rendered":"https:\/\/www.fk.mk\/mbikqyrje-profesionale\/%d0%b4%d0%be%d0%ba%d1%83%d0%bc%d0%b5%d0%bd%d1%82%d0%b8\/"},"modified":"2025-09-03T22:25:23","modified_gmt":"2025-09-03T20:25:23","slug":"dokumente","status":"publish","type":"page","link":"https:\/\/fk.mk\/sq\/mbikqyrje-profesionale\/dokumente\/","title":{"rendered":"Dokumente"},"content":{"rendered":"<p>&nbsp;<\/p>\n<h4><a href=\"https:\/\/www.fk.mk\/wp-content\/uploads\/sites\/3\/2023\/05\/Pravilnik-za-strucen-nadzor_sq-AL.pdf\">RREGULLORE P\u00cbR MBIK\u00cbQYRJEN PROFESIONALE<\/a><\/h4>\n<h4><a href=\"https:\/\/fk.mk\/sq\/wp-content\/uploads\/sites\/3\/2025\/09\/LISTA-E-TREGUESVE-PER-PUNEN-E-INSTITUCIONEVE-SHENDETESORE.pdf\" target=\"_blank\" rel=\"noopener\">LISTA E TREGUESVE P\u00cbR PUN\u00cbN E INSTITUCIONEVE SH\u00cbNDET\u00cbSORE<\/a><\/h4>\n<h4><a href=\"https:\/\/fk.mk\/sq\/wp-content\/uploads\/sites\/3\/2025\/09\/LISTA-E-TREGUESVE-PER-SJELLJEN-E-MBIKEQYRJES-PROFESIONALE.pdf\" target=\"_blank\" rel=\"noopener\">LISTA E TREGUESVE P\u00cbR SJELLJEN E MBIK\u00cbQYRJES PROFESIONALE<\/a><\/h4>\n<p>&nbsp;<\/p>\n","protected":false},"excerpt":{"rendered":"<p>&nbsp; RREGULLORE P\u00cbR MBIK\u00cbQYRJEN PROFESIONALE LISTA E TREGUESVE P\u00cbR PUN\u00cbN E INSTITUCIONEVE SH\u00cbNDET\u00cbSORE LISTA E TREGUESVE P\u00cbR SJELLJEN E MBIK\u00cbQYRJES PROFESIONALE &nbsp;<\/p>\n","protected":false},"author":1,"featured_media":0,"parent":18785,"menu_order":1,"comment_status":"closed","ping_status":"closed","template":"","meta":{"jnews_page_loop":{"first_title":"Latest Post","header_type":"heading_6","layout":"right-sidebar","sidebar":"default-sidebar","second_sidebar":"default-sidebar","sticky_sidebar":"1","module":"3","main_custom_image_size":"default","second_custom_image_size":"default","excerpt_length":"20","content_date":"default","date_custom":"Y\/m\/d","content_pagination":"nav_1","pagination_align":"center","post_sticky":"0","post_offset":"0","posts_per_page":"5","sort_by":"latest"},"jnews_single_page":{"layout":"no-sidebar","sidebar":"default-sidebar","second_sidebar":"default-sidebar","sticky_sidebar":"1","show_post_title":"1","show_post_breadcrumbs":"1","show_post_featured":"1","share_position":"top","share_color":"share-monocrhome"},"jnews_social_meta":[],"footnotes":""},"class_list":["post-18788","page","type-page","status-publish","hentry"],"yoast_head":"<!-- This site is optimized with the Yoast SEO plugin v27.4 - https:\/\/yoast.com\/product\/yoast-seo-wordpress\/ -->\n<title>Dokumente - Od\u00ebn Farmaceutike t\u00eb Maqedonis\u00eb<\/title>\n<meta name=\"description\" content=\"\u0414\u043e\u043a\u0443\u043c\u0435\u043d\u0442\u0438 \u0438 \u043f\u0440\u0430\u0432\u0438\u043b\u043d\u0438\u0446\u0438 \u043f\u043e\u0432\u0440\u0437\u0430\u043d\u0438 \u0441\u043e \u0441\u0442\u0440\u0443\u0447\u043d\u043e \u0443\u0441\u043e\u0432\u0440\u0448\u0443\u0432\u0430\u045a\u0435 \u043e\u0434 \u0424\u0430\u0440\u043c\u0430\u0446\u0435\u0432\u0442\u0441\u043a\u0430\u0442\u0430 \u043a\u043e\u043c\u043e\u0440\u0430 \u043d\u0430 \u0420\u0435\u043f\u0443\u0431\u043b\u0438\u043a\u0430 \u041c\u0430\u043a\u0435\u0434\u043e\u043d\u0438\u0458\u0430.*\" \/>\n<meta name=\"robots\" content=\"index, follow, max-snippet:-1, max-image-preview:large, max-video-preview:-1\" \/>\n<link rel=\"canonical\" href=\"https:\/\/fk.mk\/sq\/mbikqyrje-profesionale\/dokumente\/\" \/>\n<meta property=\"og:locale\" content=\"en_US\" \/>\n<meta property=\"og:type\" content=\"article\" \/>\n<meta property=\"og:title\" content=\"Dokumente - Od\u00ebn Farmaceutike t\u00eb Maqedonis\u00eb\" \/>\n<meta property=\"og:description\" content=\"\u0414\u043e\u043a\u0443\u043c\u0435\u043d\u0442\u0438 \u0438 \u043f\u0440\u0430\u0432\u0438\u043b\u043d\u0438\u0446\u0438 \u043f\u043e\u0432\u0440\u0437\u0430\u043d\u0438 \u0441\u043e \u0441\u0442\u0440\u0443\u0447\u043d\u043e \u0443\u0441\u043e\u0432\u0440\u0448\u0443\u0432\u0430\u045a\u0435 \u043e\u0434 \u0424\u0430\u0440\u043c\u0430\u0446\u0435\u0432\u0442\u0441\u043a\u0430\u0442\u0430 \u043a\u043e\u043c\u043e\u0440\u0430 \u043d\u0430 \u0420\u0435\u043f\u0443\u0431\u043b\u0438\u043a\u0430 \u041c\u0430\u043a\u0435\u0434\u043e\u043d\u0438\u0458\u0430.*\" \/>\n<meta property=\"og:url\" content=\"https:\/\/fk.mk\/sq\/mbikqyrje-profesionale\/dokumente\/\" \/>\n<meta property=\"og:site_name\" content=\"Od\u00ebn Farmaceutike t\u00eb Maqedonis\u00eb\" \/>\n<meta property=\"article:modified_time\" content=\"2025-09-03T20:25:23+00:00\" \/>\n<meta name=\"twitter:card\" content=\"summary_large_image\" \/>\n<script type=\"application\/ld+json\" class=\"yoast-schema-graph\">{\"@context\":\"https:\\\/\\\/schema.org\",\"@graph\":[{\"@type\":\"WebPage\",\"@id\":\"https:\\\/\\\/fk.mk\\\/sq\\\/mbikqyrje-profesionale\\\/dokumente\\\/\",\"url\":\"https:\\\/\\\/fk.mk\\\/sq\\\/mbikqyrje-profesionale\\\/dokumente\\\/\",\"name\":\"Dokumente - Od\u00ebn Farmaceutike t\u00eb Maqedonis\u00eb\",\"isPartOf\":{\"@id\":\"https:\\\/\\\/fk.mk\\\/sq\\\/#website\"},\"datePublished\":\"2016-05-19T07:44:07+00:00\",\"dateModified\":\"2025-09-03T20:25:23+00:00\",\"description\":\"\u0414\u043e\u043a\u0443\u043c\u0435\u043d\u0442\u0438 \u0438 \u043f\u0440\u0430\u0432\u0438\u043b\u043d\u0438\u0446\u0438 \u043f\u043e\u0432\u0440\u0437\u0430\u043d\u0438 \u0441\u043e \u0441\u0442\u0440\u0443\u0447\u043d\u043e \u0443\u0441\u043e\u0432\u0440\u0448\u0443\u0432\u0430\u045a\u0435 \u043e\u0434 \u0424\u0430\u0440\u043c\u0430\u0446\u0435\u0432\u0442\u0441\u043a\u0430\u0442\u0430 \u043a\u043e\u043c\u043e\u0440\u0430 \u043d\u0430 \u0420\u0435\u043f\u0443\u0431\u043b\u0438\u043a\u0430 \u041c\u0430\u043a\u0435\u0434\u043e\u043d\u0438\u0458\u0430.*\",\"breadcrumb\":{\"@id\":\"https:\\\/\\\/fk.mk\\\/sq\\\/mbikqyrje-profesionale\\\/dokumente\\\/#breadcrumb\"},\"inLanguage\":\"en-US\",\"potentialAction\":[{\"@type\":\"ReadAction\",\"target\":[\"https:\\\/\\\/fk.mk\\\/sq\\\/mbikqyrje-profesionale\\\/dokumente\\\/\"]}]},{\"@type\":\"BreadcrumbList\",\"@id\":\"https:\\\/\\\/fk.mk\\\/sq\\\/mbikqyrje-profesionale\\\/dokumente\\\/#breadcrumb\",\"itemListElement\":[{\"@type\":\"ListItem\",\"position\":1,\"name\":\"Home\",\"item\":\"https:\\\/\\\/fk.mk\\\/sq\\\/\"},{\"@type\":\"ListItem\",\"position\":2,\"name\":\"Mbikqyrje profesionale\",\"item\":\"https:\\\/\\\/fk.mk\\\/sq\\\/mbikqyrje-profesionale\\\/\"},{\"@type\":\"ListItem\",\"position\":3,\"name\":\"Dokumente\"}]},{\"@type\":\"WebSite\",\"@id\":\"https:\\\/\\\/fk.mk\\\/sq\\\/#website\",\"url\":\"https:\\\/\\\/fk.mk\\\/sq\\\/\",\"name\":\"Od\u00ebn Farmaceutike t\u00eb Maqedonis\u00eb\",\"description\":\"\u0424\u0430\u0440\u043c\u0430\u0446\u0435\u0432\u0442\u0441\u043a\u0430 \u041a\u043e\u043c\u043e\u0440\u0430 \u043d\u0430 \u0420\u0435\u043f\u0443\u0431\u043b\u0438\u043a\u0430 \u0421\u0435\u0432\u0435\u0440\u043d\u0430 \u041c\u0430\u043a\u0435\u0434\u043e\u043d\u0438\u0458\u0430\",\"potentialAction\":[{\"@type\":\"SearchAction\",\"target\":{\"@type\":\"EntryPoint\",\"urlTemplate\":\"https:\\\/\\\/fk.mk\\\/sq\\\/?s={search_term_string}\"},\"query-input\":{\"@type\":\"PropertyValueSpecification\",\"valueRequired\":true,\"valueName\":\"search_term_string\"}}],\"inLanguage\":\"en-US\"}]}<\/script>\n<!-- \/ Yoast SEO plugin. -->","yoast_head_json":{"title":"Dokumente - Od\u00ebn Farmaceutike t\u00eb Maqedonis\u00eb","description":"\u0414\u043e\u043a\u0443\u043c\u0435\u043d\u0442\u0438 \u0438 \u043f\u0440\u0430\u0432\u0438\u043b\u043d\u0438\u0446\u0438 \u043f\u043e\u0432\u0440\u0437\u0430\u043d\u0438 \u0441\u043e \u0441\u0442\u0440\u0443\u0447\u043d\u043e \u0443\u0441\u043e\u0432\u0440\u0448\u0443\u0432\u0430\u045a\u0435 \u043e\u0434 \u0424\u0430\u0440\u043c\u0430\u0446\u0435\u0432\u0442\u0441\u043a\u0430\u0442\u0430 \u043a\u043e\u043c\u043e\u0440\u0430 \u043d\u0430 \u0420\u0435\u043f\u0443\u0431\u043b\u0438\u043a\u0430 \u041c\u0430\u043a\u0435\u0434\u043e\u043d\u0438\u0458\u0430.*","robots":{"index":"index","follow":"follow","max-snippet":"max-snippet:-1","max-image-preview":"max-image-preview:large","max-video-preview":"max-video-preview:-1"},"canonical":"https:\/\/fk.mk\/sq\/mbikqyrje-profesionale\/dokumente\/","og_locale":"en_US","og_type":"article","og_title":"Dokumente - Od\u00ebn Farmaceutike t\u00eb Maqedonis\u00eb","og_description":"\u0414\u043e\u043a\u0443\u043c\u0435\u043d\u0442\u0438 \u0438 \u043f\u0440\u0430\u0432\u0438\u043b\u043d\u0438\u0446\u0438 \u043f\u043e\u0432\u0440\u0437\u0430\u043d\u0438 \u0441\u043e \u0441\u0442\u0440\u0443\u0447\u043d\u043e \u0443\u0441\u043e\u0432\u0440\u0448\u0443\u0432\u0430\u045a\u0435 \u043e\u0434 \u0424\u0430\u0440\u043c\u0430\u0446\u0435\u0432\u0442\u0441\u043a\u0430\u0442\u0430 \u043a\u043e\u043c\u043e\u0440\u0430 \u043d\u0430 \u0420\u0435\u043f\u0443\u0431\u043b\u0438\u043a\u0430 \u041c\u0430\u043a\u0435\u0434\u043e\u043d\u0438\u0458\u0430.*","og_url":"https:\/\/fk.mk\/sq\/mbikqyrje-profesionale\/dokumente\/","og_site_name":"Od\u00ebn Farmaceutike t\u00eb Maqedonis\u00eb","article_modified_time":"2025-09-03T20:25:23+00:00","twitter_card":"summary_large_image","schema":{"@context":"https:\/\/schema.org","@graph":[{"@type":"WebPage","@id":"https:\/\/fk.mk\/sq\/mbikqyrje-profesionale\/dokumente\/","url":"https:\/\/fk.mk\/sq\/mbikqyrje-profesionale\/dokumente\/","name":"Dokumente - Od\u00ebn Farmaceutike t\u00eb Maqedonis\u00eb","isPartOf":{"@id":"https:\/\/fk.mk\/sq\/#website"},"datePublished":"2016-05-19T07:44:07+00:00","dateModified":"2025-09-03T20:25:23+00:00","description":"\u0414\u043e\u043a\u0443\u043c\u0435\u043d\u0442\u0438 \u0438 \u043f\u0440\u0430\u0432\u0438\u043b\u043d\u0438\u0446\u0438 \u043f\u043e\u0432\u0440\u0437\u0430\u043d\u0438 \u0441\u043e \u0441\u0442\u0440\u0443\u0447\u043d\u043e \u0443\u0441\u043e\u0432\u0440\u0448\u0443\u0432\u0430\u045a\u0435 \u043e\u0434 \u0424\u0430\u0440\u043c\u0430\u0446\u0435\u0432\u0442\u0441\u043a\u0430\u0442\u0430 \u043a\u043e\u043c\u043e\u0440\u0430 \u043d\u0430 \u0420\u0435\u043f\u0443\u0431\u043b\u0438\u043a\u0430 \u041c\u0430\u043a\u0435\u0434\u043e\u043d\u0438\u0458\u0430.*","breadcrumb":{"@id":"https:\/\/fk.mk\/sq\/mbikqyrje-profesionale\/dokumente\/#breadcrumb"},"inLanguage":"en-US","potentialAction":[{"@type":"ReadAction","target":["https:\/\/fk.mk\/sq\/mbikqyrje-profesionale\/dokumente\/"]}]},{"@type":"BreadcrumbList","@id":"https:\/\/fk.mk\/sq\/mbikqyrje-profesionale\/dokumente\/#breadcrumb","itemListElement":[{"@type":"ListItem","position":1,"name":"Home","item":"https:\/\/fk.mk\/sq\/"},{"@type":"ListItem","position":2,"name":"Mbikqyrje profesionale","item":"https:\/\/fk.mk\/sq\/mbikqyrje-profesionale\/"},{"@type":"ListItem","position":3,"name":"Dokumente"}]},{"@type":"WebSite","@id":"https:\/\/fk.mk\/sq\/#website","url":"https:\/\/fk.mk\/sq\/","name":"Od\u00ebn Farmaceutike t\u00eb Maqedonis\u00eb","description":"\u0424\u0430\u0440\u043c\u0430\u0446\u0435\u0432\u0442\u0441\u043a\u0430 \u041a\u043e\u043c\u043e\u0440\u0430 \u043d\u0430 \u0420\u0435\u043f\u0443\u0431\u043b\u0438\u043a\u0430 \u0421\u0435\u0432\u0435\u0440\u043d\u0430 \u041c\u0430\u043a\u0435\u0434\u043e\u043d\u0438\u0458\u0430","potentialAction":[{"@type":"SearchAction","target":{"@type":"EntryPoint","urlTemplate":"https:\/\/fk.mk\/sq\/?s={search_term_string}"},"query-input":{"@type":"PropertyValueSpecification","valueRequired":true,"valueName":"search_term_string"}}],"inLanguage":"en-US"}]}},"_links":{"self":[{"href":"https:\/\/fk.mk\/sq\/wp-json\/wp\/v2\/pages\/18788","targetHints":{"allow":["GET"]}}],"collection":[{"href":"https:\/\/fk.mk\/sq\/wp-json\/wp\/v2\/pages"}],"about":[{"href":"https:\/\/fk.mk\/sq\/wp-json\/wp\/v2\/types\/page"}],"author":[{"embeddable":true,"href":"https:\/\/fk.mk\/sq\/wp-json\/wp\/v2\/users\/1"}],"replies":[{"embeddable":true,"href":"https:\/\/fk.mk\/sq\/wp-json\/wp\/v2\/comments?post=18788"}],"version-history":[{"count":3,"href":"https:\/\/fk.mk\/sq\/wp-json\/wp\/v2\/pages\/18788\/revisions"}],"predecessor-version":[{"id":24673,"href":"https:\/\/fk.mk\/sq\/wp-json\/wp\/v2\/pages\/18788\/revisions\/24673"}],"up":[{"embeddable":true,"href":"https:\/\/fk.mk\/sq\/wp-json\/wp\/v2\/pages\/18785"}],"wp:attachment":[{"href":"https:\/\/fk.mk\/sq\/wp-json\/wp\/v2\/media?parent=18788"}],"curies":[{"name":"wp","href":"https:\/\/api.w.org\/{rel}","templated":true}]}}