{"id":18785,"date":"2016-04-19T13:30:10","date_gmt":"2016-04-19T11:30:10","guid":{"rendered":"https:\/\/www.fk.mk\/%d1%81%d1%82%d1%80%d1%83%d1%87%d0%b5%d0%bd-%d0%bd%d0%b0%d0%b4%d0%b7%d0%be%d1%80\/"},"modified":"2016-04-19T13:30:10","modified_gmt":"2016-04-19T11:30:10","slug":"mbikqyrje-profesionale","status":"publish","type":"page","link":"https:\/\/fk.mk\/sq\/mbikqyrje-profesionale\/","title":{"rendered":"Mbikqyrje profesionale"},"content":{"rendered":"<p>[vc_row][vc_column][vc_column_text css=&#8221;.vc_custom_1666253531466{padding-bottom: 10px !important;padding-left: 13px !important;}&#8221;]<\/p>\n<p style=\"text-align: justify\">Mbik\u00ebqyrja profesionale mbi pun\u00ebn e institucioneve sh\u00ebndet\u00ebsore dhe pun\u00ebtor\u00ebve sh\u00ebndet\u00ebsor\u00eb \u00ebsht\u00eb autorizim publik, t\u00eb cilin Oda Farmaceutike e Maqedonis\u00eb e ka fituar me miratimin e Ligjit p\u00ebr kujdesin sh\u00ebndet\u00ebsor n\u00eb vitin 2012 (Gazeta Zyrtare e Republik\u00ebs s\u00eb Maqedonis\u00eb 43\/2012). Mbikqyrja profesionale kryhet me q\u00ebllim t\u00eb kontrollit mbi pun\u00ebn profesionale, zbatimin e udh\u00ebzimeve profesionale, vler\u00ebsimin e pun\u00ebs profesionale, si dhe vler\u00ebsimin e kushteve dhe m\u00ebnyr\u00ebs s\u00eb ofrimit t\u00eb kujdesit sh\u00ebndet\u00ebsor.<\/p>\n<p style=\"text-align: justify\">Mbikqyrja mund t\u00eb jet\u00eb e rregullt ose e jasht\u00ebzakonshme. Mbik\u00ebqyrja e rregullt kryhet sipas nj\u00eb plani vjetor t\u00eb p\u00ebrcaktuar m\u00eb par\u00eb. Mbikqyrja e jasht\u00ebzakonshme profesionale kryhet me rastin e raportit p\u00ebr pun\u00ebn e institucionit sh\u00ebndet\u00ebsor, p\u00ebrkat\u00ebsisht p\u00ebr pun\u00ebn e barnave n\u00eb kryerjen e veprimtaris\u00eb farmaceutike sh\u00ebndet\u00ebsore. Aplikimi mund t\u00eb dor\u00ebzohet nga pacienti, nj\u00eb an\u00ebtar i familjes s\u00eb tij dhe nga organi shtet\u00ebror. Mbikqyrja profesionale kryhet nga praktikant\u00eb q\u00eb jan\u00eb farmacist\u00eb q\u00eb plot\u00ebsojn\u00eb kritere t\u00eb p\u00ebrcaktuara.<\/p>\n<p style=\"text-align: justify\">Gjat\u00eb mbik\u00ebqyrjes profesionale kontrollohet organizimi i pun\u00ebs s\u00eb institucionit sh\u00ebndet\u00ebsor, m\u00ebnyra e funksionimit t\u00eb institucionit sh\u00ebndet\u00ebsor, kualifikimi profesional i farmacist\u00ebve, p\u00ebrshkrimi i pun\u00ebs, t\u00eb drejtat dhe detyrimet e farmacist\u00ebve, puna profesionale e farmacist\u00ebve, edukimin e tyre n\u00eb vazhdim\u00ebsi, menaxhimin e librave zyrtar\u00eb dhe zbatimin e rregulloreve ligjore dhe udh\u00ebzimeve profesionale. Me q\u00ebllim t\u00eb kryerjes objektive, efikase dhe cil\u00ebsore t\u00eb mbik\u00ebqyrjes profesionale, pa ndikim subjektiv t\u00eb ekzekutuesve, p\u00ebrdoret Lista e treguesve gjat\u00eb zbatimit t\u00eb saj. Pas p\u00ebrfundimit t\u00eb mbik\u00ebqyrjes eksperte, p\u00ebrmbaruesit p\u00ebrpilojn\u00eb nj\u00eb raport t\u00eb cilin ia dor\u00ebzojn\u00eb Komisionit n\u00eb Od\u00eb p\u00ebrgjegj\u00ebse p\u00ebr mbik\u00ebqyrjen e ekspert\u00ebve. Komisioni m\u00eb tej dor\u00ebzon raport n\u00eb Ministrin\u00eb e Sh\u00ebndet\u00ebsis\u00eb.<\/p>\n<p style=\"text-align: justify\">N\u00ebse zbatuesit konstatojn\u00eb parregullsi n\u00eb pun\u00eb, jan\u00eb t\u00eb detyruar t\u00eb japin udh\u00ebzime p\u00ebr heqjen e parregullsis\u00eb. Gjithashtu ata jan\u00eb t\u00eb detyruar t\u00eb japin udh\u00ebzime p\u00ebr p\u00ebrmir\u00ebsimin e pun\u00ebs n\u00eb t\u00ebr\u00ebsi. N\u00ebse farmacist\u00ebt dhe objekti sh\u00ebndet\u00ebsor nuk i zbatojn\u00eb udh\u00ebzimet brenda afatit t\u00eb caktuar nga p\u00ebrmbaruesit, at\u00ebher\u00eb Komisioni njofton organet kompetente shtet\u00ebrore, organet dhe trupat e Od\u00ebs.<\/p>\n<h4 style=\"text-align: justify\"><\/h4>\n<p>&nbsp;<\/p>\n<p>&nbsp;<\/p>\n<p>&nbsp;<\/p>\n<p>[\/vc_column_text][\/vc_column][\/vc_row]<\/p>\n","protected":false},"excerpt":{"rendered":"<p>[vc_row][vc_column][vc_column_text css=&#8221;.vc_custom_1666253531466{padding-bottom: 10px !important;padding-left: 13px !important;}&#8221;] Mbik\u00ebqyrja profesionale mbi pun\u00ebn e institucioneve sh\u00ebndet\u00ebsore dhe pun\u00ebtor\u00ebve sh\u00ebndet\u00ebsor\u00eb \u00ebsht\u00eb autorizim publik, t\u00eb cilin Oda Farmaceutike e Maqedonis\u00eb e ka fituar me miratimin e Ligjit p\u00ebr kujdesin sh\u00ebndet\u00ebsor n\u00eb vitin 2012 (Gazeta Zyrtare e Republik\u00ebs s\u00eb Maqedonis\u00eb 43\/2012). Mbikqyrja profesionale kryhet me q\u00ebllim t\u00eb kontrollit mbi pun\u00ebn profesionale, [&hellip;]<\/p>\n","protected":false},"author":1,"featured_media":0,"parent":0,"menu_order":0,"comment_status":"closed","ping_status":"closed","template":"","meta":{"jnews_page_loop":[],"jnews_single_page":[],"jnews_social_meta":[],"footnotes":""},"class_list":["post-18785","page","type-page","status-publish","hentry"],"yoast_head":"<!-- This site is optimized with the Yoast SEO plugin v27.4 - https:\/\/yoast.com\/product\/yoast-seo-wordpress\/ -->\n<title>Mbikqyrje profesionale - Od\u00ebn Farmaceutike t\u00eb Maqedonis\u00eb<\/title>\n<meta name=\"description\" content=\"\u0421\u0442\u0440\u0443\u0447\u0435\u043d \u043d\u0430\u0434\u0437\u043e\u0440 \u043d\u0430\u0434 \u0440\u0430\u0431\u043e\u0442\u0430\u0442\u0430 \u043d\u0430 \u0437\u0434\u0440\u0430\u0432\u0441\u0442\u0432\u0435\u043d\u0438\u0442\u0435 \u0443\u0441\u0442\u0430\u043d\u043e\u0432\u0438 \u0438 \u0437\u0434\u0440\u0430\u0432\u0441\u0442\u0432\u0435\u043d\u0438\u0442\u0435 \u0440\u0430\u0431\u043e\u0442\u043d\u0438\u0446\u0438 \u0435 \u0458\u0430\u0432\u043d\u043e \u043e\u0432\u043b\u0430\u0441\u0442\u0443\u0432\u0430\u045a\u0435 \u043d\u0430 \u0424\u0430\u0440\u043c\u0430\u0446\u0435\u0432\u0442\u0441\u043a\u0430 \u043a\u043e\u043c\u043e\u0440\u0430 \u043d\u0430 \u041c\u0430\u043a\u0435\u0434\u043e\u043d\u0438\u0458\u0430. *\" \/>\n<meta name=\"robots\" content=\"index, follow, max-snippet:-1, max-image-preview:large, max-video-preview:-1\" \/>\n<link rel=\"canonical\" href=\"https:\/\/fk.mk\/sq\/mbikqyrje-profesionale\/\" \/>\n<meta property=\"og:locale\" content=\"en_US\" \/>\n<meta property=\"og:type\" content=\"article\" \/>\n<meta property=\"og:title\" content=\"Mbikqyrje profesionale - Od\u00ebn Farmaceutike t\u00eb Maqedonis\u00eb\" \/>\n<meta property=\"og:description\" content=\"\u0421\u0442\u0440\u0443\u0447\u0435\u043d \u043d\u0430\u0434\u0437\u043e\u0440 \u043d\u0430\u0434 \u0440\u0430\u0431\u043e\u0442\u0430\u0442\u0430 \u043d\u0430 \u0437\u0434\u0440\u0430\u0432\u0441\u0442\u0432\u0435\u043d\u0438\u0442\u0435 \u0443\u0441\u0442\u0430\u043d\u043e\u0432\u0438 \u0438 \u0437\u0434\u0440\u0430\u0432\u0441\u0442\u0432\u0435\u043d\u0438\u0442\u0435 \u0440\u0430\u0431\u043e\u0442\u043d\u0438\u0446\u0438 \u0435 \u0458\u0430\u0432\u043d\u043e \u043e\u0432\u043b\u0430\u0441\u0442\u0443\u0432\u0430\u045a\u0435 \u043d\u0430 \u0424\u0430\u0440\u043c\u0430\u0446\u0435\u0432\u0442\u0441\u043a\u0430 \u043a\u043e\u043c\u043e\u0440\u0430 \u043d\u0430 \u041c\u0430\u043a\u0435\u0434\u043e\u043d\u0438\u0458\u0430. *\" \/>\n<meta property=\"og:url\" content=\"https:\/\/fk.mk\/sq\/mbikqyrje-profesionale\/\" \/>\n<meta property=\"og:site_name\" content=\"Od\u00ebn Farmaceutike t\u00eb Maqedonis\u00eb\" \/>\n<meta name=\"twitter:card\" content=\"summary_large_image\" \/>\n<meta name=\"twitter:label1\" content=\"Est. reading time\" \/>\n\t<meta name=\"twitter:data1\" content=\"2 minutes\" \/>\n<script type=\"application\/ld+json\" class=\"yoast-schema-graph\">{\"@context\":\"https:\\\/\\\/schema.org\",\"@graph\":[{\"@type\":\"WebPage\",\"@id\":\"https:\\\/\\\/fk.mk\\\/sq\\\/mbikqyrje-profesionale\\\/\",\"url\":\"https:\\\/\\\/fk.mk\\\/sq\\\/mbikqyrje-profesionale\\\/\",\"name\":\"Mbikqyrje profesionale - Od\u00ebn Farmaceutike t\u00eb Maqedonis\u00eb\",\"isPartOf\":{\"@id\":\"https:\\\/\\\/fk.mk\\\/sq\\\/#website\"},\"datePublished\":\"2016-04-19T11:30:10+00:00\",\"description\":\"\u0421\u0442\u0440\u0443\u0447\u0435\u043d \u043d\u0430\u0434\u0437\u043e\u0440 \u043d\u0430\u0434 \u0440\u0430\u0431\u043e\u0442\u0430\u0442\u0430 \u043d\u0430 \u0437\u0434\u0440\u0430\u0432\u0441\u0442\u0432\u0435\u043d\u0438\u0442\u0435 \u0443\u0441\u0442\u0430\u043d\u043e\u0432\u0438 \u0438 \u0437\u0434\u0440\u0430\u0432\u0441\u0442\u0432\u0435\u043d\u0438\u0442\u0435 \u0440\u0430\u0431\u043e\u0442\u043d\u0438\u0446\u0438 \u0435 \u0458\u0430\u0432\u043d\u043e \u043e\u0432\u043b\u0430\u0441\u0442\u0443\u0432\u0430\u045a\u0435 \u043d\u0430 \u0424\u0430\u0440\u043c\u0430\u0446\u0435\u0432\u0442\u0441\u043a\u0430 \u043a\u043e\u043c\u043e\u0440\u0430 \u043d\u0430 \u041c\u0430\u043a\u0435\u0434\u043e\u043d\u0438\u0458\u0430. *\",\"breadcrumb\":{\"@id\":\"https:\\\/\\\/fk.mk\\\/sq\\\/mbikqyrje-profesionale\\\/#breadcrumb\"},\"inLanguage\":\"en-US\",\"potentialAction\":[{\"@type\":\"ReadAction\",\"target\":[\"https:\\\/\\\/fk.mk\\\/sq\\\/mbikqyrje-profesionale\\\/\"]}]},{\"@type\":\"BreadcrumbList\",\"@id\":\"https:\\\/\\\/fk.mk\\\/sq\\\/mbikqyrje-profesionale\\\/#breadcrumb\",\"itemListElement\":[{\"@type\":\"ListItem\",\"position\":1,\"name\":\"Home\",\"item\":\"https:\\\/\\\/fk.mk\\\/sq\\\/\"},{\"@type\":\"ListItem\",\"position\":2,\"name\":\"Mbikqyrje profesionale\"}]},{\"@type\":\"WebSite\",\"@id\":\"https:\\\/\\\/fk.mk\\\/sq\\\/#website\",\"url\":\"https:\\\/\\\/fk.mk\\\/sq\\\/\",\"name\":\"Od\u00ebn Farmaceutike t\u00eb Maqedonis\u00eb\",\"description\":\"\u0424\u0430\u0440\u043c\u0430\u0446\u0435\u0432\u0442\u0441\u043a\u0430 \u041a\u043e\u043c\u043e\u0440\u0430 \u043d\u0430 \u0420\u0435\u043f\u0443\u0431\u043b\u0438\u043a\u0430 \u0421\u0435\u0432\u0435\u0440\u043d\u0430 \u041c\u0430\u043a\u0435\u0434\u043e\u043d\u0438\u0458\u0430\",\"potentialAction\":[{\"@type\":\"SearchAction\",\"target\":{\"@type\":\"EntryPoint\",\"urlTemplate\":\"https:\\\/\\\/fk.mk\\\/sq\\\/?s={search_term_string}\"},\"query-input\":{\"@type\":\"PropertyValueSpecification\",\"valueRequired\":true,\"valueName\":\"search_term_string\"}}],\"inLanguage\":\"en-US\"}]}<\/script>\n<!-- \/ Yoast SEO plugin. -->","yoast_head_json":{"title":"Mbikqyrje profesionale - Od\u00ebn Farmaceutike t\u00eb Maqedonis\u00eb","description":"\u0421\u0442\u0440\u0443\u0447\u0435\u043d \u043d\u0430\u0434\u0437\u043e\u0440 \u043d\u0430\u0434 \u0440\u0430\u0431\u043e\u0442\u0430\u0442\u0430 \u043d\u0430 \u0437\u0434\u0440\u0430\u0432\u0441\u0442\u0432\u0435\u043d\u0438\u0442\u0435 \u0443\u0441\u0442\u0430\u043d\u043e\u0432\u0438 \u0438 \u0437\u0434\u0440\u0430\u0432\u0441\u0442\u0432\u0435\u043d\u0438\u0442\u0435 \u0440\u0430\u0431\u043e\u0442\u043d\u0438\u0446\u0438 \u0435 \u0458\u0430\u0432\u043d\u043e \u043e\u0432\u043b\u0430\u0441\u0442\u0443\u0432\u0430\u045a\u0435 \u043d\u0430 \u0424\u0430\u0440\u043c\u0430\u0446\u0435\u0432\u0442\u0441\u043a\u0430 \u043a\u043e\u043c\u043e\u0440\u0430 \u043d\u0430 \u041c\u0430\u043a\u0435\u0434\u043e\u043d\u0438\u0458\u0430. *","robots":{"index":"index","follow":"follow","max-snippet":"max-snippet:-1","max-image-preview":"max-image-preview:large","max-video-preview":"max-video-preview:-1"},"canonical":"https:\/\/fk.mk\/sq\/mbikqyrje-profesionale\/","og_locale":"en_US","og_type":"article","og_title":"Mbikqyrje profesionale - Od\u00ebn Farmaceutike t\u00eb Maqedonis\u00eb","og_description":"\u0421\u0442\u0440\u0443\u0447\u0435\u043d \u043d\u0430\u0434\u0437\u043e\u0440 \u043d\u0430\u0434 \u0440\u0430\u0431\u043e\u0442\u0430\u0442\u0430 \u043d\u0430 \u0437\u0434\u0440\u0430\u0432\u0441\u0442\u0432\u0435\u043d\u0438\u0442\u0435 \u0443\u0441\u0442\u0430\u043d\u043e\u0432\u0438 \u0438 \u0437\u0434\u0440\u0430\u0432\u0441\u0442\u0432\u0435\u043d\u0438\u0442\u0435 \u0440\u0430\u0431\u043e\u0442\u043d\u0438\u0446\u0438 \u0435 \u0458\u0430\u0432\u043d\u043e \u043e\u0432\u043b\u0430\u0441\u0442\u0443\u0432\u0430\u045a\u0435 \u043d\u0430 \u0424\u0430\u0440\u043c\u0430\u0446\u0435\u0432\u0442\u0441\u043a\u0430 \u043a\u043e\u043c\u043e\u0440\u0430 \u043d\u0430 \u041c\u0430\u043a\u0435\u0434\u043e\u043d\u0438\u0458\u0430. *","og_url":"https:\/\/fk.mk\/sq\/mbikqyrje-profesionale\/","og_site_name":"Od\u00ebn Farmaceutike t\u00eb Maqedonis\u00eb","twitter_card":"summary_large_image","twitter_misc":{"Est. reading time":"2 minutes"},"schema":{"@context":"https:\/\/schema.org","@graph":[{"@type":"WebPage","@id":"https:\/\/fk.mk\/sq\/mbikqyrje-profesionale\/","url":"https:\/\/fk.mk\/sq\/mbikqyrje-profesionale\/","name":"Mbikqyrje profesionale - Od\u00ebn Farmaceutike t\u00eb Maqedonis\u00eb","isPartOf":{"@id":"https:\/\/fk.mk\/sq\/#website"},"datePublished":"2016-04-19T11:30:10+00:00","description":"\u0421\u0442\u0440\u0443\u0447\u0435\u043d \u043d\u0430\u0434\u0437\u043e\u0440 \u043d\u0430\u0434 \u0440\u0430\u0431\u043e\u0442\u0430\u0442\u0430 \u043d\u0430 \u0437\u0434\u0440\u0430\u0432\u0441\u0442\u0432\u0435\u043d\u0438\u0442\u0435 \u0443\u0441\u0442\u0430\u043d\u043e\u0432\u0438 \u0438 \u0437\u0434\u0440\u0430\u0432\u0441\u0442\u0432\u0435\u043d\u0438\u0442\u0435 \u0440\u0430\u0431\u043e\u0442\u043d\u0438\u0446\u0438 \u0435 \u0458\u0430\u0432\u043d\u043e \u043e\u0432\u043b\u0430\u0441\u0442\u0443\u0432\u0430\u045a\u0435 \u043d\u0430 \u0424\u0430\u0440\u043c\u0430\u0446\u0435\u0432\u0442\u0441\u043a\u0430 \u043a\u043e\u043c\u043e\u0440\u0430 \u043d\u0430 \u041c\u0430\u043a\u0435\u0434\u043e\u043d\u0438\u0458\u0430. *","breadcrumb":{"@id":"https:\/\/fk.mk\/sq\/mbikqyrje-profesionale\/#breadcrumb"},"inLanguage":"en-US","potentialAction":[{"@type":"ReadAction","target":["https:\/\/fk.mk\/sq\/mbikqyrje-profesionale\/"]}]},{"@type":"BreadcrumbList","@id":"https:\/\/fk.mk\/sq\/mbikqyrje-profesionale\/#breadcrumb","itemListElement":[{"@type":"ListItem","position":1,"name":"Home","item":"https:\/\/fk.mk\/sq\/"},{"@type":"ListItem","position":2,"name":"Mbikqyrje profesionale"}]},{"@type":"WebSite","@id":"https:\/\/fk.mk\/sq\/#website","url":"https:\/\/fk.mk\/sq\/","name":"Od\u00ebn Farmaceutike t\u00eb Maqedonis\u00eb","description":"\u0424\u0430\u0440\u043c\u0430\u0446\u0435\u0432\u0442\u0441\u043a\u0430 \u041a\u043e\u043c\u043e\u0440\u0430 \u043d\u0430 \u0420\u0435\u043f\u0443\u0431\u043b\u0438\u043a\u0430 \u0421\u0435\u0432\u0435\u0440\u043d\u0430 \u041c\u0430\u043a\u0435\u0434\u043e\u043d\u0438\u0458\u0430","potentialAction":[{"@type":"SearchAction","target":{"@type":"EntryPoint","urlTemplate":"https:\/\/fk.mk\/sq\/?s={search_term_string}"},"query-input":{"@type":"PropertyValueSpecification","valueRequired":true,"valueName":"search_term_string"}}],"inLanguage":"en-US"}]}},"_links":{"self":[{"href":"https:\/\/fk.mk\/sq\/wp-json\/wp\/v2\/pages\/18785","targetHints":{"allow":["GET"]}}],"collection":[{"href":"https:\/\/fk.mk\/sq\/wp-json\/wp\/v2\/pages"}],"about":[{"href":"https:\/\/fk.mk\/sq\/wp-json\/wp\/v2\/types\/page"}],"author":[{"embeddable":true,"href":"https:\/\/fk.mk\/sq\/wp-json\/wp\/v2\/users\/1"}],"replies":[{"embeddable":true,"href":"https:\/\/fk.mk\/sq\/wp-json\/wp\/v2\/comments?post=18785"}],"version-history":[{"count":0,"href":"https:\/\/fk.mk\/sq\/wp-json\/wp\/v2\/pages\/18785\/revisions"}],"wp:attachment":[{"href":"https:\/\/fk.mk\/sq\/wp-json\/wp\/v2\/media?parent=18785"}],"curies":[{"name":"wp","href":"https:\/\/api.w.org\/{rel}","templated":true}]}}