{"id":18691,"date":"2016-04-19T13:27:53","date_gmt":"2016-04-19T11:27:53","guid":{"rendered":"https:\/\/www.fk.mk\/%d0%ba%d0%be%d0%bd%d1%82%d0%b8%d0%bd%d1%83%d0%b8%d1%80%d0%b0%d0%bd%d0%b0-%d0%b5%d0%b4%d1%83%d0%ba%d0%b0%d1%86%d0%b8%d1%98%d0%b0\/"},"modified":"2016-04-19T13:27:53","modified_gmt":"2016-04-19T11:27:53","slug":"edukimi-ne-vazhdim","status":"publish","type":"page","link":"https:\/\/fk.mk\/sq\/edukimi-ne-vazhdim\/","title":{"rendered":"Edukimi n\u00eb vazhdim"},"content":{"rendered":"<p>[vc_row][vc_column][vc_column_text css=&#8221;.vc_custom_1664528904755{padding-bottom: 10px !important;}&#8221;]<\/p>\n<p style=\"text-align: justify\">FAQJA \u00cbSHT\u00cb N\u00cb ND\u00cbRTIM<\/p>\n<p>[\/vc_column_text][\/vc_column][\/vc_row][vc_row disable_element=&#8221;yes&#8221;][vc_column][vc_column_text css=&#8221;.vc_custom_1600933572071{padding-bottom: 10px !important;}&#8221;]<\/p>\n<p style=\"text-align: justify\">\u0421\u0442\u0440\u0443\u0447\u043d\u043e\u0442\u043e \u0443\u0441\u043e\u0432\u0440\u0448\u0443\u0432\u0430\u045a\u0435 \u043d\u0430 \u0437\u0434\u0440\u0430\u0432\u0441\u0442\u0432\u0435\u043d\u0438\u0442\u0435 \u0440\u0430\u0431\u043e\u0442\u043d\u0438\u0446\u0438 \u0441\u043e \u0432\u0438\u0441\u043e\u043a\u043e \u043e\u0431\u0440\u0430\u0437\u043e\u0432\u0430\u043d\u0438\u0435 \u043e\u0434 \u043e\u0431\u043b\u0430\u0441\u0442\u0430 \u043d\u0430 \u0444\u0430\u0440\u043c\u0430\u0446\u0438\u0458\u0430\u0442\u0430 \u043f\u0440\u0435\u0442\u0441\u0442\u0430\u0432\u0443\u0432\u0430 \u043a\u043e\u043d\u0442\u0438\u043d\u0443\u0438\u0440\u0430\u043d \u043f\u0440\u043e\u0446\u0435\u0441 \u043d\u0430 \u0441\u0442\u0435\u043a\u043d\u0443\u0432\u0430\u045a\u0435 \u043d\u0430 \u043d\u043e\u0432\u0438 \u0437\u043d\u0430\u0435\u045a\u0430 \u0438 \u043f\u0440\u0430\u043a\u0442\u0438\u0447\u043d\u0438 \u0432\u0435\u0448\u0442\u0438\u043d\u0438 \u0432\u043e \u0442\u0435\u043a\u043e\u0442 \u043d\u0430 \u0441\u0435\u0434\u0443\u043c\u0433\u043e\u0434\u0438\u0448\u043d\u0438\u043e\u0442 \u043f\u0435\u0440\u0438\u043e\u0434 \u043d\u0430 \u0432\u0430\u0436\u0435\u045a\u0435\u0442\u043e \u043d\u0430 \u041b\u0438\u0446\u0435\u043d\u0446\u0430\u0442\u0430 \u0437\u0430 \u0440\u0430\u0431\u043e\u0442\u0430.* \u0426\u0435\u043b \u043d\u0430 \u0441\u0442\u0440\u0443\u0447\u043d\u043e\u0442\u043e \u0443\u0441\u043e\u0432\u0440\u0448\u0443\u0432\u0430\u045a\u0435 \u0435 \u043f\u043e\u0441\u0442\u043e\u0458\u0430\u043d\u043e \u0443\u043d\u0430\u043f\u0440\u0435\u0434\u0443\u0432\u0430\u045a\u0435 \u043d\u0430 \u0432\u0435\u045c\u0435 \u0441\u0442\u0435\u043a\u043d\u0430\u0442\u043e\u0442\u043e \u0437\u043d\u0430\u0435\u045a\u0435 \u0437\u0430\u0440\u0430\u0434\u0438 \u043e\u0431\u043b\u0438\u043a\u0443\u0432\u0430\u045a\u0435 \u043d\u0430 \u0441\u043e\u0432\u0440\u0435\u043c\u0435\u043d \u043c\u043e\u0434\u0435\u043b \u043d\u0430 \u0444\u0430\u0440\u043c\u0430\u0446\u0435\u0432\u0442 \u0438 \u043e\u0431\u0435\u0437\u0431\u0435\u0434\u0443\u0432\u0430\u045a\u0435 \u0435\u0434\u0438\u043d\u0441\u0442\u0432\u043e \u0432\u043e \u0444\u0430\u0440\u043c\u0430\u0446\u0435\u0432\u0442\u0441\u043a\u0430\u0442\u0430 \u043f\u0440\u0430\u043a\u0441\u0430.*<\/p>\n<p style=\"text-align: justify\">\u0421\u0442\u0440\u0443\u0447\u043d\u043e\u0442\u043e \u0443\u0441\u043e\u0432\u0440\u0448\u0443\u0432\u0430\u045a\u0435 \u0438 \u043a\u043e\u043d\u0442\u0438\u043d\u0443\u0438\u0440\u0430\u043d\u0430\u0442\u0430 \u0435\u0434\u0443\u043a\u0430\u0446\u0438\u0458\u0430 \u0441\u0435 \u0442\u0435\u043c\u0435\u043b\u0430\u0442 \u043d\u0430 \u043f\u043e\u0432\u0435\u045c\u0435 \u043d\u0430\u0447\u0435\u043b\u0430:*<\/p>\n<ul>\n<li style=\"text-align: justify\">\u0434\u043e\u0441\u0442\u0430\u043f\u043d\u043e\u0441\u0442 \u043d\u0430 \u043e\u0431\u043b\u0438\u0446\u0438\u0442\u0435 \u0437\u0430 \u0441\u0442\u0440\u0443\u0447\u043d\u043e \u0443\u0441\u043e\u0432\u0440\u0448\u0443\u0432\u0430\u045a\u0435 \u043d\u0430 \u0441\u0438\u0442\u0435 \u0444\u0430\u0440\u043c\u0430\u0446\u0435\u0432\u0442\u0438,*<\/li>\n<li style=\"font-weight: 400\">\u0435\u0434\u043d\u0430\u043a\u0432\u0430 \u043f\u0440\u0438\u043c\u0435\u043d\u0430 \u043d\u0430 \u0441\u0442\u0435\u043a\u043d\u0430\u0442\u0438\u0442\u0435 \u0437\u043d\u0430\u0435\u045a\u0430 \u0438 \u0432\u0435\u0448\u0442\u0438\u043d\u0438 \u0432\u043e \u043f\u0440\u043e\u0446\u0435\u0441\u043e\u0442 \u043d\u0430 \u0441\u0442\u0440\u0443\u0447\u043d\u043e \u0443\u0441\u043e\u0432\u0440\u0448\u0443\u0432\u0430\u045a\u0435 \u043e\u0434 \u0441\u0442\u0440\u0430\u043d\u0430 \u043d\u0430 \u0444\u0430\u0440\u043c\u0430\u0446\u0435\u0432\u0442\u0438\u0442\u0435 \u043f\u0440\u0438 \u0432\u0440\u0448\u0435\u045a\u0435\u0442\u043e \u043d\u0430 \u0444\u0430\u0440\u043c\u0430\u0446\u0435\u0432\u0442\u0441\u043a\u0430\u0442\u0430 \u0434\u0435\u0458\u043d\u043e\u0441\u0442 \u0432\u043e \u043f\u0440\u0430\u043a\u0441\u0430,*<\/li>\n<li style=\"font-weight: 400\">\u043d\u0430\u0443\u0447\u043d\u0430 \u043e\u0441\u043d\u043e\u0432\u0430\u043d\u043e\u0441\u0442 \u0438 \u0441\u043e\u0432\u0440\u0435\u043c\u0435\u043d\u043e\u0441\u0442 \u043d\u0430 \u0441\u0442\u0440\u0443\u0447\u043d\u043e \u0443\u0441\u043e\u0432\u0440\u0448\u0443\u0432\u0430\u045a\u0435 \u0438 \u0438\u043d\u0444\u043e\u0440\u043c\u0438\u0440\u0430\u043d\u043e\u0441\u0442 \u0437\u0430 \u043d\u043e\u0432\u0438\u0442\u0435 \u0441\u0432\u0435\u0442\u0441\u043a\u0438 \u0434\u043e\u0441\u0442\u0438\u0433\u043d\u0443\u0432\u0430\u045a\u0430 \u0432\u043e \u043e\u0431\u043b\u0430\u0441\u0442\u0430 \u043d\u0430 \u0444\u0430\u0440\u043c\u0430\u0446\u0435\u0432\u0442\u0441\u043a\u0438\u0442\u0435 \u0438 \u0437\u0434\u0440\u0430\u0432\u0441\u0442\u0432\u0435\u043d\u0438\u0442\u0435 \u043d\u0430\u0443\u043a\u0438,*<\/li>\n<li style=\"font-weight: 400\">\u043e\u0441\u043f\u043e\u0441\u043e\u0431\u0435\u043d\u043e\u0441\u0442 \u043d\u0430 \u0444\u0430\u0440\u043c\u0430\u0446\u0435\u0432\u0442\u0438\u0442\u0435 \u0441\u043f\u0440\u0435\u043c\u0430 \u0441\u0432\u0435\u0442\u0441\u043a\u0438\u0442\u0435 \u0441\u0442\u0430\u043d\u0434\u0430\u0440\u0434\u0438,*<\/li>\n<li style=\"font-weight: 400\">\u0441\u043b\u043e\u0431\u043e\u0434\u0435\u043d \u0438\u0437\u0431\u043e\u0440 \u0432\u043e \u043f\u0440\u043e\u0446\u0435\u0441\u043e\u0442 \u043d\u0430 \u0441\u0442\u0440\u0443\u0447\u043d\u043e \u0443\u0441\u043e\u0432\u0440\u0448\u0443\u0432\u0430\u045a\u0435, \u043e\u0434\u043d\u043e\u0441\u043d\u043e \u043f\u0440\u0430\u0432\u043e \u0438 \u043c\u043e\u0436\u043d\u043e\u0441\u0442 \u043d\u0430 \u0438\u0437\u0431\u043e\u0440 \u043d\u0430 \u0441\u043e\u0434\u0440\u0436\u0438\u043d\u0430\u0442\u0430 \u0438 \u0444\u043e\u0440\u043c\u0430\u0442\u0430 \u043d\u0430 \u0441\u0442\u0440\u0443\u0447\u043d\u043e\u0442\u043e \u0443\u0441\u043e\u0432\u0440\u0448\u0443\u0432\u0430\u045a\u0435.*<\/li>\n<\/ul>\n<p style=\"text-align: justify\">\u041e\u0431\u043b\u0438\u0446\u0438\u0442\u0435 \u043d\u0430 \u0441\u0442\u0440\u0443\u0447\u043d\u043e \u0443\u0441\u043e\u0432\u0440\u0448\u0443\u0432\u0430\u045a\u0435 \u0441\u0435 \u0444\u043e\u0440\u043c\u0438 \u043f\u0440\u0435\u043a\u0443 \u043a\u043e\u0438 \u0444\u0430\u0440\u043c\u0430\u0446\u0435\u0432\u0442\u0438\u0442\u0435 \u043f\u043e\u0441\u0442\u043e\u0458\u0430\u043d\u043e \u0433\u043e \u0443\u043d\u0430\u043f\u0440\u0435\u0434\u0443\u0432\u0430\u0430\u0442 \u0441\u0432\u043e\u0435\u0442\u043e \u0437\u043d\u0430\u0435\u045a\u0435 \u0438 \u0442\u043e\u0430: \u043a\u043e\u043d\u0433\u0440\u0435\u0441\u0438, \u0441\u043e\u0441\u0442\u0430\u043d\u043e\u0446\u0438 \u043d\u0430 \u0441\u0442\u0440\u0443\u0447\u043d\u0438 \u0437\u0434\u0440\u0443\u0436\u0435\u043d\u0438\u0458\u0430, \u0441\u0435\u043c\u0438\u043d\u0430\u0440\u0438 \u0441\u0438\u043c\u043f\u043e\u0437\u0438\u0443\u043c\u0438, \u0441\u0442\u0440\u0443\u0447\u043d\u0438 \u043f\u0440\u0435\u0434\u0430\u0432\u0430\u045a\u0430 \u043d\u0430 \u0458\u0430\u0432\u043d\u0438 \u0442\u0440\u0438\u0431\u0438\u043d\u0438, \u0441\u0442\u0440\u0443\u0447\u043d\u0438 \u0440\u0430\u0431\u043e\u0442\u0438\u043b\u043d\u0438\u0446\u0438, \u043a\u0443\u0440\u0441\u0435\u0432\u0438 \u0441\u0442\u0443\u0434\u0438\u0441\u043a\u0438 \u043f\u0440\u0435\u0441\u0442\u043e\u0438 \u043d\u0430\u0443\u0447\u043d\u0438 \u0438 \u0441\u0442\u0440\u0443\u0447\u043d\u0438 \u0437\u0432\u0430\u045a\u0430, \u043e\u0431\u0458\u0430\u0432\u0443\u0432\u0430\u045a\u0435 \u043d\u0430 \u043d\u0430\u0443\u0447\u043d\u0438 \u0438 \u0441\u0442\u0440\u0443\u0447\u043d\u0438 \u0442\u0440\u0443\u0434\u043e\u0432\u0438.* \u041e\u0431\u043b\u0438\u0446\u0438\u0442\u0435 \u043d\u0430 \u0441\u0442\u0440\u0443\u0447\u043d\u043e \u0443\u0441\u043e\u0432\u0440\u0448\u0443\u0432\u0430\u045a\u0435 \u0438 \u043f\u0440\u0430\u0432\u0438\u043b\u0430\u0442\u0430 \u0437\u0430 \u043d\u0438\u0432\u043d\u043e \u0431\u043e\u0434\u0443\u0432\u0430\u045a\u0435 \u0437\u0430\u0432\u0438\u0441\u0430\u0442 \u043e\u0434 \u0442\u043e\u0430 \u043a\u0430\u0434\u0435 \u0441\u0435 \u043e\u0434\u0440\u0436\u0443\u0432\u0430\u0430\u0442 \u2013 \u0432\u043e \u0437\u0435\u043c\u0458\u0430\u0442\u0430 \u0438\u043b\u0438 \u0432\u043e \u0441\u0442\u0440\u0430\u043d\u0441\u0442\u0432\u043e, \u043a\u0430\u043a\u0432\u043e \u0435 \u0443\u0447\u0435\u0441\u0442\u0432\u043e\u0442\u043e \u0432\u043e \u043e\u0431\u043b\u0438\u043a\u043e\u0442 \u043d\u0430 \u0441\u0442\u0440\u0443\u0447\u043d\u043e\u0442\u043e \u0443\u0441\u043e\u0432\u0440\u0448\u0443\u0432\u0430\u045a\u0435 \u2013 \u0430\u043a\u0442\u0438\u0432\u043d\u043e \u0438\u043b\u0438 \u043f\u0430\u0441\u0438\u0432\u043d\u043e, \u0432\u0438\u0434\u043e\u0442 \u0438 \u0441\u043e\u0434\u0440\u0436\u0438\u043d\u0430\u0442\u0430 &#8211; \u0434\u0430\u043b\u0438 \u043f\u043e\u0434\u043b\u0435\u0436\u0430\u0442 \u043d\u0430 \u0430\u043a\u0440\u0435\u0434\u0438\u0442\u0430\u0446\u0438\u0458\u0430 \u043e\u0434 \u0441\u0442\u0440\u0430\u043d\u0430 \u043d\u0430 \u041a\u043e\u043c\u043e\u0440\u0430\u0442\u0430 \u0438\u043b\u0438 \u043d\u0435.*<\/p>\n<p style=\"text-align: justify\">\u0421\u0442\u0440\u0443\u0447\u043d\u043e\u0442\u043e \u0443\u0441\u043e\u0432\u0440\u0448\u0443\u0432\u0430\u045a\u0435 \u0433\u043e \u043e\u0440\u0433\u0430\u043d\u0438\u0437\u0438\u0440\u0430\u0430\u0442 \u0438 \u0441\u043f\u0440\u043e\u0432\u0435\u0434\u0443\u0432\u0430\u0430\u0442 \u043d\u0430\u0441\u0442\u0430\u0432\u043d\u0438 \u0438 \u043d\u0430\u0443\u0447\u043d\u0438 \u0438\u043d\u0441\u0442\u0438\u0442\u0443\u0446\u0438\u0438, \u0441\u0442\u0440\u0443\u0447\u043d\u0438 \u0437\u0434\u0440\u0443\u0436\u0435\u043d\u0438\u0458\u0430, \u0434\u0440\u0436\u0430\u0432\u043d\u0438 \u043e\u0440\u0433\u0430\u043d\u0438, \u043f\u0440\u0430\u0432\u043d\u0438 \u043b\u0438\u0446\u0430 \u0432\u043e \u043e\u0431\u043b\u0430\u0441\u0442\u0430 \u043d\u0430 \u043f\u0440\u043e\u0438\u0437\u0432\u043e\u0434\u0441\u0442\u0432\u043e\u0442\u043e \u0438 \u043f\u0440\u043e\u043c\u0435\u0442\u043e\u0442 \u0441\u043e \u043b\u0435\u043a\u043e\u0432\u0438.*<\/p>\n<h4 style=\"text-align: justify\"><\/h4>\n<h4 style=\"text-align: justify\"><a href=\"http:\/\/www.fk.mk\/wp-content\/uploads\/sites\/3\/2020\/09\/%D0%9F%D1%80%D0%B0%D0%B2%D0%B8%D0%BB%D0%BD%D0%B8%D0%BA-%D0%B7%D0%B0-%D0%BE%D0%B1%D0%BB%D0%B8%D1%86%D0%B8-%D0%BD%D0%B0-%D0%BA%D0%BE%D0%BD%D1%82%D0%B8%D0%BD%D1%83%D0%B8%D1%80%D0%B0%D0%BD%D0%BE-%D1%81%D1%82%D1%80%D1%83%D1%87%D0%BD%D0%BE-%D1%83%D1%81%D0%BE%D0%B2%D1%80%D1%88%D1%83%D0%B2%D0%B0%D1%9A%D0%B5...pdf\">\u041f\u0440\u0430\u0432\u0438\u043b\u043d\u0438\u043a \u0437\u0430 \u043e\u0431\u043b\u0438\u0446\u0438\u0442\u0435 \u043d\u0430 \u043a\u043e\u043d\u0442\u0438\u043d\u0443\u0438\u0440\u0430\u043d\u043e \u0441\u0442\u0440\u0443\u0447\u043d\u043e \u0443\u0441\u043e\u0432\u0440\u0448\u0443\u0432\u0430\u045a\u0435, \u043a\u0440\u0438\u0442\u0435\u0440\u0438\u0443\u043c\u0438\u0442\u0435 \u0437\u0430 \u0440\u0430\u0441\u043f\u043e\u0440\u0435\u0434\u0443\u0432\u0430\u045a\u0435 \u043d\u0430 \u043e\u0431\u043b\u0438\u0446\u0438\u0442\u0435, \u043a\u0440\u0438\u0442\u0435\u0440\u0438\u0443\u043c\u0438\u0442\u0435 \u0437\u0430 \u0438\u0437\u0431\u043e\u0440 \u043d\u0430 \u0441\u043f\u0440\u043e\u0432\u0435\u0434\u0443\u0432\u0430\u0447\u0438\u0442\u0435 \u043d\u0430 \u043e\u0431\u043b\u0438\u0446\u0438\u0442\u0435 \u043d\u0430 \u043a\u043e\u043d\u0442\u0438\u043d\u0443\u0438\u0440\u0430\u043d\u043e \u0441\u0442\u0440\u0443\u0447\u043d\u043e \u0443\u0441\u043e\u0432\u0440\u0448\u0443\u0432\u0430\u045a\u0435 \u0438 \u0431\u043e\u0434\u043e\u0432\u0438\u0442\u0435 \u0437\u0430 \u043e\u0431\u043d\u043e\u0432\u0443\u0432\u0430\u045a\u0435 \u043d\u0430 \u043b\u0438\u0446\u0435\u043d\u0446\u0430\u0442\u0430 \u0437\u0430 \u0440\u0430\u0431\u043e\u0442\u0430 \u043d\u0430 \u0437\u0434\u0440\u0430\u0432\u0441\u0442\u0432\u0435\u043d\u0438\u0442\u0435 \u0440\u0430\u0431\u043e\u0442\u043d\u0438\u0446\u0438 \u0441\u043e \u0432\u0438\u0441\u043e\u043a\u043e \u043e\u0431\u0440\u0430\u0437\u043e\u0432\u0430\u043d\u0438\u0435 \u043e\u0434 \u043e\u0431\u043b\u0430\u0441\u0442\u0430 \u043d\u0430 \u0444\u0430\u0440\u043c\u0430\u0446\u0438\u0458\u0430\u0442\u0430, \u0421\u043b.** \u0412\u0435\u0441\u043d\u0438\u043a \u043d\u0430 \u0420\u0421\u041c \u0431\u0440.** 221\/2020<\/a><\/h4>\n<p>[\/vc_column_text][\/vc_column][\/vc_row]<\/p>\n","protected":false},"excerpt":{"rendered":"<p>[vc_row][vc_column][vc_column_text css=&#8221;.vc_custom_1664528904755{padding-bottom: 10px !important;}&#8221;] FAQJA \u00cbSHT\u00cb N\u00cb ND\u00cbRTIM [\/vc_column_text][\/vc_column][\/vc_row][vc_row disable_element=&#8221;yes&#8221;][vc_column][vc_column_text css=&#8221;.vc_custom_1600933572071{padding-bottom: 10px !important;}&#8221;] \u0421\u0442\u0440\u0443\u0447\u043d\u043e\u0442\u043e \u0443\u0441\u043e\u0432\u0440\u0448\u0443\u0432\u0430\u045a\u0435 \u043d\u0430 \u0437\u0434\u0440\u0430\u0432\u0441\u0442\u0432\u0435\u043d\u0438\u0442\u0435 \u0440\u0430\u0431\u043e\u0442\u043d\u0438\u0446\u0438 \u0441\u043e \u0432\u0438\u0441\u043e\u043a\u043e \u043e\u0431\u0440\u0430\u0437\u043e\u0432\u0430\u043d\u0438\u0435 \u043e\u0434 \u043e\u0431\u043b\u0430\u0441\u0442\u0430 \u043d\u0430 \u0444\u0430\u0440\u043c\u0430\u0446\u0438\u0458\u0430\u0442\u0430 \u043f\u0440\u0435\u0442\u0441\u0442\u0430\u0432\u0443\u0432\u0430 \u043a\u043e\u043d\u0442\u0438\u043d\u0443\u0438\u0440\u0430\u043d \u043f\u0440\u043e\u0446\u0435\u0441 \u043d\u0430 \u0441\u0442\u0435\u043a\u043d\u0443\u0432\u0430\u045a\u0435 \u043d\u0430 \u043d\u043e\u0432\u0438 \u0437\u043d\u0430\u0435\u045a\u0430 \u0438 \u043f\u0440\u0430\u043a\u0442\u0438\u0447\u043d\u0438 \u0432\u0435\u0448\u0442\u0438\u043d\u0438 \u0432\u043e \u0442\u0435\u043a\u043e\u0442 \u043d\u0430 \u0441\u0435\u0434\u0443\u043c\u0433\u043e\u0434\u0438\u0448\u043d\u0438\u043e\u0442 \u043f\u0435\u0440\u0438\u043e\u0434 \u043d\u0430 \u0432\u0430\u0436\u0435\u045a\u0435\u0442\u043e \u043d\u0430 \u041b\u0438\u0446\u0435\u043d\u0446\u0430\u0442\u0430 \u0437\u0430 \u0440\u0430\u0431\u043e\u0442\u0430.* \u0426\u0435\u043b \u043d\u0430 \u0441\u0442\u0440\u0443\u0447\u043d\u043e\u0442\u043e \u0443\u0441\u043e\u0432\u0440\u0448\u0443\u0432\u0430\u045a\u0435 \u0435 \u043f\u043e\u0441\u0442\u043e\u0458\u0430\u043d\u043e \u0443\u043d\u0430\u043f\u0440\u0435\u0434\u0443\u0432\u0430\u045a\u0435 \u043d\u0430 [&hellip;]<\/p>\n","protected":false},"author":1,"featured_media":0,"parent":0,"menu_order":0,"comment_status":"closed","ping_status":"closed","template":"","meta":{"jnews_page_loop":{"first_title":"Latest Post","header_type":"heading_6","layout":"right-sidebar","sidebar":"default-sidebar","second_sidebar":"default-sidebar","sticky_sidebar":"1","module":"3","main_custom_image_size":"default","second_custom_image_size":"default","excerpt_length":"20","content_date":"default","date_custom":"Y\/m\/d","content_pagination":"nav_1","pagination_align":"center","post_sticky":"0","post_offset":"0","posts_per_page":"5","sort_by":"latest"},"jnews_single_page":{"layout":"no-sidebar","sidebar":"default-sidebar","second_sidebar":"default-sidebar","sticky_sidebar":"1","show_post_title":"1","show_post_breadcrumbs":"1","show_post_featured":"1","share_position":"top","share_color":"share-monocrhome"},"jnews_social_meta":[],"footnotes":""},"class_list":["post-18691","page","type-page","status-publish","hentry"],"yoast_head":"<!-- This site is optimized with the Yoast SEO plugin v27.4 - https:\/\/yoast.com\/product\/yoast-seo-wordpress\/ -->\n<title>Edukimi n\u00eb vazhdim - Od\u00ebn Farmaceutike t\u00eb Maqedonis\u00eb<\/title>\n<meta name=\"description\" content=\"\u0426\u0435\u043b \u043d\u0430 \u0441\u0442\u0440\u0443\u0447\u043d\u043e\u0442\u043e \u0443\u0441\u043e\u0432\u0440\u0448\u0443\u0432\u0430\u045a\u0435 \u0435 \u043f\u043e\u0441\u0442\u043e\u0458\u0430\u043d\u043e \u0443\u043d\u0430\u043f\u0440\u0435\u0434\u0443\u0432\u0430\u045a\u0435 \u043d\u0430 \u0432\u0435\u045c\u0435 \u0441\u0442\u0435\u043a\u043d\u0430\u0442\u043e\u0442\u043e \u0437\u043d\u0430\u0435\u045a\u0435 \u0437\u0430\u0440\u0430\u0434\u0438 \u043e\u0431\u043b\u0438\u043a\u0443\u0432\u0430\u045a\u0435 \u043d\u0430 \u0441\u043e\u0432\u0440\u0435\u043c\u0435\u043d \u043c\u043e\u0434\u0435\u043b \u043d\u0430 \u0444\u0430\u0440\u043c\u0430\u0446\u0435\u0432\u0442 \u0438 \u043e\u0431\u0435\u0437\u0431\u0435\u0434\u0443\u0432\u0430\u045a\u0435 \u0435\u0434\u0438\u043d\u0441\u0442\u0432\u043e \u0432\u043e \u0444\u0430\u0440\u043c\u0430\u0446\u0435\u0432\u0442\u0441\u043a\u0430\u0442\u0430 \u043f\u0440\u0430\u043a\u0441\u0430. *\" \/>\n<meta name=\"robots\" content=\"index, follow, max-snippet:-1, max-image-preview:large, max-video-preview:-1\" \/>\n<link rel=\"canonical\" href=\"https:\/\/fk.mk\/sq\/edukimi-ne-vazhdim\/\" \/>\n<meta property=\"og:locale\" content=\"en_US\" \/>\n<meta property=\"og:type\" content=\"article\" \/>\n<meta property=\"og:title\" content=\"Edukimi n\u00eb vazhdim - Od\u00ebn Farmaceutike t\u00eb Maqedonis\u00eb\" \/>\n<meta property=\"og:description\" content=\"\u0426\u0435\u043b \u043d\u0430 \u0441\u0442\u0440\u0443\u0447\u043d\u043e\u0442\u043e \u0443\u0441\u043e\u0432\u0440\u0448\u0443\u0432\u0430\u045a\u0435 \u0435 \u043f\u043e\u0441\u0442\u043e\u0458\u0430\u043d\u043e \u0443\u043d\u0430\u043f\u0440\u0435\u0434\u0443\u0432\u0430\u045a\u0435 \u043d\u0430 \u0432\u0435\u045c\u0435 \u0441\u0442\u0435\u043a\u043d\u0430\u0442\u043e\u0442\u043e \u0437\u043d\u0430\u0435\u045a\u0435 \u0437\u0430\u0440\u0430\u0434\u0438 \u043e\u0431\u043b\u0438\u043a\u0443\u0432\u0430\u045a\u0435 \u043d\u0430 \u0441\u043e\u0432\u0440\u0435\u043c\u0435\u043d \u043c\u043e\u0434\u0435\u043b \u043d\u0430 \u0444\u0430\u0440\u043c\u0430\u0446\u0435\u0432\u0442 \u0438 \u043e\u0431\u0435\u0437\u0431\u0435\u0434\u0443\u0432\u0430\u045a\u0435 \u0435\u0434\u0438\u043d\u0441\u0442\u0432\u043e \u0432\u043e \u0444\u0430\u0440\u043c\u0430\u0446\u0435\u0432\u0442\u0441\u043a\u0430\u0442\u0430 \u043f\u0440\u0430\u043a\u0441\u0430. *\" \/>\n<meta property=\"og:url\" content=\"https:\/\/fk.mk\/sq\/edukimi-ne-vazhdim\/\" \/>\n<meta property=\"og:site_name\" content=\"Od\u00ebn Farmaceutike t\u00eb Maqedonis\u00eb\" \/>\n<meta name=\"twitter:card\" content=\"summary_large_image\" \/>\n<script type=\"application\/ld+json\" class=\"yoast-schema-graph\">{\"@context\":\"https:\\\/\\\/schema.org\",\"@graph\":[{\"@type\":\"WebPage\",\"@id\":\"https:\\\/\\\/fk.mk\\\/sq\\\/edukimi-ne-vazhdim\\\/\",\"url\":\"https:\\\/\\\/fk.mk\\\/sq\\\/edukimi-ne-vazhdim\\\/\",\"name\":\"Edukimi n\u00eb vazhdim - Od\u00ebn Farmaceutike t\u00eb Maqedonis\u00eb\",\"isPartOf\":{\"@id\":\"https:\\\/\\\/fk.mk\\\/sq\\\/#website\"},\"datePublished\":\"2016-04-19T11:27:53+00:00\",\"description\":\"\u0426\u0435\u043b \u043d\u0430 \u0441\u0442\u0440\u0443\u0447\u043d\u043e\u0442\u043e \u0443\u0441\u043e\u0432\u0440\u0448\u0443\u0432\u0430\u045a\u0435 \u0435 \u043f\u043e\u0441\u0442\u043e\u0458\u0430\u043d\u043e \u0443\u043d\u0430\u043f\u0440\u0435\u0434\u0443\u0432\u0430\u045a\u0435 \u043d\u0430 \u0432\u0435\u045c\u0435 \u0441\u0442\u0435\u043a\u043d\u0430\u0442\u043e\u0442\u043e \u0437\u043d\u0430\u0435\u045a\u0435 \u0437\u0430\u0440\u0430\u0434\u0438 \u043e\u0431\u043b\u0438\u043a\u0443\u0432\u0430\u045a\u0435 \u043d\u0430 \u0441\u043e\u0432\u0440\u0435\u043c\u0435\u043d \u043c\u043e\u0434\u0435\u043b \u043d\u0430 \u0444\u0430\u0440\u043c\u0430\u0446\u0435\u0432\u0442 \u0438 \u043e\u0431\u0435\u0437\u0431\u0435\u0434\u0443\u0432\u0430\u045a\u0435 \u0435\u0434\u0438\u043d\u0441\u0442\u0432\u043e \u0432\u043e \u0444\u0430\u0440\u043c\u0430\u0446\u0435\u0432\u0442\u0441\u043a\u0430\u0442\u0430 \u043f\u0440\u0430\u043a\u0441\u0430. *\",\"breadcrumb\":{\"@id\":\"https:\\\/\\\/fk.mk\\\/sq\\\/edukimi-ne-vazhdim\\\/#breadcrumb\"},\"inLanguage\":\"en-US\",\"potentialAction\":[{\"@type\":\"ReadAction\",\"target\":[\"https:\\\/\\\/fk.mk\\\/sq\\\/edukimi-ne-vazhdim\\\/\"]}]},{\"@type\":\"BreadcrumbList\",\"@id\":\"https:\\\/\\\/fk.mk\\\/sq\\\/edukimi-ne-vazhdim\\\/#breadcrumb\",\"itemListElement\":[{\"@type\":\"ListItem\",\"position\":1,\"name\":\"Home\",\"item\":\"https:\\\/\\\/fk.mk\\\/sq\\\/\"},{\"@type\":\"ListItem\",\"position\":2,\"name\":\"Edukimi n\u00eb vazhdim\"}]},{\"@type\":\"WebSite\",\"@id\":\"https:\\\/\\\/fk.mk\\\/sq\\\/#website\",\"url\":\"https:\\\/\\\/fk.mk\\\/sq\\\/\",\"name\":\"Od\u00ebn Farmaceutike t\u00eb Maqedonis\u00eb\",\"description\":\"\u0424\u0430\u0440\u043c\u0430\u0446\u0435\u0432\u0442\u0441\u043a\u0430 \u041a\u043e\u043c\u043e\u0440\u0430 \u043d\u0430 \u0420\u0435\u043f\u0443\u0431\u043b\u0438\u043a\u0430 \u0421\u0435\u0432\u0435\u0440\u043d\u0430 \u041c\u0430\u043a\u0435\u0434\u043e\u043d\u0438\u0458\u0430\",\"potentialAction\":[{\"@type\":\"SearchAction\",\"target\":{\"@type\":\"EntryPoint\",\"urlTemplate\":\"https:\\\/\\\/fk.mk\\\/sq\\\/?s={search_term_string}\"},\"query-input\":{\"@type\":\"PropertyValueSpecification\",\"valueRequired\":true,\"valueName\":\"search_term_string\"}}],\"inLanguage\":\"en-US\"}]}<\/script>\n<!-- \/ Yoast SEO plugin. -->","yoast_head_json":{"title":"Edukimi n\u00eb vazhdim - Od\u00ebn Farmaceutike t\u00eb Maqedonis\u00eb","description":"\u0426\u0435\u043b \u043d\u0430 \u0441\u0442\u0440\u0443\u0447\u043d\u043e\u0442\u043e \u0443\u0441\u043e\u0432\u0440\u0448\u0443\u0432\u0430\u045a\u0435 \u0435 \u043f\u043e\u0441\u0442\u043e\u0458\u0430\u043d\u043e \u0443\u043d\u0430\u043f\u0440\u0435\u0434\u0443\u0432\u0430\u045a\u0435 \u043d\u0430 \u0432\u0435\u045c\u0435 \u0441\u0442\u0435\u043a\u043d\u0430\u0442\u043e\u0442\u043e \u0437\u043d\u0430\u0435\u045a\u0435 \u0437\u0430\u0440\u0430\u0434\u0438 \u043e\u0431\u043b\u0438\u043a\u0443\u0432\u0430\u045a\u0435 \u043d\u0430 \u0441\u043e\u0432\u0440\u0435\u043c\u0435\u043d \u043c\u043e\u0434\u0435\u043b \u043d\u0430 \u0444\u0430\u0440\u043c\u0430\u0446\u0435\u0432\u0442 \u0438 \u043e\u0431\u0435\u0437\u0431\u0435\u0434\u0443\u0432\u0430\u045a\u0435 \u0435\u0434\u0438\u043d\u0441\u0442\u0432\u043e \u0432\u043e \u0444\u0430\u0440\u043c\u0430\u0446\u0435\u0432\u0442\u0441\u043a\u0430\u0442\u0430 \u043f\u0440\u0430\u043a\u0441\u0430. *","robots":{"index":"index","follow":"follow","max-snippet":"max-snippet:-1","max-image-preview":"max-image-preview:large","max-video-preview":"max-video-preview:-1"},"canonical":"https:\/\/fk.mk\/sq\/edukimi-ne-vazhdim\/","og_locale":"en_US","og_type":"article","og_title":"Edukimi n\u00eb vazhdim - Od\u00ebn Farmaceutike t\u00eb Maqedonis\u00eb","og_description":"\u0426\u0435\u043b \u043d\u0430 \u0441\u0442\u0440\u0443\u0447\u043d\u043e\u0442\u043e \u0443\u0441\u043e\u0432\u0440\u0448\u0443\u0432\u0430\u045a\u0435 \u0435 \u043f\u043e\u0441\u0442\u043e\u0458\u0430\u043d\u043e \u0443\u043d\u0430\u043f\u0440\u0435\u0434\u0443\u0432\u0430\u045a\u0435 \u043d\u0430 \u0432\u0435\u045c\u0435 \u0441\u0442\u0435\u043a\u043d\u0430\u0442\u043e\u0442\u043e \u0437\u043d\u0430\u0435\u045a\u0435 \u0437\u0430\u0440\u0430\u0434\u0438 \u043e\u0431\u043b\u0438\u043a\u0443\u0432\u0430\u045a\u0435 \u043d\u0430 \u0441\u043e\u0432\u0440\u0435\u043c\u0435\u043d \u043c\u043e\u0434\u0435\u043b \u043d\u0430 \u0444\u0430\u0440\u043c\u0430\u0446\u0435\u0432\u0442 \u0438 \u043e\u0431\u0435\u0437\u0431\u0435\u0434\u0443\u0432\u0430\u045a\u0435 \u0435\u0434\u0438\u043d\u0441\u0442\u0432\u043e \u0432\u043e \u0444\u0430\u0440\u043c\u0430\u0446\u0435\u0432\u0442\u0441\u043a\u0430\u0442\u0430 \u043f\u0440\u0430\u043a\u0441\u0430. *","og_url":"https:\/\/fk.mk\/sq\/edukimi-ne-vazhdim\/","og_site_name":"Od\u00ebn Farmaceutike t\u00eb Maqedonis\u00eb","twitter_card":"summary_large_image","schema":{"@context":"https:\/\/schema.org","@graph":[{"@type":"WebPage","@id":"https:\/\/fk.mk\/sq\/edukimi-ne-vazhdim\/","url":"https:\/\/fk.mk\/sq\/edukimi-ne-vazhdim\/","name":"Edukimi n\u00eb vazhdim - Od\u00ebn Farmaceutike t\u00eb Maqedonis\u00eb","isPartOf":{"@id":"https:\/\/fk.mk\/sq\/#website"},"datePublished":"2016-04-19T11:27:53+00:00","description":"\u0426\u0435\u043b \u043d\u0430 \u0441\u0442\u0440\u0443\u0447\u043d\u043e\u0442\u043e \u0443\u0441\u043e\u0432\u0440\u0448\u0443\u0432\u0430\u045a\u0435 \u0435 \u043f\u043e\u0441\u0442\u043e\u0458\u0430\u043d\u043e \u0443\u043d\u0430\u043f\u0440\u0435\u0434\u0443\u0432\u0430\u045a\u0435 \u043d\u0430 \u0432\u0435\u045c\u0435 \u0441\u0442\u0435\u043a\u043d\u0430\u0442\u043e\u0442\u043e \u0437\u043d\u0430\u0435\u045a\u0435 \u0437\u0430\u0440\u0430\u0434\u0438 \u043e\u0431\u043b\u0438\u043a\u0443\u0432\u0430\u045a\u0435 \u043d\u0430 \u0441\u043e\u0432\u0440\u0435\u043c\u0435\u043d \u043c\u043e\u0434\u0435\u043b \u043d\u0430 \u0444\u0430\u0440\u043c\u0430\u0446\u0435\u0432\u0442 \u0438 \u043e\u0431\u0435\u0437\u0431\u0435\u0434\u0443\u0432\u0430\u045a\u0435 \u0435\u0434\u0438\u043d\u0441\u0442\u0432\u043e \u0432\u043e \u0444\u0430\u0440\u043c\u0430\u0446\u0435\u0432\u0442\u0441\u043a\u0430\u0442\u0430 \u043f\u0440\u0430\u043a\u0441\u0430. *","breadcrumb":{"@id":"https:\/\/fk.mk\/sq\/edukimi-ne-vazhdim\/#breadcrumb"},"inLanguage":"en-US","potentialAction":[{"@type":"ReadAction","target":["https:\/\/fk.mk\/sq\/edukimi-ne-vazhdim\/"]}]},{"@type":"BreadcrumbList","@id":"https:\/\/fk.mk\/sq\/edukimi-ne-vazhdim\/#breadcrumb","itemListElement":[{"@type":"ListItem","position":1,"name":"Home","item":"https:\/\/fk.mk\/sq\/"},{"@type":"ListItem","position":2,"name":"Edukimi n\u00eb vazhdim"}]},{"@type":"WebSite","@id":"https:\/\/fk.mk\/sq\/#website","url":"https:\/\/fk.mk\/sq\/","name":"Od\u00ebn Farmaceutike t\u00eb Maqedonis\u00eb","description":"\u0424\u0430\u0440\u043c\u0430\u0446\u0435\u0432\u0442\u0441\u043a\u0430 \u041a\u043e\u043c\u043e\u0440\u0430 \u043d\u0430 \u0420\u0435\u043f\u0443\u0431\u043b\u0438\u043a\u0430 \u0421\u0435\u0432\u0435\u0440\u043d\u0430 \u041c\u0430\u043a\u0435\u0434\u043e\u043d\u0438\u0458\u0430","potentialAction":[{"@type":"SearchAction","target":{"@type":"EntryPoint","urlTemplate":"https:\/\/fk.mk\/sq\/?s={search_term_string}"},"query-input":{"@type":"PropertyValueSpecification","valueRequired":true,"valueName":"search_term_string"}}],"inLanguage":"en-US"}]}},"_links":{"self":[{"href":"https:\/\/fk.mk\/sq\/wp-json\/wp\/v2\/pages\/18691","targetHints":{"allow":["GET"]}}],"collection":[{"href":"https:\/\/fk.mk\/sq\/wp-json\/wp\/v2\/pages"}],"about":[{"href":"https:\/\/fk.mk\/sq\/wp-json\/wp\/v2\/types\/page"}],"author":[{"embeddable":true,"href":"https:\/\/fk.mk\/sq\/wp-json\/wp\/v2\/users\/1"}],"replies":[{"embeddable":true,"href":"https:\/\/fk.mk\/sq\/wp-json\/wp\/v2\/comments?post=18691"}],"version-history":[{"count":0,"href":"https:\/\/fk.mk\/sq\/wp-json\/wp\/v2\/pages\/18691\/revisions"}],"wp:attachment":[{"href":"https:\/\/fk.mk\/sq\/wp-json\/wp\/v2\/media?parent=18691"}],"curies":[{"name":"wp","href":"https:\/\/api.w.org\/{rel}","templated":true}]}}