{"id":18681,"date":"2016-04-19T13:28:15","date_gmt":"2016-04-19T11:28:15","guid":{"rendered":"https:\/\/www.fk.mk\/akreditimi\/"},"modified":"2025-08-25T14:14:28","modified_gmt":"2025-08-25T12:14:28","slug":"akreditimi","status":"publish","type":"page","link":"https:\/\/fk.mk\/sq\/edukimi-ne-vazhdim\/akreditimi\/","title":{"rendered":"AKREDITIMI"},"content":{"rendered":"<p>&nbsp;<\/p>\n<p style=\"text-align: justify;\">Pik\u00ebt p\u00ebr secilin lloj t\u00eb ve\u00e7ant\u00eb t\u00eb form\u00ebs s\u00eb zhvillimit profesional jepen n\u00eb rregullore dhe t\u00eb nj\u00ebjtat p\u00ebr secilin rast specifik p\u00ebrcaktohen nga Komisioni i Akreditimit i themeluar n\u00eb Od\u00eb nga Bordi Drejtues i Od\u00ebs si trup i p\u00ebrhersh\u00ebm punues t\u00eb cilit i jan\u00eb besuar aktivitetet q\u00eb kan\u00eb t\u00eb b\u00ebjn\u00eb me akreditimin e formave t\u00eb zhvillimit profesional. Nd\u00ebr t\u00eb tjera, Komisioni zbaton procedur\u00ebn p\u00ebr akreditim &#8211; miratimin e form\u00ebs s\u00eb zhvillimit profesional.<\/p>\n<p style=\"text-align: justify;\">Organizatori i trajnimit profesional paraqet k\u00ebrkes\u00eb p\u00ebr miratim n\u00eb Komisionin e Akreditimit t\u00eb pakt\u00ebn nj\u00eb muaj para mbajtjes s\u00eb tij. K\u00ebrkes\u00ebs i bashk\u00ebngjitet nj\u00eb most\u00ebr me p\u00ebrmbajtjen e formularit t\u00eb zhvillimit profesional. Komisioni merr vendim brenda 30 dit\u00ebve nga dita e paraqitjes s\u00eb k\u00ebrkes\u00ebs. Me vendimin p\u00ebr miratimin e form\u00ebs s\u00eb zhvillimit profesional, vler\u00ebsimi dhe pik\u00ebzimi i tij b\u00ebhet sipas kritereve dhe pik\u00ebve t\u00eb p\u00ebrcaktuara n\u00eb rregullore.<\/p>\n<p style=\"text-align: justify;\">N\u00eb baz\u00eb t\u00eb vendimit miratues organizatori p\u00ebrgatit v\u00ebrtetime ku sh\u00ebnohet emri i form\u00ebs s\u00eb zhvillimit profesional dhe pik\u00ebt e caktuara.P\u00ebr koh\u00ebzgjatjen e periudh\u00ebs s\u00eb licencimit &#8211; shtat\u00eb vjet nga dita e l\u00ebshimit t\u00eb licenc\u00ebs s\u00eb pun\u00ebs, farmacisti \u00ebsht\u00eb i detyruar t\u00eb mbledh\u00eb 140 pik\u00eb p\u00ebrmes pjes\u00ebmarrjes n\u00eb forma t\u00eb ndryshme t\u00eb zhvillimit profesional. P\u00ebr t\u00eb siguruar p\u00ebrmir\u00ebsim t\u00eb vazhduesh\u00ebm profesional, farmacisti i licencuar duhet t\u00eb mbledh\u00eb 20 pik\u00eb n\u00eb vit dhe t\u00eb dor\u00ebzoj\u00eb d\u00ebshmin\u00eb e k\u00ebsaj &#8211; v\u00ebrtetime n\u00eb Od\u00eb nj\u00eb her\u00eb n\u00eb vit.<\/p>\n<h2>DOKUMENTAT E KUJTUARA P\u00cbR AKREDITIM T\u00cb NJ\u00cb FORME T\u00cb ZHVILLIMIT PROFESIONAL<\/h2>\n<h4><a href=\"\/wp-content\/uploads\/sites\/3\/2022\/09\/PER-ORGANIZATOR-\u2013-PERSON-JURIDIK.pdf\" target=\"_blank\" rel=\"noopener\">PER ORGANIZATOR \u2013 PERSON JURIDIK<\/a><\/h4>\n<h4><a href=\"\/wp-content\/uploads\/sites\/3\/2022\/09\/P\u00cbR-K\u00cbRKES\u00cb-INDIVIDUALE-AKREDITIMI.pdf\" target=\"_blank\" rel=\"noopener\">P\u00cbR K\u00cbRKES\u00cb INDIVIDUALE AKREDITIMI<\/a><\/h4>\n<h4><a href=\"https:\/\/fk.mk\/sq\/wp-content\/uploads\/sites\/3\/2025\/08\/KERKESE-PER-AKREDITIM.pdf\" target=\"_blank\" rel=\"noopener\">K\u00cbRKES\u00cb P\u00cbR AKREDITIM<\/a><\/h4>\n<p>&nbsp;<\/p>\n","protected":false},"excerpt":{"rendered":"<p>&nbsp; Pik\u00ebt p\u00ebr secilin lloj t\u00eb ve\u00e7ant\u00eb t\u00eb form\u00ebs s\u00eb zhvillimit profesional jepen n\u00eb rregullore dhe t\u00eb nj\u00ebjtat p\u00ebr secilin rast specifik p\u00ebrcaktohen nga Komisioni i Akreditimit i themeluar n\u00eb Od\u00eb nga Bordi Drejtues i Od\u00ebs si trup i p\u00ebrhersh\u00ebm punues t\u00eb cilit i jan\u00eb besuar aktivitetet q\u00eb kan\u00eb t\u00eb b\u00ebjn\u00eb me akreditimin e formave [&hellip;]<\/p>\n","protected":false},"author":1,"featured_media":0,"parent":18691,"menu_order":1,"comment_status":"closed","ping_status":"closed","template":"","meta":{"jnews_page_loop":{"first_title":"Latest Post","header_type":"heading_6","layout":"right-sidebar","sidebar":"default-sidebar","second_sidebar":"default-sidebar","sticky_sidebar":"1","module":"3","main_custom_image_size":"default","second_custom_image_size":"default","excerpt_length":"20","content_date":"default","date_custom":"Y\/m\/d","content_pagination":"nav_1","pagination_align":"center","post_sticky":"0","post_offset":"0","posts_per_page":"5","sort_by":"latest"},"jnews_single_page":{"layout":"no-sidebar","sidebar":"default-sidebar","second_sidebar":"default-sidebar","sticky_sidebar":"1","show_post_title":"1","show_post_breadcrumbs":"1","show_post_featured":"1","share_position":"top","share_color":"share-monocrhome"},"jnews_social_meta":[],"footnotes":""},"class_list":["post-18681","page","type-page","status-publish","hentry"],"yoast_head":"<!-- This site is optimized with the Yoast SEO plugin v27.4 - https:\/\/yoast.com\/product\/yoast-seo-wordpress\/ -->\n<title>AKREDITIMI - Od\u00ebn Farmaceutike t\u00eb Maqedonis\u00eb<\/title>\n<meta name=\"description\" content=\"\u0411\u043e\u0434\u043e\u0432\u0438\u0442\u0435 \u0437\u0430 \u0441\u0435\u043a\u043e\u0458 \u043e\u0434\u0434\u0435\u043b\u0435\u043d \u0432\u0438\u0434 \u043e\u0431\u043b\u0438\u043a \u043d\u0430 \u0441\u0442\u0440\u0443\u0447\u043d\u043e \u0443\u0441\u043e\u0432\u0440\u0448\u0443\u0432\u0430\u045a\u0435 \u0434\u0430\u0434\u0435\u043d\u0438 \u0441\u0435 \u0432\u043e \u043f\u0440\u0430\u0432\u0438\u043b\u043d\u0438\u043a\u043e\u0442 \u0438 \u0438\u0441\u0442\u0438\u0442\u0435 \u0437\u0430 \u0441\u0435\u043a\u043e\u0458 \u043a\u043e\u043d\u043a\u0440\u0435\u0442\u0435\u043d \u0441\u043b\u0443\u0447\u0430\u0458 \u0433\u0438 \u043e\u0434\u0440\u0435\u0434\u0443\u0432\u0430 \u041a\u043e\u043c\u0438\u0441\u0438\u0458\u0430\u0442\u0430 \u0437\u0430 \u0430\u043a\u0440\u0435\u0434\u0438\u0442\u0430\u0446\u0438\u0458\u0430 \u0444\u043e\u0440\u043c\u0438\u0440\u0430\u043d\u0430 \u0432\u043e \u041a\u043e\u043c\u043e\u0440\u0430\u0442\u0430 \u043e\u0434 \u0441\u0442\u0440\u0430\u043d\u0430 \u043d\u0430 \u0423\u043f\u0440\u0430\u0432\u043d\u0438\u043e\u0442 \u043e\u0434\u0431\u043e\u0440 \u043d\u0430 \u041a\u043e\u043c\u043e\u0440\u0430\u0442\u0430 \u043a\u0430\u043a\u043e \u043f\u043e\u0441\u0442\u043e\u0458\u0430\u043d\u043e \u0440\u0430\u0431\u043e\u0442\u043d\u043e \u0442\u0435\u043b\u043e \u043d\u0430 \u043a\u043e\u0435 \u0441\u0435 \u0434\u043e\u0432\u0435\u0440\u0435\u043d\u0438 \u0430\u043a\u0442\u0438\u0432\u043d\u043e\u0441\u0442\u0438\u0442\u0435 \u043e\u043a\u043e\u043b\u0443 \u0430\u043a\u0440\u0435\u0434\u0438\u0442\u0438\u0440\u0430\u045a\u0435\u0442\u043e \u043d\u0430 \u043e\u0431\u043b\u0438\u0446\u0438\u0442\u0435 \u043d\u0430 \u0441\u0442\u0440\u0443\u0447\u043d\u043e\u0442\u043e \u0443\u0441\u043e\u0432\u0440\u0448\u0443\u0432\u0430\u045a\u0435*\" \/>\n<meta name=\"robots\" content=\"index, follow, max-snippet:-1, max-image-preview:large, max-video-preview:-1\" \/>\n<link rel=\"canonical\" href=\"https:\/\/fk.mk\/sq\/edukimi-ne-vazhdim\/akreditimi\/\" \/>\n<meta property=\"og:locale\" content=\"en_US\" \/>\n<meta property=\"og:type\" content=\"article\" \/>\n<meta property=\"og:title\" content=\"AKREDITIMI - Od\u00ebn Farmaceutike t\u00eb Maqedonis\u00eb\" \/>\n<meta property=\"og:description\" content=\"\u0411\u043e\u0434\u043e\u0432\u0438\u0442\u0435 \u0437\u0430 \u0441\u0435\u043a\u043e\u0458 \u043e\u0434\u0434\u0435\u043b\u0435\u043d \u0432\u0438\u0434 \u043e\u0431\u043b\u0438\u043a \u043d\u0430 \u0441\u0442\u0440\u0443\u0447\u043d\u043e \u0443\u0441\u043e\u0432\u0440\u0448\u0443\u0432\u0430\u045a\u0435 \u0434\u0430\u0434\u0435\u043d\u0438 \u0441\u0435 \u0432\u043e \u043f\u0440\u0430\u0432\u0438\u043b\u043d\u0438\u043a\u043e\u0442 \u0438 \u0438\u0441\u0442\u0438\u0442\u0435 \u0437\u0430 \u0441\u0435\u043a\u043e\u0458 \u043a\u043e\u043d\u043a\u0440\u0435\u0442\u0435\u043d \u0441\u043b\u0443\u0447\u0430\u0458 \u0433\u0438 \u043e\u0434\u0440\u0435\u0434\u0443\u0432\u0430 \u041a\u043e\u043c\u0438\u0441\u0438\u0458\u0430\u0442\u0430 \u0437\u0430 \u0430\u043a\u0440\u0435\u0434\u0438\u0442\u0430\u0446\u0438\u0458\u0430 \u0444\u043e\u0440\u043c\u0438\u0440\u0430\u043d\u0430 \u0432\u043e \u041a\u043e\u043c\u043e\u0440\u0430\u0442\u0430 \u043e\u0434 \u0441\u0442\u0440\u0430\u043d\u0430 \u043d\u0430 \u0423\u043f\u0440\u0430\u0432\u043d\u0438\u043e\u0442 \u043e\u0434\u0431\u043e\u0440 \u043d\u0430 \u041a\u043e\u043c\u043e\u0440\u0430\u0442\u0430 \u043a\u0430\u043a\u043e \u043f\u043e\u0441\u0442\u043e\u0458\u0430\u043d\u043e \u0440\u0430\u0431\u043e\u0442\u043d\u043e \u0442\u0435\u043b\u043e \u043d\u0430 \u043a\u043e\u0435 \u0441\u0435 \u0434\u043e\u0432\u0435\u0440\u0435\u043d\u0438 \u0430\u043a\u0442\u0438\u0432\u043d\u043e\u0441\u0442\u0438\u0442\u0435 \u043e\u043a\u043e\u043b\u0443 \u0430\u043a\u0440\u0435\u0434\u0438\u0442\u0438\u0440\u0430\u045a\u0435\u0442\u043e \u043d\u0430 \u043e\u0431\u043b\u0438\u0446\u0438\u0442\u0435 \u043d\u0430 \u0441\u0442\u0440\u0443\u0447\u043d\u043e\u0442\u043e \u0443\u0441\u043e\u0432\u0440\u0448\u0443\u0432\u0430\u045a\u0435*\" \/>\n<meta property=\"og:url\" content=\"https:\/\/fk.mk\/sq\/edukimi-ne-vazhdim\/akreditimi\/\" \/>\n<meta property=\"og:site_name\" content=\"Od\u00ebn Farmaceutike t\u00eb Maqedonis\u00eb\" \/>\n<meta property=\"article:modified_time\" content=\"2025-08-25T12:14:28+00:00\" \/>\n<meta name=\"twitter:card\" content=\"summary_large_image\" \/>\n<meta name=\"twitter:label1\" content=\"Est. reading time\" \/>\n\t<meta name=\"twitter:data1\" content=\"2 minutes\" \/>\n<script type=\"application\/ld+json\" class=\"yoast-schema-graph\">{\"@context\":\"https:\\\/\\\/schema.org\",\"@graph\":[{\"@type\":\"WebPage\",\"@id\":\"https:\\\/\\\/fk.mk\\\/sq\\\/edukimi-ne-vazhdim\\\/akreditimi\\\/\",\"url\":\"https:\\\/\\\/fk.mk\\\/sq\\\/edukimi-ne-vazhdim\\\/akreditimi\\\/\",\"name\":\"AKREDITIMI - Od\u00ebn Farmaceutike t\u00eb Maqedonis\u00eb\",\"isPartOf\":{\"@id\":\"https:\\\/\\\/fk.mk\\\/sq\\\/#website\"},\"datePublished\":\"2016-04-19T11:28:15+00:00\",\"dateModified\":\"2025-08-25T12:14:28+00:00\",\"description\":\"\u0411\u043e\u0434\u043e\u0432\u0438\u0442\u0435 \u0437\u0430 \u0441\u0435\u043a\u043e\u0458 \u043e\u0434\u0434\u0435\u043b\u0435\u043d \u0432\u0438\u0434 \u043e\u0431\u043b\u0438\u043a \u043d\u0430 \u0441\u0442\u0440\u0443\u0447\u043d\u043e \u0443\u0441\u043e\u0432\u0440\u0448\u0443\u0432\u0430\u045a\u0435 \u0434\u0430\u0434\u0435\u043d\u0438 \u0441\u0435 \u0432\u043e \u043f\u0440\u0430\u0432\u0438\u043b\u043d\u0438\u043a\u043e\u0442 \u0438 \u0438\u0441\u0442\u0438\u0442\u0435 \u0437\u0430 \u0441\u0435\u043a\u043e\u0458 \u043a\u043e\u043d\u043a\u0440\u0435\u0442\u0435\u043d \u0441\u043b\u0443\u0447\u0430\u0458 \u0433\u0438 \u043e\u0434\u0440\u0435\u0434\u0443\u0432\u0430 \u041a\u043e\u043c\u0438\u0441\u0438\u0458\u0430\u0442\u0430 \u0437\u0430 \u0430\u043a\u0440\u0435\u0434\u0438\u0442\u0430\u0446\u0438\u0458\u0430 \u0444\u043e\u0440\u043c\u0438\u0440\u0430\u043d\u0430 \u0432\u043e \u041a\u043e\u043c\u043e\u0440\u0430\u0442\u0430 \u043e\u0434 \u0441\u0442\u0440\u0430\u043d\u0430 \u043d\u0430 \u0423\u043f\u0440\u0430\u0432\u043d\u0438\u043e\u0442 \u043e\u0434\u0431\u043e\u0440 \u043d\u0430 \u041a\u043e\u043c\u043e\u0440\u0430\u0442\u0430 \u043a\u0430\u043a\u043e \u043f\u043e\u0441\u0442\u043e\u0458\u0430\u043d\u043e \u0440\u0430\u0431\u043e\u0442\u043d\u043e \u0442\u0435\u043b\u043e \u043d\u0430 \u043a\u043e\u0435 \u0441\u0435 \u0434\u043e\u0432\u0435\u0440\u0435\u043d\u0438 \u0430\u043a\u0442\u0438\u0432\u043d\u043e\u0441\u0442\u0438\u0442\u0435 \u043e\u043a\u043e\u043b\u0443 \u0430\u043a\u0440\u0435\u0434\u0438\u0442\u0438\u0440\u0430\u045a\u0435\u0442\u043e \u043d\u0430 \u043e\u0431\u043b\u0438\u0446\u0438\u0442\u0435 \u043d\u0430 \u0441\u0442\u0440\u0443\u0447\u043d\u043e\u0442\u043e \u0443\u0441\u043e\u0432\u0440\u0448\u0443\u0432\u0430\u045a\u0435*\",\"breadcrumb\":{\"@id\":\"https:\\\/\\\/fk.mk\\\/sq\\\/edukimi-ne-vazhdim\\\/akreditimi\\\/#breadcrumb\"},\"inLanguage\":\"en-US\",\"potentialAction\":[{\"@type\":\"ReadAction\",\"target\":[\"https:\\\/\\\/fk.mk\\\/sq\\\/edukimi-ne-vazhdim\\\/akreditimi\\\/\"]}]},{\"@type\":\"BreadcrumbList\",\"@id\":\"https:\\\/\\\/fk.mk\\\/sq\\\/edukimi-ne-vazhdim\\\/akreditimi\\\/#breadcrumb\",\"itemListElement\":[{\"@type\":\"ListItem\",\"position\":1,\"name\":\"Home\",\"item\":\"https:\\\/\\\/fk.mk\\\/sq\\\/\"},{\"@type\":\"ListItem\",\"position\":2,\"name\":\"Edukimi n\u00eb vazhdim\",\"item\":\"https:\\\/\\\/fk.mk\\\/sq\\\/edukimi-ne-vazhdim\\\/\"},{\"@type\":\"ListItem\",\"position\":3,\"name\":\"AKREDITIMI\"}]},{\"@type\":\"WebSite\",\"@id\":\"https:\\\/\\\/fk.mk\\\/sq\\\/#website\",\"url\":\"https:\\\/\\\/fk.mk\\\/sq\\\/\",\"name\":\"Od\u00ebn Farmaceutike t\u00eb Maqedonis\u00eb\",\"description\":\"\u0424\u0430\u0440\u043c\u0430\u0446\u0435\u0432\u0442\u0441\u043a\u0430 \u041a\u043e\u043c\u043e\u0440\u0430 \u043d\u0430 \u0420\u0435\u043f\u0443\u0431\u043b\u0438\u043a\u0430 \u0421\u0435\u0432\u0435\u0440\u043d\u0430 \u041c\u0430\u043a\u0435\u0434\u043e\u043d\u0438\u0458\u0430\",\"potentialAction\":[{\"@type\":\"SearchAction\",\"target\":{\"@type\":\"EntryPoint\",\"urlTemplate\":\"https:\\\/\\\/fk.mk\\\/sq\\\/?s={search_term_string}\"},\"query-input\":{\"@type\":\"PropertyValueSpecification\",\"valueRequired\":true,\"valueName\":\"search_term_string\"}}],\"inLanguage\":\"en-US\"}]}<\/script>\n<!-- \/ Yoast SEO plugin. -->","yoast_head_json":{"title":"AKREDITIMI - Od\u00ebn Farmaceutike t\u00eb Maqedonis\u00eb","description":"\u0411\u043e\u0434\u043e\u0432\u0438\u0442\u0435 \u0437\u0430 \u0441\u0435\u043a\u043e\u0458 \u043e\u0434\u0434\u0435\u043b\u0435\u043d \u0432\u0438\u0434 \u043e\u0431\u043b\u0438\u043a \u043d\u0430 \u0441\u0442\u0440\u0443\u0447\u043d\u043e \u0443\u0441\u043e\u0432\u0440\u0448\u0443\u0432\u0430\u045a\u0435 \u0434\u0430\u0434\u0435\u043d\u0438 \u0441\u0435 \u0432\u043e \u043f\u0440\u0430\u0432\u0438\u043b\u043d\u0438\u043a\u043e\u0442 \u0438 \u0438\u0441\u0442\u0438\u0442\u0435 \u0437\u0430 \u0441\u0435\u043a\u043e\u0458 \u043a\u043e\u043d\u043a\u0440\u0435\u0442\u0435\u043d \u0441\u043b\u0443\u0447\u0430\u0458 \u0433\u0438 \u043e\u0434\u0440\u0435\u0434\u0443\u0432\u0430 \u041a\u043e\u043c\u0438\u0441\u0438\u0458\u0430\u0442\u0430 \u0437\u0430 \u0430\u043a\u0440\u0435\u0434\u0438\u0442\u0430\u0446\u0438\u0458\u0430 \u0444\u043e\u0440\u043c\u0438\u0440\u0430\u043d\u0430 \u0432\u043e \u041a\u043e\u043c\u043e\u0440\u0430\u0442\u0430 \u043e\u0434 \u0441\u0442\u0440\u0430\u043d\u0430 \u043d\u0430 \u0423\u043f\u0440\u0430\u0432\u043d\u0438\u043e\u0442 \u043e\u0434\u0431\u043e\u0440 \u043d\u0430 \u041a\u043e\u043c\u043e\u0440\u0430\u0442\u0430 \u043a\u0430\u043a\u043e \u043f\u043e\u0441\u0442\u043e\u0458\u0430\u043d\u043e \u0440\u0430\u0431\u043e\u0442\u043d\u043e \u0442\u0435\u043b\u043e \u043d\u0430 \u043a\u043e\u0435 \u0441\u0435 \u0434\u043e\u0432\u0435\u0440\u0435\u043d\u0438 \u0430\u043a\u0442\u0438\u0432\u043d\u043e\u0441\u0442\u0438\u0442\u0435 \u043e\u043a\u043e\u043b\u0443 \u0430\u043a\u0440\u0435\u0434\u0438\u0442\u0438\u0440\u0430\u045a\u0435\u0442\u043e \u043d\u0430 \u043e\u0431\u043b\u0438\u0446\u0438\u0442\u0435 \u043d\u0430 \u0441\u0442\u0440\u0443\u0447\u043d\u043e\u0442\u043e \u0443\u0441\u043e\u0432\u0440\u0448\u0443\u0432\u0430\u045a\u0435*","robots":{"index":"index","follow":"follow","max-snippet":"max-snippet:-1","max-image-preview":"max-image-preview:large","max-video-preview":"max-video-preview:-1"},"canonical":"https:\/\/fk.mk\/sq\/edukimi-ne-vazhdim\/akreditimi\/","og_locale":"en_US","og_type":"article","og_title":"AKREDITIMI - Od\u00ebn Farmaceutike t\u00eb Maqedonis\u00eb","og_description":"\u0411\u043e\u0434\u043e\u0432\u0438\u0442\u0435 \u0437\u0430 \u0441\u0435\u043a\u043e\u0458 \u043e\u0434\u0434\u0435\u043b\u0435\u043d \u0432\u0438\u0434 \u043e\u0431\u043b\u0438\u043a \u043d\u0430 \u0441\u0442\u0440\u0443\u0447\u043d\u043e \u0443\u0441\u043e\u0432\u0440\u0448\u0443\u0432\u0430\u045a\u0435 \u0434\u0430\u0434\u0435\u043d\u0438 \u0441\u0435 \u0432\u043e \u043f\u0440\u0430\u0432\u0438\u043b\u043d\u0438\u043a\u043e\u0442 \u0438 \u0438\u0441\u0442\u0438\u0442\u0435 \u0437\u0430 \u0441\u0435\u043a\u043e\u0458 \u043a\u043e\u043d\u043a\u0440\u0435\u0442\u0435\u043d \u0441\u043b\u0443\u0447\u0430\u0458 \u0433\u0438 \u043e\u0434\u0440\u0435\u0434\u0443\u0432\u0430 \u041a\u043e\u043c\u0438\u0441\u0438\u0458\u0430\u0442\u0430 \u0437\u0430 \u0430\u043a\u0440\u0435\u0434\u0438\u0442\u0430\u0446\u0438\u0458\u0430 \u0444\u043e\u0440\u043c\u0438\u0440\u0430\u043d\u0430 \u0432\u043e \u041a\u043e\u043c\u043e\u0440\u0430\u0442\u0430 \u043e\u0434 \u0441\u0442\u0440\u0430\u043d\u0430 \u043d\u0430 \u0423\u043f\u0440\u0430\u0432\u043d\u0438\u043e\u0442 \u043e\u0434\u0431\u043e\u0440 \u043d\u0430 \u041a\u043e\u043c\u043e\u0440\u0430\u0442\u0430 \u043a\u0430\u043a\u043e \u043f\u043e\u0441\u0442\u043e\u0458\u0430\u043d\u043e \u0440\u0430\u0431\u043e\u0442\u043d\u043e \u0442\u0435\u043b\u043e \u043d\u0430 \u043a\u043e\u0435 \u0441\u0435 \u0434\u043e\u0432\u0435\u0440\u0435\u043d\u0438 \u0430\u043a\u0442\u0438\u0432\u043d\u043e\u0441\u0442\u0438\u0442\u0435 \u043e\u043a\u043e\u043b\u0443 \u0430\u043a\u0440\u0435\u0434\u0438\u0442\u0438\u0440\u0430\u045a\u0435\u0442\u043e \u043d\u0430 \u043e\u0431\u043b\u0438\u0446\u0438\u0442\u0435 \u043d\u0430 \u0441\u0442\u0440\u0443\u0447\u043d\u043e\u0442\u043e \u0443\u0441\u043e\u0432\u0440\u0448\u0443\u0432\u0430\u045a\u0435*","og_url":"https:\/\/fk.mk\/sq\/edukimi-ne-vazhdim\/akreditimi\/","og_site_name":"Od\u00ebn Farmaceutike t\u00eb Maqedonis\u00eb","article_modified_time":"2025-08-25T12:14:28+00:00","twitter_card":"summary_large_image","twitter_misc":{"Est. reading time":"2 minutes"},"schema":{"@context":"https:\/\/schema.org","@graph":[{"@type":"WebPage","@id":"https:\/\/fk.mk\/sq\/edukimi-ne-vazhdim\/akreditimi\/","url":"https:\/\/fk.mk\/sq\/edukimi-ne-vazhdim\/akreditimi\/","name":"AKREDITIMI - Od\u00ebn Farmaceutike t\u00eb Maqedonis\u00eb","isPartOf":{"@id":"https:\/\/fk.mk\/sq\/#website"},"datePublished":"2016-04-19T11:28:15+00:00","dateModified":"2025-08-25T12:14:28+00:00","description":"\u0411\u043e\u0434\u043e\u0432\u0438\u0442\u0435 \u0437\u0430 \u0441\u0435\u043a\u043e\u0458 \u043e\u0434\u0434\u0435\u043b\u0435\u043d \u0432\u0438\u0434 \u043e\u0431\u043b\u0438\u043a \u043d\u0430 \u0441\u0442\u0440\u0443\u0447\u043d\u043e \u0443\u0441\u043e\u0432\u0440\u0448\u0443\u0432\u0430\u045a\u0435 \u0434\u0430\u0434\u0435\u043d\u0438 \u0441\u0435 \u0432\u043e \u043f\u0440\u0430\u0432\u0438\u043b\u043d\u0438\u043a\u043e\u0442 \u0438 \u0438\u0441\u0442\u0438\u0442\u0435 \u0437\u0430 \u0441\u0435\u043a\u043e\u0458 \u043a\u043e\u043d\u043a\u0440\u0435\u0442\u0435\u043d \u0441\u043b\u0443\u0447\u0430\u0458 \u0433\u0438 \u043e\u0434\u0440\u0435\u0434\u0443\u0432\u0430 \u041a\u043e\u043c\u0438\u0441\u0438\u0458\u0430\u0442\u0430 \u0437\u0430 \u0430\u043a\u0440\u0435\u0434\u0438\u0442\u0430\u0446\u0438\u0458\u0430 \u0444\u043e\u0440\u043c\u0438\u0440\u0430\u043d\u0430 \u0432\u043e \u041a\u043e\u043c\u043e\u0440\u0430\u0442\u0430 \u043e\u0434 \u0441\u0442\u0440\u0430\u043d\u0430 \u043d\u0430 \u0423\u043f\u0440\u0430\u0432\u043d\u0438\u043e\u0442 \u043e\u0434\u0431\u043e\u0440 \u043d\u0430 \u041a\u043e\u043c\u043e\u0440\u0430\u0442\u0430 \u043a\u0430\u043a\u043e \u043f\u043e\u0441\u0442\u043e\u0458\u0430\u043d\u043e \u0440\u0430\u0431\u043e\u0442\u043d\u043e \u0442\u0435\u043b\u043e \u043d\u0430 \u043a\u043e\u0435 \u0441\u0435 \u0434\u043e\u0432\u0435\u0440\u0435\u043d\u0438 \u0430\u043a\u0442\u0438\u0432\u043d\u043e\u0441\u0442\u0438\u0442\u0435 \u043e\u043a\u043e\u043b\u0443 \u0430\u043a\u0440\u0435\u0434\u0438\u0442\u0438\u0440\u0430\u045a\u0435\u0442\u043e \u043d\u0430 \u043e\u0431\u043b\u0438\u0446\u0438\u0442\u0435 \u043d\u0430 \u0441\u0442\u0440\u0443\u0447\u043d\u043e\u0442\u043e \u0443\u0441\u043e\u0432\u0440\u0448\u0443\u0432\u0430\u045a\u0435*","breadcrumb":{"@id":"https:\/\/fk.mk\/sq\/edukimi-ne-vazhdim\/akreditimi\/#breadcrumb"},"inLanguage":"en-US","potentialAction":[{"@type":"ReadAction","target":["https:\/\/fk.mk\/sq\/edukimi-ne-vazhdim\/akreditimi\/"]}]},{"@type":"BreadcrumbList","@id":"https:\/\/fk.mk\/sq\/edukimi-ne-vazhdim\/akreditimi\/#breadcrumb","itemListElement":[{"@type":"ListItem","position":1,"name":"Home","item":"https:\/\/fk.mk\/sq\/"},{"@type":"ListItem","position":2,"name":"Edukimi n\u00eb vazhdim","item":"https:\/\/fk.mk\/sq\/edukimi-ne-vazhdim\/"},{"@type":"ListItem","position":3,"name":"AKREDITIMI"}]},{"@type":"WebSite","@id":"https:\/\/fk.mk\/sq\/#website","url":"https:\/\/fk.mk\/sq\/","name":"Od\u00ebn Farmaceutike t\u00eb Maqedonis\u00eb","description":"\u0424\u0430\u0440\u043c\u0430\u0446\u0435\u0432\u0442\u0441\u043a\u0430 \u041a\u043e\u043c\u043e\u0440\u0430 \u043d\u0430 \u0420\u0435\u043f\u0443\u0431\u043b\u0438\u043a\u0430 \u0421\u0435\u0432\u0435\u0440\u043d\u0430 \u041c\u0430\u043a\u0435\u0434\u043e\u043d\u0438\u0458\u0430","potentialAction":[{"@type":"SearchAction","target":{"@type":"EntryPoint","urlTemplate":"https:\/\/fk.mk\/sq\/?s={search_term_string}"},"query-input":{"@type":"PropertyValueSpecification","valueRequired":true,"valueName":"search_term_string"}}],"inLanguage":"en-US"}]}},"_links":{"self":[{"href":"https:\/\/fk.mk\/sq\/wp-json\/wp\/v2\/pages\/18681","targetHints":{"allow":["GET"]}}],"collection":[{"href":"https:\/\/fk.mk\/sq\/wp-json\/wp\/v2\/pages"}],"about":[{"href":"https:\/\/fk.mk\/sq\/wp-json\/wp\/v2\/types\/page"}],"author":[{"embeddable":true,"href":"https:\/\/fk.mk\/sq\/wp-json\/wp\/v2\/users\/1"}],"replies":[{"embeddable":true,"href":"https:\/\/fk.mk\/sq\/wp-json\/wp\/v2\/comments?post=18681"}],"version-history":[{"count":3,"href":"https:\/\/fk.mk\/sq\/wp-json\/wp\/v2\/pages\/18681\/revisions"}],"predecessor-version":[{"id":24488,"href":"https:\/\/fk.mk\/sq\/wp-json\/wp\/v2\/pages\/18681\/revisions\/24488"}],"up":[{"embeddable":true,"href":"https:\/\/fk.mk\/sq\/wp-json\/wp\/v2\/pages\/18691"}],"wp:attachment":[{"href":"https:\/\/fk.mk\/sq\/wp-json\/wp\/v2\/media?parent=18681"}],"curies":[{"name":"wp","href":"https:\/\/api.w.org\/{rel}","templated":true}]}}