{"id":18510,"date":"2016-04-19T13:26:56","date_gmt":"2016-04-19T11:26:56","guid":{"rendered":"https:\/\/www.fk.mk\/per-anetaret\/pune-prove-dhe-provimi-profesional\/"},"modified":"2025-09-03T22:01:29","modified_gmt":"2025-09-03T20:01:29","slug":"pune-prove-dhe-provimi-profesional","status":"publish","type":"page","link":"https:\/\/fk.mk\/sq\/per-anetaret\/pune-prove-dhe-provimi-profesional\/","title":{"rendered":"PUN\u00cb PROV\u00cb DHE PROVIMI PROFESIONAL"},"content":{"rendered":"<p>&nbsp;<\/p>\n<p style=\"text-align: justify;\">Organizimi dhe zbatimi i dh\u00ebnies s\u00eb provimit profesional t\u00eb pun\u00ebtor\u00ebve sh\u00ebndet\u00ebsor\u00eb me arsim t\u00eb lart\u00eb nga l\u00ebmia e farmacis\u00eb si autoritet publik i \u00ebsht\u00eb transferuar Od\u00ebs Farmaceutike t\u00eb Maqedonis\u00eb me Ligjin p\u00ebr ndryshimin dhe plot\u00ebsimin e Ligjit p\u00ebr kujdesin sh\u00ebndet\u00ebsor, Sl. Gazeta e Republik\u00ebs s\u00eb Moldavis\u00eb nr. 10\/2004.<\/p>\n<p style=\"text-align: justify;\">Puna e kryer provuese \u00ebsht\u00eb kusht p\u00ebr marrjen e provimit profesional, kurse provimi i dh\u00ebn\u00eb profesional \u00ebsht\u00eb kusht p\u00ebr marrjen e Licenc\u00ebs s\u00eb Pun\u00ebs. Punonj\u00ebsi i sh\u00ebndet\u00ebsis\u00eb me arsim t\u00eb lart\u00eb n\u00eb fush\u00ebn e farmacis\u00eb, pasi mbaron fakultetin, regjistrohet n\u00eb Dhom\u00ebn e Farmacis\u00eb p\u00ebr t\u00eb nisur pun\u00ebn prov\u00eb, e cila zgjat 6 muaj p\u00ebr master\u00ebt dhe 12 muaj p\u00ebr farmacist\u00ebt e diplomuar.<\/p>\n<p style=\"text-align: justify;\">Para s\u00eb gjithash, duhet t\u00eb regjistroheni n\u00eb portalin ton\u00eb p\u00ebrmes link-ut m\u00ebposht\u00eb<em><strong><span style=\"color: #333399;\"><button type=\"button\"><a style=\"color: #333399;\" href=\"https:\/\/portal.fk.mk\/Main\/Login.aspx\">Regjistrohu k\u00ebtu<\/a><\/button><\/span><\/strong><\/em><\/p>\n<p style=\"text-align: justify;\">K\u00ebrkes\u00ebn p\u00ebr pun\u00eb prov\u00eb mund ta shkarkoni ose d\u00ebrgoni <a href=\"https:\/\/www.fk.mk\/sq\/per-anetaret\/aplikacionet-dhe-kerkesat\/\">n\u00eb linkun e m\u00ebposht\u00ebm<\/a>.<\/p>\n<p style=\"text-align: justify;\">K\u00ebrkes\u00ebs duhet t&#8217;i bashk\u00ebngjiten d\u00ebshmit\u00eb e m\u00ebposhtme:<\/p>\n<ul style=\"text-align: justify;\">\n<li>V\u00ebrtetim t\u00eb arsimit t\u00eb lart\u00eb t\u00eb kryer<\/li>\n<li>D\u00ebshmi e kompensimit t\u00eb paguar<\/li>\n<li>Libreza praktike<\/li>\n<li>D\u00ebshmin\u00eb e shtet\u00ebsis\u00eb<\/li>\n<\/ul>\n<p style=\"text-align: justify;\">P\u00ebr pun\u00ebtor\u00ebt sh\u00ebndet\u00ebsor\u00eb me arsim t\u00eb lart\u00eb t\u00eb cil\u00ebt kan\u00eb p\u00ebrfunduar studimet jasht\u00eb vendit, \u00ebsht\u00eb e nevojshme zgjidhje p\u00ebr njohjen e kualifikimit t\u00eb arsimit t\u00eb lart\u00eb nga Ministria e Arsimit dhe Shkenc\u00ebs s\u00eb Republik\u00ebs s\u00eb Maqedonis\u00eb.<\/p>\n<p style=\"text-align: justify;\">D\u00ebshmia dor\u00ebzohet n\u00eb fotokopje t\u00eb noterizuar, personalisht n\u00eb hap\u00ebsirat e Od\u00ebs Farmaceutike t\u00eb Republik\u00ebs s\u00eb Maqedonis\u00eb.<\/p>\n<p style=\"text-align: justify;\">Pas p\u00ebrfundimit t\u00eb pun\u00ebs prov\u00eb, n\u00eb Dhom\u00ebn Farmaceutike i dor\u00ebzohen:<\/p>\n<ul>\n<li style=\"text-align: justify;\">aplikimi p\u00ebr marrjen e provimit profesional dhe<\/li>\n<li style=\"text-align: justify;\">V\u00ebrtetim p\u00ebr praktik\u00ebn e kryer &#8211; libri i praktik\u00ebs,<\/li>\n<\/ul>\n<h4><a href=\"https:\/\/fk.mk\/sq\/wp-content\/uploads\/sites\/3\/2025\/09\/PLANI-DHE-PROGRAMI-PER-PRAKTIKE.pdf\" target=\"_blank\" rel=\"noopener\">PLANI DHE PROGRAMI P\u00cbR PRAKTIK\u00cb<\/a><\/h4>\n<h4><a href=\"https:\/\/fk.mk\/sq\/informacion-per-dhenien-e-provimit-profesional\/\">INFORMACION P\u00cbR DH\u00cbNIEN E PROVIMIT PROFESIONAL<\/a><\/h4>\n<p>&nbsp;<\/p>\n","protected":false},"excerpt":{"rendered":"<p>&nbsp; Organizimi dhe zbatimi i dh\u00ebnies s\u00eb provimit profesional t\u00eb pun\u00ebtor\u00ebve sh\u00ebndet\u00ebsor\u00eb me arsim t\u00eb lart\u00eb nga l\u00ebmia e farmacis\u00eb si autoritet publik i \u00ebsht\u00eb transferuar Od\u00ebs Farmaceutike t\u00eb Maqedonis\u00eb me Ligjin p\u00ebr ndryshimin dhe plot\u00ebsimin e Ligjit p\u00ebr kujdesin sh\u00ebndet\u00ebsor, Sl. Gazeta e Republik\u00ebs s\u00eb Moldavis\u00eb nr. 10\/2004. Puna e kryer provuese \u00ebsht\u00eb kusht [&hellip;]<\/p>\n","protected":false},"author":1,"featured_media":0,"parent":18490,"menu_order":3,"comment_status":"closed","ping_status":"closed","template":"","meta":{"jnews_page_loop":{"first_title":"Latest Post","header_type":"heading_6","layout":"right-sidebar","sidebar":"default-sidebar","second_sidebar":"default-sidebar","sticky_sidebar":"1","module":"3","main_custom_image_size":"default","second_custom_image_size":"default","excerpt_length":"20","content_date":"default","date_custom":"Y\/m\/d","content_pagination":"nav_1","pagination_align":"center","post_sticky":"0","post_offset":"0","posts_per_page":"5","sort_by":"latest"},"jnews_single_page":{"layout":"no-sidebar","sidebar":"default-sidebar","second_sidebar":"default-sidebar","sticky_sidebar":"1","show_post_title":"1","show_post_breadcrumbs":"1","show_post_featured":"1","share_position":"top","share_color":"share-monocrhome"},"jnews_social_meta":[],"footnotes":""},"class_list":["post-18510","page","type-page","status-publish","hentry"],"yoast_head":"<!-- This site is optimized with the Yoast SEO plugin v27.4 - https:\/\/yoast.com\/product\/yoast-seo-wordpress\/ -->\n<title>PUN\u00cb PROV\u00cb DHE PROVIMI PROFESIONAL - Od\u00ebn Farmaceutike t\u00eb Maqedonis\u00eb<\/title>\n<meta name=\"description\" content=\"O\u0440\u0433\u0430\u043d\u0438\u0437\u0438\u0440\u0430\u045a\u0435\u0442\u043e \u043d\u0430 \u043f\u043e\u043b\u0430\u0433\u0430\u045a\u0435 \u043d\u0430 \u0441\u0442\u0440\u0443\u0447\u043d\u0438\u043e\u0442 \u0438\u0441\u043f\u0438\u0442 \u043d\u0430 \u0440\u0430\u0431\u043e\u0442\u043d\u0438\u0446\u0438 \u0441\u043e \u0432\u0438\u0441\u043e\u043a\u043e \u043e\u0431\u0440\u0430\u0437\u043e\u0432\u0430\u043d\u0438\u0435 \u043e\u0434 \u043e\u0431\u043b\u0430\u0441\u0442\u0430 \u043d\u0430 \u0444\u0430\u0440\u043c\u0430\u0446\u0438\u0458\u0430\u0442\u0430 \u0435 \u043f\u0440\u0435\u043d\u0435\u0441\u0435\u043d\u043e \u043d\u0430 \u0424\u0430\u0440\u043c\u0430\u0446\u0435\u0432\u0442\u0441\u043a\u0430\u0442\u0430 \u043a\u043e\u043c\u043e\u0440\u0430 \u043d\u0430 \u041c\u0430\u043a\u0435\u0434\u043e\u043d\u0438\u0458\u0430.*\" \/>\n<meta name=\"robots\" content=\"index, follow, max-snippet:-1, max-image-preview:large, max-video-preview:-1\" \/>\n<link rel=\"canonical\" href=\"https:\/\/fk.mk\/sq\/per-anetaret\/pune-prove-dhe-provimi-profesional\/\" \/>\n<meta property=\"og:locale\" content=\"en_US\" \/>\n<meta property=\"og:type\" content=\"article\" \/>\n<meta property=\"og:title\" content=\"PUN\u00cb PROV\u00cb DHE PROVIMI PROFESIONAL - Od\u00ebn Farmaceutike t\u00eb Maqedonis\u00eb\" \/>\n<meta property=\"og:description\" content=\"O\u0440\u0433\u0430\u043d\u0438\u0437\u0438\u0440\u0430\u045a\u0435\u0442\u043e \u043d\u0430 \u043f\u043e\u043b\u0430\u0433\u0430\u045a\u0435 \u043d\u0430 \u0441\u0442\u0440\u0443\u0447\u043d\u0438\u043e\u0442 \u0438\u0441\u043f\u0438\u0442 \u043d\u0430 \u0440\u0430\u0431\u043e\u0442\u043d\u0438\u0446\u0438 \u0441\u043e \u0432\u0438\u0441\u043e\u043a\u043e \u043e\u0431\u0440\u0430\u0437\u043e\u0432\u0430\u043d\u0438\u0435 \u043e\u0434 \u043e\u0431\u043b\u0430\u0441\u0442\u0430 \u043d\u0430 \u0444\u0430\u0440\u043c\u0430\u0446\u0438\u0458\u0430\u0442\u0430 \u0435 \u043f\u0440\u0435\u043d\u0435\u0441\u0435\u043d\u043e \u043d\u0430 \u0424\u0430\u0440\u043c\u0430\u0446\u0435\u0432\u0442\u0441\u043a\u0430\u0442\u0430 \u043a\u043e\u043c\u043e\u0440\u0430 \u043d\u0430 \u041c\u0430\u043a\u0435\u0434\u043e\u043d\u0438\u0458\u0430.*\" \/>\n<meta property=\"og:url\" content=\"https:\/\/fk.mk\/sq\/per-anetaret\/pune-prove-dhe-provimi-profesional\/\" \/>\n<meta property=\"og:site_name\" content=\"Od\u00ebn Farmaceutike t\u00eb Maqedonis\u00eb\" \/>\n<meta property=\"article:modified_time\" content=\"2025-09-03T20:01:29+00:00\" \/>\n<meta name=\"twitter:card\" content=\"summary_large_image\" \/>\n<meta name=\"twitter:label1\" content=\"Est. reading time\" \/>\n\t<meta name=\"twitter:data1\" content=\"2 minutes\" \/>\n<script type=\"application\/ld+json\" class=\"yoast-schema-graph\">{\"@context\":\"https:\\\/\\\/schema.org\",\"@graph\":[{\"@type\":\"WebPage\",\"@id\":\"https:\\\/\\\/fk.mk\\\/sq\\\/per-anetaret\\\/pune-prove-dhe-provimi-profesional\\\/\",\"url\":\"https:\\\/\\\/fk.mk\\\/sq\\\/per-anetaret\\\/pune-prove-dhe-provimi-profesional\\\/\",\"name\":\"PUN\u00cb PROV\u00cb DHE PROVIMI PROFESIONAL - Od\u00ebn Farmaceutike t\u00eb Maqedonis\u00eb\",\"isPartOf\":{\"@id\":\"https:\\\/\\\/fk.mk\\\/sq\\\/#website\"},\"datePublished\":\"2016-04-19T11:26:56+00:00\",\"dateModified\":\"2025-09-03T20:01:29+00:00\",\"description\":\"O\u0440\u0433\u0430\u043d\u0438\u0437\u0438\u0440\u0430\u045a\u0435\u0442\u043e \u043d\u0430 \u043f\u043e\u043b\u0430\u0433\u0430\u045a\u0435 \u043d\u0430 \u0441\u0442\u0440\u0443\u0447\u043d\u0438\u043e\u0442 \u0438\u0441\u043f\u0438\u0442 \u043d\u0430 \u0440\u0430\u0431\u043e\u0442\u043d\u0438\u0446\u0438 \u0441\u043e \u0432\u0438\u0441\u043e\u043a\u043e \u043e\u0431\u0440\u0430\u0437\u043e\u0432\u0430\u043d\u0438\u0435 \u043e\u0434 \u043e\u0431\u043b\u0430\u0441\u0442\u0430 \u043d\u0430 \u0444\u0430\u0440\u043c\u0430\u0446\u0438\u0458\u0430\u0442\u0430 \u0435 \u043f\u0440\u0435\u043d\u0435\u0441\u0435\u043d\u043e \u043d\u0430 \u0424\u0430\u0440\u043c\u0430\u0446\u0435\u0432\u0442\u0441\u043a\u0430\u0442\u0430 \u043a\u043e\u043c\u043e\u0440\u0430 \u043d\u0430 \u041c\u0430\u043a\u0435\u0434\u043e\u043d\u0438\u0458\u0430.*\",\"breadcrumb\":{\"@id\":\"https:\\\/\\\/fk.mk\\\/sq\\\/per-anetaret\\\/pune-prove-dhe-provimi-profesional\\\/#breadcrumb\"},\"inLanguage\":\"en-US\",\"potentialAction\":[{\"@type\":\"ReadAction\",\"target\":[\"https:\\\/\\\/fk.mk\\\/sq\\\/per-anetaret\\\/pune-prove-dhe-provimi-profesional\\\/\"]}]},{\"@type\":\"BreadcrumbList\",\"@id\":\"https:\\\/\\\/fk.mk\\\/sq\\\/per-anetaret\\\/pune-prove-dhe-provimi-profesional\\\/#breadcrumb\",\"itemListElement\":[{\"@type\":\"ListItem\",\"position\":1,\"name\":\"Home\",\"item\":\"https:\\\/\\\/fk.mk\\\/sq\\\/\"},{\"@type\":\"ListItem\",\"position\":2,\"name\":\"P\u00cbR AN\u00cbTAR\u00cbT\",\"item\":\"https:\\\/\\\/fk.mk\\\/sq\\\/per-anetaret\\\/\"},{\"@type\":\"ListItem\",\"position\":3,\"name\":\"PUN\u00cb PROV\u00cb DHE PROVIMI PROFESIONAL\"}]},{\"@type\":\"WebSite\",\"@id\":\"https:\\\/\\\/fk.mk\\\/sq\\\/#website\",\"url\":\"https:\\\/\\\/fk.mk\\\/sq\\\/\",\"name\":\"Od\u00ebn Farmaceutike t\u00eb Maqedonis\u00eb\",\"description\":\"\u0424\u0430\u0440\u043c\u0430\u0446\u0435\u0432\u0442\u0441\u043a\u0430 \u041a\u043e\u043c\u043e\u0440\u0430 \u043d\u0430 \u0420\u0435\u043f\u0443\u0431\u043b\u0438\u043a\u0430 \u0421\u0435\u0432\u0435\u0440\u043d\u0430 \u041c\u0430\u043a\u0435\u0434\u043e\u043d\u0438\u0458\u0430\",\"potentialAction\":[{\"@type\":\"SearchAction\",\"target\":{\"@type\":\"EntryPoint\",\"urlTemplate\":\"https:\\\/\\\/fk.mk\\\/sq\\\/?s={search_term_string}\"},\"query-input\":{\"@type\":\"PropertyValueSpecification\",\"valueRequired\":true,\"valueName\":\"search_term_string\"}}],\"inLanguage\":\"en-US\"}]}<\/script>\n<!-- \/ Yoast SEO plugin. -->","yoast_head_json":{"title":"PUN\u00cb PROV\u00cb DHE PROVIMI PROFESIONAL - Od\u00ebn Farmaceutike t\u00eb Maqedonis\u00eb","description":"O\u0440\u0433\u0430\u043d\u0438\u0437\u0438\u0440\u0430\u045a\u0435\u0442\u043e \u043d\u0430 \u043f\u043e\u043b\u0430\u0433\u0430\u045a\u0435 \u043d\u0430 \u0441\u0442\u0440\u0443\u0447\u043d\u0438\u043e\u0442 \u0438\u0441\u043f\u0438\u0442 \u043d\u0430 \u0440\u0430\u0431\u043e\u0442\u043d\u0438\u0446\u0438 \u0441\u043e \u0432\u0438\u0441\u043e\u043a\u043e \u043e\u0431\u0440\u0430\u0437\u043e\u0432\u0430\u043d\u0438\u0435 \u043e\u0434 \u043e\u0431\u043b\u0430\u0441\u0442\u0430 \u043d\u0430 \u0444\u0430\u0440\u043c\u0430\u0446\u0438\u0458\u0430\u0442\u0430 \u0435 \u043f\u0440\u0435\u043d\u0435\u0441\u0435\u043d\u043e \u043d\u0430 \u0424\u0430\u0440\u043c\u0430\u0446\u0435\u0432\u0442\u0441\u043a\u0430\u0442\u0430 \u043a\u043e\u043c\u043e\u0440\u0430 \u043d\u0430 \u041c\u0430\u043a\u0435\u0434\u043e\u043d\u0438\u0458\u0430.*","robots":{"index":"index","follow":"follow","max-snippet":"max-snippet:-1","max-image-preview":"max-image-preview:large","max-video-preview":"max-video-preview:-1"},"canonical":"https:\/\/fk.mk\/sq\/per-anetaret\/pune-prove-dhe-provimi-profesional\/","og_locale":"en_US","og_type":"article","og_title":"PUN\u00cb PROV\u00cb DHE PROVIMI PROFESIONAL - Od\u00ebn Farmaceutike t\u00eb Maqedonis\u00eb","og_description":"O\u0440\u0433\u0430\u043d\u0438\u0437\u0438\u0440\u0430\u045a\u0435\u0442\u043e \u043d\u0430 \u043f\u043e\u043b\u0430\u0433\u0430\u045a\u0435 \u043d\u0430 \u0441\u0442\u0440\u0443\u0447\u043d\u0438\u043e\u0442 \u0438\u0441\u043f\u0438\u0442 \u043d\u0430 \u0440\u0430\u0431\u043e\u0442\u043d\u0438\u0446\u0438 \u0441\u043e \u0432\u0438\u0441\u043e\u043a\u043e \u043e\u0431\u0440\u0430\u0437\u043e\u0432\u0430\u043d\u0438\u0435 \u043e\u0434 \u043e\u0431\u043b\u0430\u0441\u0442\u0430 \u043d\u0430 \u0444\u0430\u0440\u043c\u0430\u0446\u0438\u0458\u0430\u0442\u0430 \u0435 \u043f\u0440\u0435\u043d\u0435\u0441\u0435\u043d\u043e \u043d\u0430 \u0424\u0430\u0440\u043c\u0430\u0446\u0435\u0432\u0442\u0441\u043a\u0430\u0442\u0430 \u043a\u043e\u043c\u043e\u0440\u0430 \u043d\u0430 \u041c\u0430\u043a\u0435\u0434\u043e\u043d\u0438\u0458\u0430.*","og_url":"https:\/\/fk.mk\/sq\/per-anetaret\/pune-prove-dhe-provimi-profesional\/","og_site_name":"Od\u00ebn Farmaceutike t\u00eb Maqedonis\u00eb","article_modified_time":"2025-09-03T20:01:29+00:00","twitter_card":"summary_large_image","twitter_misc":{"Est. reading time":"2 minutes"},"schema":{"@context":"https:\/\/schema.org","@graph":[{"@type":"WebPage","@id":"https:\/\/fk.mk\/sq\/per-anetaret\/pune-prove-dhe-provimi-profesional\/","url":"https:\/\/fk.mk\/sq\/per-anetaret\/pune-prove-dhe-provimi-profesional\/","name":"PUN\u00cb PROV\u00cb DHE PROVIMI PROFESIONAL - Od\u00ebn Farmaceutike t\u00eb Maqedonis\u00eb","isPartOf":{"@id":"https:\/\/fk.mk\/sq\/#website"},"datePublished":"2016-04-19T11:26:56+00:00","dateModified":"2025-09-03T20:01:29+00:00","description":"O\u0440\u0433\u0430\u043d\u0438\u0437\u0438\u0440\u0430\u045a\u0435\u0442\u043e \u043d\u0430 \u043f\u043e\u043b\u0430\u0433\u0430\u045a\u0435 \u043d\u0430 \u0441\u0442\u0440\u0443\u0447\u043d\u0438\u043e\u0442 \u0438\u0441\u043f\u0438\u0442 \u043d\u0430 \u0440\u0430\u0431\u043e\u0442\u043d\u0438\u0446\u0438 \u0441\u043e \u0432\u0438\u0441\u043e\u043a\u043e \u043e\u0431\u0440\u0430\u0437\u043e\u0432\u0430\u043d\u0438\u0435 \u043e\u0434 \u043e\u0431\u043b\u0430\u0441\u0442\u0430 \u043d\u0430 \u0444\u0430\u0440\u043c\u0430\u0446\u0438\u0458\u0430\u0442\u0430 \u0435 \u043f\u0440\u0435\u043d\u0435\u0441\u0435\u043d\u043e \u043d\u0430 \u0424\u0430\u0440\u043c\u0430\u0446\u0435\u0432\u0442\u0441\u043a\u0430\u0442\u0430 \u043a\u043e\u043c\u043e\u0440\u0430 \u043d\u0430 \u041c\u0430\u043a\u0435\u0434\u043e\u043d\u0438\u0458\u0430.*","breadcrumb":{"@id":"https:\/\/fk.mk\/sq\/per-anetaret\/pune-prove-dhe-provimi-profesional\/#breadcrumb"},"inLanguage":"en-US","potentialAction":[{"@type":"ReadAction","target":["https:\/\/fk.mk\/sq\/per-anetaret\/pune-prove-dhe-provimi-profesional\/"]}]},{"@type":"BreadcrumbList","@id":"https:\/\/fk.mk\/sq\/per-anetaret\/pune-prove-dhe-provimi-profesional\/#breadcrumb","itemListElement":[{"@type":"ListItem","position":1,"name":"Home","item":"https:\/\/fk.mk\/sq\/"},{"@type":"ListItem","position":2,"name":"P\u00cbR AN\u00cbTAR\u00cbT","item":"https:\/\/fk.mk\/sq\/per-anetaret\/"},{"@type":"ListItem","position":3,"name":"PUN\u00cb PROV\u00cb DHE PROVIMI PROFESIONAL"}]},{"@type":"WebSite","@id":"https:\/\/fk.mk\/sq\/#website","url":"https:\/\/fk.mk\/sq\/","name":"Od\u00ebn Farmaceutike t\u00eb Maqedonis\u00eb","description":"\u0424\u0430\u0440\u043c\u0430\u0446\u0435\u0432\u0442\u0441\u043a\u0430 \u041a\u043e\u043c\u043e\u0440\u0430 \u043d\u0430 \u0420\u0435\u043f\u0443\u0431\u043b\u0438\u043a\u0430 \u0421\u0435\u0432\u0435\u0440\u043d\u0430 \u041c\u0430\u043a\u0435\u0434\u043e\u043d\u0438\u0458\u0430","potentialAction":[{"@type":"SearchAction","target":{"@type":"EntryPoint","urlTemplate":"https:\/\/fk.mk\/sq\/?s={search_term_string}"},"query-input":{"@type":"PropertyValueSpecification","valueRequired":true,"valueName":"search_term_string"}}],"inLanguage":"en-US"}]}},"_links":{"self":[{"href":"https:\/\/fk.mk\/sq\/wp-json\/wp\/v2\/pages\/18510","targetHints":{"allow":["GET"]}}],"collection":[{"href":"https:\/\/fk.mk\/sq\/wp-json\/wp\/v2\/pages"}],"about":[{"href":"https:\/\/fk.mk\/sq\/wp-json\/wp\/v2\/types\/page"}],"author":[{"embeddable":true,"href":"https:\/\/fk.mk\/sq\/wp-json\/wp\/v2\/users\/1"}],"replies":[{"embeddable":true,"href":"https:\/\/fk.mk\/sq\/wp-json\/wp\/v2\/comments?post=18510"}],"version-history":[{"count":5,"href":"https:\/\/fk.mk\/sq\/wp-json\/wp\/v2\/pages\/18510\/revisions"}],"predecessor-version":[{"id":24668,"href":"https:\/\/fk.mk\/sq\/wp-json\/wp\/v2\/pages\/18510\/revisions\/24668"}],"up":[{"embeddable":true,"href":"https:\/\/fk.mk\/sq\/wp-json\/wp\/v2\/pages\/18490"}],"wp:attachment":[{"href":"https:\/\/fk.mk\/sq\/wp-json\/wp\/v2\/media?parent=18510"}],"curies":[{"name":"wp","href":"https:\/\/api.w.org\/{rel}","templated":true}]}}