{"id":18492,"date":"2017-03-01T12:43:56","date_gmt":"2017-03-01T10:43:56","guid":{"rendered":"https:\/\/www.fk.mk\/per-anetaret\/anetaresimi\/"},"modified":"2026-01-29T16:01:22","modified_gmt":"2026-01-29T15:01:22","slug":"anetaresimi","status":"publish","type":"page","link":"https:\/\/fk.mk\/sq\/per-anetaret\/anetaresimi\/","title":{"rendered":"AN\u00cbTAR\u00cbSIMI"},"content":{"rendered":"\t\t<div data-elementor-type=\"wp-page\" data-elementor-id=\"18492\" class=\"elementor elementor-18492\">\n\t\t\t\t<div class=\"elementor-element elementor-element-18a91cab e-flex e-con-boxed e-con e-parent\" data-id=\"18a91cab\" data-element_type=\"container\" data-e-type=\"container\">\n\t\t\t\t\t<div class=\"e-con-inner\">\n\t\t\t\t<div class=\"elementor-element elementor-element-7fcd729c elementor-widget elementor-widget-text-editor\" data-id=\"7fcd729c\" data-element_type=\"widget\" data-e-type=\"widget\" data-widget_type=\"text-editor.default\">\n\t\t\t\t\t\t\t\t\t<p>Me vendim t\u00eb Kuvendit t\u00eb Od\u00ebs s\u00eb Farmacist\u00ebve t\u00eb RMV nr. 02-240\/7, dat\u00eb 01.05.2025, kuota mujore e an\u00ebtar\u00ebsis\u00eb \u00ebsht\u00eb caktuar n\u00eb 210 denar\u00eb.<\/p><p>N\u00eb baz\u00eb t\u00eb vendimit t\u00eb Kuvendit t\u00eb Od\u00ebs Farmaceutike t\u00eb Maqedonis\u00eb nr. 02-101\/12, an\u00ebtar\u00ebsimi q\u00eb e paguajn\u00eb an\u00ebtar\u00ebt \u00ebsht\u00eb 180 denar\u00eb n\u00eb muaj nga 01.04.2014.<\/p><p>An\u00ebtar\u00ebsimi i papaguar deri m\u00eb 31.03.2014. paguhen 100 den n\u00eb muaj.Formulari i bashkangjitur PP 30 (pages\u00eb p\u00ebr nj\u00eb person juridik p\u00ebr llogari t\u00eb FCM)<\/p>\t\t\t\t\t\t\t\t<\/div>\n\t\t\t\t\t<\/div>\n\t\t\t\t<\/div>\n\t\t<div class=\"elementor-element elementor-element-a598270 e-flex e-con-boxed e-con e-parent\" data-id=\"a598270\" data-element_type=\"container\" data-e-type=\"container\">\n\t\t\t\t\t<div class=\"e-con-inner\">\n\t\t<div class=\"elementor-element elementor-element-c1d1b10 e-con-full e-flex e-con e-child\" data-id=\"c1d1b10\" data-element_type=\"container\" data-e-type=\"container\">\n\t\t\t\t<div class=\"elementor-element elementor-element-120da4f elementor-widget elementor-widget-image\" data-id=\"120da4f\" data-element_type=\"widget\" data-e-type=\"widget\" data-widget_type=\"image.default\">\n\t\t\t\t\t\t\t\t\t\t\t\t\t\t\t\t<a href=\"https:\/\/fk.mk\/sq\/wp-content\/uploads\/sites\/3\/2026\/01\/Uplatnica-plava.jpg\" data-elementor-open-lightbox=\"yes\" data-elementor-lightbox-title=\"Uplatnica plava\" data-e-action-hash=\"#elementor-action%3Aaction%3Dlightbox%26settings%3DeyJpZCI6MjQ3ODYsInVybCI6Imh0dHBzOlwvXC9may5ta1wvc3FcL3dwLWNvbnRlbnRcL3VwbG9hZHNcL3NpdGVzXC8zXC8yMDI2XC8wMVwvVXBsYXRuaWNhLXBsYXZhLmpwZyJ9\">\n\t\t\t\t\t\t\t<img fetchpriority=\"high\" decoding=\"async\" width=\"1024\" height=\"624\" src=\"https:\/\/fk.mk\/sq\/wp-content\/uploads\/sites\/3\/2026\/01\/Uplatnica-plava-1024x624.jpg\" class=\"attachment-large size-large wp-image-24786\" alt=\"\" srcset=\"https:\/\/fk.mk\/sq\/wp-content\/uploads\/sites\/3\/2026\/01\/Uplatnica-plava-1024x624.jpg 1024w, https:\/\/fk.mk\/sq\/wp-content\/uploads\/sites\/3\/2026\/01\/Uplatnica-plava-300x183.jpg 300w, https:\/\/fk.mk\/sq\/wp-content\/uploads\/sites\/3\/2026\/01\/Uplatnica-plava-768x468.jpg 768w, https:\/\/fk.mk\/sq\/wp-content\/uploads\/sites\/3\/2026\/01\/Uplatnica-plava-1536x937.jpg 1536w, https:\/\/fk.mk\/sq\/wp-content\/uploads\/sites\/3\/2026\/01\/Uplatnica-plava-2048x1249.jpg 2048w, https:\/\/fk.mk\/sq\/wp-content\/uploads\/sites\/3\/2026\/01\/Uplatnica-plava-750x457.jpg 750w, https:\/\/fk.mk\/sq\/wp-content\/uploads\/sites\/3\/2026\/01\/Uplatnica-plava-1140x695.jpg 1140w\" sizes=\"(max-width: 1024px) 100vw, 1024px\" \/>\t\t\t\t\t\t\t\t<\/a>\n\t\t\t\t\t\t\t\t\t\t\t\t\t\t\t<\/div>\n\t\t\t\t<\/div>\n\t\t<div class=\"elementor-element elementor-element-dcf03b7 e-con-full e-flex e-con e-child\" data-id=\"dcf03b7\" data-element_type=\"container\" data-e-type=\"container\">\n\t\t\t\t<div class=\"elementor-element elementor-element-2c485f9 elementor-widget elementor-widget-image\" data-id=\"2c485f9\" data-element_type=\"widget\" data-e-type=\"widget\" data-widget_type=\"image.default\">\n\t\t\t\t\t\t\t\t\t\t\t\t\t\t\t\t<a href=\"https:\/\/fk.mk\/sq\/wp-content\/uploads\/sites\/3\/2026\/01\/Uplatnica-rozeva.jpg\" data-elementor-open-lightbox=\"yes\" data-elementor-lightbox-title=\"Uplatnica rozeva\" data-e-action-hash=\"#elementor-action%3Aaction%3Dlightbox%26settings%3DeyJpZCI6MjQ3ODcsInVybCI6Imh0dHBzOlwvXC9may5ta1wvc3FcL3dwLWNvbnRlbnRcL3VwbG9hZHNcL3NpdGVzXC8zXC8yMDI2XC8wMVwvVXBsYXRuaWNhLXJvemV2YS5qcGcifQ%3D%3D\">\n\t\t\t\t\t\t\t<img decoding=\"async\" width=\"1024\" height=\"624\" src=\"https:\/\/fk.mk\/sq\/wp-content\/uploads\/sites\/3\/2026\/01\/Uplatnica-rozeva-1024x624.jpg\" class=\"attachment-large size-large wp-image-24787\" alt=\"\" srcset=\"https:\/\/fk.mk\/sq\/wp-content\/uploads\/sites\/3\/2026\/01\/Uplatnica-rozeva-1024x624.jpg 1024w, https:\/\/fk.mk\/sq\/wp-content\/uploads\/sites\/3\/2026\/01\/Uplatnica-rozeva-300x183.jpg 300w, https:\/\/fk.mk\/sq\/wp-content\/uploads\/sites\/3\/2026\/01\/Uplatnica-rozeva-768x468.jpg 768w, https:\/\/fk.mk\/sq\/wp-content\/uploads\/sites\/3\/2026\/01\/Uplatnica-rozeva-1536x935.jpg 1536w, https:\/\/fk.mk\/sq\/wp-content\/uploads\/sites\/3\/2026\/01\/Uplatnica-rozeva-2048x1247.jpg 2048w, https:\/\/fk.mk\/sq\/wp-content\/uploads\/sites\/3\/2026\/01\/Uplatnica-rozeva-750x457.jpg 750w, https:\/\/fk.mk\/sq\/wp-content\/uploads\/sites\/3\/2026\/01\/Uplatnica-rozeva-1140x694.jpg 1140w\" sizes=\"(max-width: 1024px) 100vw, 1024px\" \/>\t\t\t\t\t\t\t\t<\/a>\n\t\t\t\t\t\t\t\t\t\t\t\t\t\t\t<\/div>\n\t\t\t\t<\/div>\n\t\t\t\t\t<\/div>\n\t\t\t\t<\/div>\n\t\t\t\t<\/div>\n\t\t","protected":false},"excerpt":{"rendered":"<p>Me vendim t\u00eb Kuvendit t\u00eb Od\u00ebs s\u00eb Farmacist\u00ebve t\u00eb RMV nr. 02-240\/7, dat\u00eb 01.05.2025, kuota mujore e an\u00ebtar\u00ebsis\u00eb \u00ebsht\u00eb caktuar n\u00eb 210 denar\u00eb. N\u00eb baz\u00eb t\u00eb vendimit t\u00eb Kuvendit t\u00eb Od\u00ebs Farmaceutike t\u00eb Maqedonis\u00eb nr. 02-101\/12, an\u00ebtar\u00ebsimi q\u00eb e paguajn\u00eb an\u00ebtar\u00ebt \u00ebsht\u00eb 180 denar\u00eb n\u00eb muaj nga 01.04.2014. An\u00ebtar\u00ebsimi i papaguar deri m\u00eb 31.03.2014. paguhen [&hellip;]<\/p>\n","protected":false},"author":1,"featured_media":0,"parent":18490,"menu_order":0,"comment_status":"closed","ping_status":"closed","template":"","meta":{"jnews_page_loop":{"first_title":"Latest Post","header_type":"heading_6","layout":"right-sidebar","sidebar":"default-sidebar","second_sidebar":"default-sidebar","sticky_sidebar":"1","module":"3","main_custom_image_size":"default","second_custom_image_size":"default","excerpt_length":"20","content_date":"default","date_custom":"Y\/m\/d","content_pagination":"nav_1","pagination_align":"center","post_sticky":"0","post_offset":"0","posts_per_page":"5","sort_by":"latest"},"jnews_single_page":{"layout":"no-sidebar","sidebar":"default-sidebar","second_sidebar":"default-sidebar","sticky_sidebar":"1","show_post_title":"1","show_post_breadcrumbs":"1","show_post_featured":"1","share_position":"top","share_color":"share-monocrhome"},"jnews_social_meta":[],"footnotes":""},"class_list":["post-18492","page","type-page","status-publish","hentry"],"yoast_head":"<!-- This site is optimized with the Yoast SEO plugin v27.4 - https:\/\/yoast.com\/product\/yoast-seo-wordpress\/ -->\n<title>AN\u00cbTAR\u00cbSIMI - Od\u00ebn Farmaceutike t\u00eb Maqedonis\u00eb<\/title>\n<meta name=\"description\" content=\"\u041d\u0435\u043f\u043b\u0430\u0442\u0435\u043d\u0438\u0442\u0435 \u0447\u043b\u0435\u043d\u0430\u0440\u0438\u043d\u0438 \u0434\u043e 31.03.2017\u0433\u043e\u0434.* \u0441\u0435 \u043f\u043b\u0430\u045c\u0430\u0430\u0442 \u043f\u043e 100 \u043c\u043a\u0434 \u043c\u0435\u0441\u0447\u043d\u043e.*\" \/>\n<meta name=\"robots\" content=\"index, follow, max-snippet:-1, max-image-preview:large, max-video-preview:-1\" \/>\n<link rel=\"canonical\" href=\"https:\/\/fk.mk\/sq\/per-anetaret\/anetaresimi\/\" \/>\n<meta property=\"og:locale\" content=\"en_US\" \/>\n<meta property=\"og:type\" content=\"article\" \/>\n<meta property=\"og:title\" content=\"AN\u00cbTAR\u00cbSIMI - Od\u00ebn Farmaceutike t\u00eb Maqedonis\u00eb\" \/>\n<meta property=\"og:description\" content=\"\u041d\u0435\u043f\u043b\u0430\u0442\u0435\u043d\u0438\u0442\u0435 \u0447\u043b\u0435\u043d\u0430\u0440\u0438\u043d\u0438 \u0434\u043e 31.03.2017\u0433\u043e\u0434.* \u0441\u0435 \u043f\u043b\u0430\u045c\u0430\u0430\u0442 \u043f\u043e 100 \u043c\u043a\u0434 \u043c\u0435\u0441\u0447\u043d\u043e.*\" \/>\n<meta property=\"og:url\" content=\"https:\/\/fk.mk\/sq\/per-anetaret\/anetaresimi\/\" \/>\n<meta property=\"og:site_name\" content=\"Od\u00ebn Farmaceutike t\u00eb Maqedonis\u00eb\" \/>\n<meta property=\"article:modified_time\" content=\"2026-01-29T15:01:22+00:00\" \/>\n<meta property=\"og:image\" content=\"https:\/\/fk.mk\/sq\/wp-content\/uploads\/sites\/3\/2026\/01\/Uplatnica-plava.jpg\" \/>\n\t<meta property=\"og:image:width\" content=\"2560\" \/>\n\t<meta property=\"og:image:height\" content=\"1561\" \/>\n\t<meta property=\"og:image:type\" content=\"image\/jpeg\" \/>\n<meta name=\"twitter:card\" content=\"summary_large_image\" \/>\n<meta name=\"twitter:label1\" content=\"Est. reading time\" \/>\n\t<meta name=\"twitter:data1\" content=\"1 minute\" \/>\n<script type=\"application\/ld+json\" class=\"yoast-schema-graph\">{\"@context\":\"https:\\\/\\\/schema.org\",\"@graph\":[{\"@type\":\"WebPage\",\"@id\":\"https:\\\/\\\/fk.mk\\\/sq\\\/per-anetaret\\\/anetaresimi\\\/\",\"url\":\"https:\\\/\\\/fk.mk\\\/sq\\\/per-anetaret\\\/anetaresimi\\\/\",\"name\":\"AN\u00cbTAR\u00cbSIMI - Od\u00ebn Farmaceutike t\u00eb Maqedonis\u00eb\",\"isPartOf\":{\"@id\":\"https:\\\/\\\/fk.mk\\\/sq\\\/#website\"},\"primaryImageOfPage\":{\"@id\":\"https:\\\/\\\/fk.mk\\\/sq\\\/per-anetaret\\\/anetaresimi\\\/#primaryimage\"},\"image\":{\"@id\":\"https:\\\/\\\/fk.mk\\\/sq\\\/per-anetaret\\\/anetaresimi\\\/#primaryimage\"},\"thumbnailUrl\":\"https:\\\/\\\/fk.mk\\\/sq\\\/wp-content\\\/uploads\\\/sites\\\/3\\\/2026\\\/01\\\/Uplatnica-plava-1024x624.jpg\",\"datePublished\":\"2017-03-01T10:43:56+00:00\",\"dateModified\":\"2026-01-29T15:01:22+00:00\",\"description\":\"\u041d\u0435\u043f\u043b\u0430\u0442\u0435\u043d\u0438\u0442\u0435 \u0447\u043b\u0435\u043d\u0430\u0440\u0438\u043d\u0438 \u0434\u043e 31.03.2017\u0433\u043e\u0434.* \u0441\u0435 \u043f\u043b\u0430\u045c\u0430\u0430\u0442 \u043f\u043e 100 \u043c\u043a\u0434 \u043c\u0435\u0441\u0447\u043d\u043e.*\",\"breadcrumb\":{\"@id\":\"https:\\\/\\\/fk.mk\\\/sq\\\/per-anetaret\\\/anetaresimi\\\/#breadcrumb\"},\"inLanguage\":\"en-US\",\"potentialAction\":[{\"@type\":\"ReadAction\",\"target\":[\"https:\\\/\\\/fk.mk\\\/sq\\\/per-anetaret\\\/anetaresimi\\\/\"]}]},{\"@type\":\"ImageObject\",\"inLanguage\":\"en-US\",\"@id\":\"https:\\\/\\\/fk.mk\\\/sq\\\/per-anetaret\\\/anetaresimi\\\/#primaryimage\",\"url\":\"https:\\\/\\\/fk.mk\\\/sq\\\/wp-content\\\/uploads\\\/sites\\\/3\\\/2026\\\/01\\\/Uplatnica-plava.jpg\",\"contentUrl\":\"https:\\\/\\\/fk.mk\\\/sq\\\/wp-content\\\/uploads\\\/sites\\\/3\\\/2026\\\/01\\\/Uplatnica-plava.jpg\",\"width\":2560,\"height\":1561},{\"@type\":\"BreadcrumbList\",\"@id\":\"https:\\\/\\\/fk.mk\\\/sq\\\/per-anetaret\\\/anetaresimi\\\/#breadcrumb\",\"itemListElement\":[{\"@type\":\"ListItem\",\"position\":1,\"name\":\"Home\",\"item\":\"https:\\\/\\\/fk.mk\\\/sq\\\/\"},{\"@type\":\"ListItem\",\"position\":2,\"name\":\"P\u00cbR AN\u00cbTAR\u00cbT\",\"item\":\"https:\\\/\\\/fk.mk\\\/sq\\\/per-anetaret\\\/\"},{\"@type\":\"ListItem\",\"position\":3,\"name\":\"AN\u00cbTAR\u00cbSIMI\"}]},{\"@type\":\"WebSite\",\"@id\":\"https:\\\/\\\/fk.mk\\\/sq\\\/#website\",\"url\":\"https:\\\/\\\/fk.mk\\\/sq\\\/\",\"name\":\"Od\u00ebn Farmaceutike t\u00eb Maqedonis\u00eb\",\"description\":\"\u0424\u0430\u0440\u043c\u0430\u0446\u0435\u0432\u0442\u0441\u043a\u0430 \u041a\u043e\u043c\u043e\u0440\u0430 \u043d\u0430 \u0420\u0435\u043f\u0443\u0431\u043b\u0438\u043a\u0430 \u0421\u0435\u0432\u0435\u0440\u043d\u0430 \u041c\u0430\u043a\u0435\u0434\u043e\u043d\u0438\u0458\u0430\",\"potentialAction\":[{\"@type\":\"SearchAction\",\"target\":{\"@type\":\"EntryPoint\",\"urlTemplate\":\"https:\\\/\\\/fk.mk\\\/sq\\\/?s={search_term_string}\"},\"query-input\":{\"@type\":\"PropertyValueSpecification\",\"valueRequired\":true,\"valueName\":\"search_term_string\"}}],\"inLanguage\":\"en-US\"}]}<\/script>\n<!-- \/ Yoast SEO plugin. -->","yoast_head_json":{"title":"AN\u00cbTAR\u00cbSIMI - Od\u00ebn Farmaceutike t\u00eb Maqedonis\u00eb","description":"\u041d\u0435\u043f\u043b\u0430\u0442\u0435\u043d\u0438\u0442\u0435 \u0447\u043b\u0435\u043d\u0430\u0440\u0438\u043d\u0438 \u0434\u043e 31.03.2017\u0433\u043e\u0434.* \u0441\u0435 \u043f\u043b\u0430\u045c\u0430\u0430\u0442 \u043f\u043e 100 \u043c\u043a\u0434 \u043c\u0435\u0441\u0447\u043d\u043e.*","robots":{"index":"index","follow":"follow","max-snippet":"max-snippet:-1","max-image-preview":"max-image-preview:large","max-video-preview":"max-video-preview:-1"},"canonical":"https:\/\/fk.mk\/sq\/per-anetaret\/anetaresimi\/","og_locale":"en_US","og_type":"article","og_title":"AN\u00cbTAR\u00cbSIMI - Od\u00ebn Farmaceutike t\u00eb Maqedonis\u00eb","og_description":"\u041d\u0435\u043f\u043b\u0430\u0442\u0435\u043d\u0438\u0442\u0435 \u0447\u043b\u0435\u043d\u0430\u0440\u0438\u043d\u0438 \u0434\u043e 31.03.2017\u0433\u043e\u0434.* \u0441\u0435 \u043f\u043b\u0430\u045c\u0430\u0430\u0442 \u043f\u043e 100 \u043c\u043a\u0434 \u043c\u0435\u0441\u0447\u043d\u043e.*","og_url":"https:\/\/fk.mk\/sq\/per-anetaret\/anetaresimi\/","og_site_name":"Od\u00ebn Farmaceutike t\u00eb Maqedonis\u00eb","article_modified_time":"2026-01-29T15:01:22+00:00","og_image":[{"width":2560,"height":1561,"url":"https:\/\/fk.mk\/sq\/wp-content\/uploads\/sites\/3\/2026\/01\/Uplatnica-plava.jpg","type":"image\/jpeg"}],"twitter_card":"summary_large_image","twitter_misc":{"Est. reading time":"1 minute"},"schema":{"@context":"https:\/\/schema.org","@graph":[{"@type":"WebPage","@id":"https:\/\/fk.mk\/sq\/per-anetaret\/anetaresimi\/","url":"https:\/\/fk.mk\/sq\/per-anetaret\/anetaresimi\/","name":"AN\u00cbTAR\u00cbSIMI - Od\u00ebn Farmaceutike t\u00eb Maqedonis\u00eb","isPartOf":{"@id":"https:\/\/fk.mk\/sq\/#website"},"primaryImageOfPage":{"@id":"https:\/\/fk.mk\/sq\/per-anetaret\/anetaresimi\/#primaryimage"},"image":{"@id":"https:\/\/fk.mk\/sq\/per-anetaret\/anetaresimi\/#primaryimage"},"thumbnailUrl":"https:\/\/fk.mk\/sq\/wp-content\/uploads\/sites\/3\/2026\/01\/Uplatnica-plava-1024x624.jpg","datePublished":"2017-03-01T10:43:56+00:00","dateModified":"2026-01-29T15:01:22+00:00","description":"\u041d\u0435\u043f\u043b\u0430\u0442\u0435\u043d\u0438\u0442\u0435 \u0447\u043b\u0435\u043d\u0430\u0440\u0438\u043d\u0438 \u0434\u043e 31.03.2017\u0433\u043e\u0434.* \u0441\u0435 \u043f\u043b\u0430\u045c\u0430\u0430\u0442 \u043f\u043e 100 \u043c\u043a\u0434 \u043c\u0435\u0441\u0447\u043d\u043e.*","breadcrumb":{"@id":"https:\/\/fk.mk\/sq\/per-anetaret\/anetaresimi\/#breadcrumb"},"inLanguage":"en-US","potentialAction":[{"@type":"ReadAction","target":["https:\/\/fk.mk\/sq\/per-anetaret\/anetaresimi\/"]}]},{"@type":"ImageObject","inLanguage":"en-US","@id":"https:\/\/fk.mk\/sq\/per-anetaret\/anetaresimi\/#primaryimage","url":"https:\/\/fk.mk\/sq\/wp-content\/uploads\/sites\/3\/2026\/01\/Uplatnica-plava.jpg","contentUrl":"https:\/\/fk.mk\/sq\/wp-content\/uploads\/sites\/3\/2026\/01\/Uplatnica-plava.jpg","width":2560,"height":1561},{"@type":"BreadcrumbList","@id":"https:\/\/fk.mk\/sq\/per-anetaret\/anetaresimi\/#breadcrumb","itemListElement":[{"@type":"ListItem","position":1,"name":"Home","item":"https:\/\/fk.mk\/sq\/"},{"@type":"ListItem","position":2,"name":"P\u00cbR AN\u00cbTAR\u00cbT","item":"https:\/\/fk.mk\/sq\/per-anetaret\/"},{"@type":"ListItem","position":3,"name":"AN\u00cbTAR\u00cbSIMI"}]},{"@type":"WebSite","@id":"https:\/\/fk.mk\/sq\/#website","url":"https:\/\/fk.mk\/sq\/","name":"Od\u00ebn Farmaceutike t\u00eb Maqedonis\u00eb","description":"\u0424\u0430\u0440\u043c\u0430\u0446\u0435\u0432\u0442\u0441\u043a\u0430 \u041a\u043e\u043c\u043e\u0440\u0430 \u043d\u0430 \u0420\u0435\u043f\u0443\u0431\u043b\u0438\u043a\u0430 \u0421\u0435\u0432\u0435\u0440\u043d\u0430 \u041c\u0430\u043a\u0435\u0434\u043e\u043d\u0438\u0458\u0430","potentialAction":[{"@type":"SearchAction","target":{"@type":"EntryPoint","urlTemplate":"https:\/\/fk.mk\/sq\/?s={search_term_string}"},"query-input":{"@type":"PropertyValueSpecification","valueRequired":true,"valueName":"search_term_string"}}],"inLanguage":"en-US"}]}},"_links":{"self":[{"href":"https:\/\/fk.mk\/sq\/wp-json\/wp\/v2\/pages\/18492","targetHints":{"allow":["GET"]}}],"collection":[{"href":"https:\/\/fk.mk\/sq\/wp-json\/wp\/v2\/pages"}],"about":[{"href":"https:\/\/fk.mk\/sq\/wp-json\/wp\/v2\/types\/page"}],"author":[{"embeddable":true,"href":"https:\/\/fk.mk\/sq\/wp-json\/wp\/v2\/users\/1"}],"replies":[{"embeddable":true,"href":"https:\/\/fk.mk\/sq\/wp-json\/wp\/v2\/comments?post=18492"}],"version-history":[{"count":9,"href":"https:\/\/fk.mk\/sq\/wp-json\/wp\/v2\/pages\/18492\/revisions"}],"predecessor-version":[{"id":24790,"href":"https:\/\/fk.mk\/sq\/wp-json\/wp\/v2\/pages\/18492\/revisions\/24790"}],"up":[{"embeddable":true,"href":"https:\/\/fk.mk\/sq\/wp-json\/wp\/v2\/pages\/18490"}],"wp:attachment":[{"href":"https:\/\/fk.mk\/sq\/wp-json\/wp\/v2\/media?parent=18492"}],"curies":[{"name":"wp","href":"https:\/\/api.w.org\/{rel}","templated":true}]}}