{"id":18490,"date":"2016-04-19T13:26:19","date_gmt":"2016-04-19T11:26:19","guid":{"rendered":"https:\/\/www.fk.mk\/per-anetaret\/"},"modified":"2016-04-19T13:26:19","modified_gmt":"2016-04-19T11:26:19","slug":"per-anetaret","status":"publish","type":"page","link":"https:\/\/fk.mk\/sq\/per-anetaret\/","title":{"rendered":"P\u00cbR AN\u00cbTAR\u00cbT"},"content":{"rendered":"<p>[vc_row][vc_column][vc_column_text css=&#8221;.vc_custom_1469087714405{padding-top: 0px !important;padding-right: 13px !important;padding-bottom: 10px !important;padding-left: 0px !important;}&#8221;]FAQJA \u00cbSHT\u00cb N\u00cb ND\u00cbRTIM[\/vc_column_text][\/vc_column][\/vc_row]<\/p>\n","protected":false},"excerpt":{"rendered":"<p>[vc_row][vc_column][vc_column_text css=&#8221;.vc_custom_1469087714405{padding-top: 0px !important;padding-right: 13px !important;padding-bottom: 10px !important;padding-left: 0px !important;}&#8221;]FAQJA \u00cbSHT\u00cb N\u00cb ND\u00cbRTIM[\/vc_column_text][\/vc_column][\/vc_row]<\/p>\n","protected":false},"author":1,"featured_media":0,"parent":0,"menu_order":0,"comment_status":"closed","ping_status":"closed","template":"","meta":{"jnews_page_loop":[],"jnews_single_page":[],"jnews_social_meta":[],"footnotes":""},"class_list":["post-18490","page","type-page","status-publish","hentry"],"yoast_head":"<!-- This site is optimized with the Yoast SEO plugin v27.4 - https:\/\/yoast.com\/product\/yoast-seo-wordpress\/ -->\n<title>P\u00cbR AN\u00cbTAR\u00cbT - Od\u00ebn Farmaceutike t\u00eb Maqedonis\u00eb<\/title>\n<meta name=\"description\" content=\"N\u00eb Od\u00eb an\u00ebtar\u00ebsohen farmacist\u00ebt dhe magjistrat e diplomuar n\u00eb farmaci dhe numri i tyre sot \u00ebsht\u00eb rreth 2.500 an\u00ebtar\u00eb.\" \/>\n<meta name=\"robots\" content=\"index, follow, max-snippet:-1, max-image-preview:large, max-video-preview:-1\" \/>\n<link rel=\"canonical\" href=\"https:\/\/fk.mk\/sq\/per-anetaret\/\" \/>\n<meta property=\"og:locale\" content=\"en_US\" \/>\n<meta property=\"og:type\" content=\"article\" \/>\n<meta property=\"og:title\" content=\"P\u00cbR AN\u00cbTAR\u00cbT - Od\u00ebn Farmaceutike t\u00eb Maqedonis\u00eb\" \/>\n<meta property=\"og:description\" content=\"N\u00eb Od\u00eb an\u00ebtar\u00ebsohen farmacist\u00ebt dhe magjistrat e diplomuar n\u00eb farmaci dhe numri i tyre sot \u00ebsht\u00eb rreth 2.500 an\u00ebtar\u00eb.\" \/>\n<meta property=\"og:url\" content=\"https:\/\/fk.mk\/sq\/per-anetaret\/\" \/>\n<meta property=\"og:site_name\" content=\"Od\u00ebn Farmaceutike t\u00eb Maqedonis\u00eb\" \/>\n<meta name=\"twitter:card\" content=\"summary_large_image\" \/>\n<script type=\"application\/ld+json\" class=\"yoast-schema-graph\">{\"@context\":\"https:\\\/\\\/schema.org\",\"@graph\":[{\"@type\":\"WebPage\",\"@id\":\"https:\\\/\\\/fk.mk\\\/sq\\\/per-anetaret\\\/\",\"url\":\"https:\\\/\\\/fk.mk\\\/sq\\\/per-anetaret\\\/\",\"name\":\"P\u00cbR AN\u00cbTAR\u00cbT - Od\u00ebn Farmaceutike t\u00eb Maqedonis\u00eb\",\"isPartOf\":{\"@id\":\"https:\\\/\\\/fk.mk\\\/sq\\\/#website\"},\"datePublished\":\"2016-04-19T11:26:19+00:00\",\"description\":\"N\u00eb Od\u00eb an\u00ebtar\u00ebsohen farmacist\u00ebt dhe magjistrat e diplomuar n\u00eb farmaci dhe numri i tyre sot \u00ebsht\u00eb rreth 2.500 an\u00ebtar\u00eb.\",\"breadcrumb\":{\"@id\":\"https:\\\/\\\/fk.mk\\\/sq\\\/per-anetaret\\\/#breadcrumb\"},\"inLanguage\":\"en-US\",\"potentialAction\":[{\"@type\":\"ReadAction\",\"target\":[\"https:\\\/\\\/fk.mk\\\/sq\\\/per-anetaret\\\/\"]}]},{\"@type\":\"BreadcrumbList\",\"@id\":\"https:\\\/\\\/fk.mk\\\/sq\\\/per-anetaret\\\/#breadcrumb\",\"itemListElement\":[{\"@type\":\"ListItem\",\"position\":1,\"name\":\"Home\",\"item\":\"https:\\\/\\\/fk.mk\\\/sq\\\/\"},{\"@type\":\"ListItem\",\"position\":2,\"name\":\"P\u00cbR AN\u00cbTAR\u00cbT\"}]},{\"@type\":\"WebSite\",\"@id\":\"https:\\\/\\\/fk.mk\\\/sq\\\/#website\",\"url\":\"https:\\\/\\\/fk.mk\\\/sq\\\/\",\"name\":\"Od\u00ebn Farmaceutike t\u00eb Maqedonis\u00eb\",\"description\":\"\u0424\u0430\u0440\u043c\u0430\u0446\u0435\u0432\u0442\u0441\u043a\u0430 \u041a\u043e\u043c\u043e\u0440\u0430 \u043d\u0430 \u0420\u0435\u043f\u0443\u0431\u043b\u0438\u043a\u0430 \u0421\u0435\u0432\u0435\u0440\u043d\u0430 \u041c\u0430\u043a\u0435\u0434\u043e\u043d\u0438\u0458\u0430\",\"potentialAction\":[{\"@type\":\"SearchAction\",\"target\":{\"@type\":\"EntryPoint\",\"urlTemplate\":\"https:\\\/\\\/fk.mk\\\/sq\\\/?s={search_term_string}\"},\"query-input\":{\"@type\":\"PropertyValueSpecification\",\"valueRequired\":true,\"valueName\":\"search_term_string\"}}],\"inLanguage\":\"en-US\"}]}<\/script>\n<!-- \/ Yoast SEO plugin. -->","yoast_head_json":{"title":"P\u00cbR AN\u00cbTAR\u00cbT - Od\u00ebn Farmaceutike t\u00eb Maqedonis\u00eb","description":"N\u00eb Od\u00eb an\u00ebtar\u00ebsohen farmacist\u00ebt dhe magjistrat e diplomuar n\u00eb farmaci dhe numri i tyre sot \u00ebsht\u00eb rreth 2.500 an\u00ebtar\u00eb.","robots":{"index":"index","follow":"follow","max-snippet":"max-snippet:-1","max-image-preview":"max-image-preview:large","max-video-preview":"max-video-preview:-1"},"canonical":"https:\/\/fk.mk\/sq\/per-anetaret\/","og_locale":"en_US","og_type":"article","og_title":"P\u00cbR AN\u00cbTAR\u00cbT - Od\u00ebn Farmaceutike t\u00eb Maqedonis\u00eb","og_description":"N\u00eb Od\u00eb an\u00ebtar\u00ebsohen farmacist\u00ebt dhe magjistrat e diplomuar n\u00eb farmaci dhe numri i tyre sot \u00ebsht\u00eb rreth 2.500 an\u00ebtar\u00eb.","og_url":"https:\/\/fk.mk\/sq\/per-anetaret\/","og_site_name":"Od\u00ebn Farmaceutike t\u00eb Maqedonis\u00eb","twitter_card":"summary_large_image","schema":{"@context":"https:\/\/schema.org","@graph":[{"@type":"WebPage","@id":"https:\/\/fk.mk\/sq\/per-anetaret\/","url":"https:\/\/fk.mk\/sq\/per-anetaret\/","name":"P\u00cbR AN\u00cbTAR\u00cbT - Od\u00ebn Farmaceutike t\u00eb Maqedonis\u00eb","isPartOf":{"@id":"https:\/\/fk.mk\/sq\/#website"},"datePublished":"2016-04-19T11:26:19+00:00","description":"N\u00eb Od\u00eb an\u00ebtar\u00ebsohen farmacist\u00ebt dhe magjistrat e diplomuar n\u00eb farmaci dhe numri i tyre sot \u00ebsht\u00eb rreth 2.500 an\u00ebtar\u00eb.","breadcrumb":{"@id":"https:\/\/fk.mk\/sq\/per-anetaret\/#breadcrumb"},"inLanguage":"en-US","potentialAction":[{"@type":"ReadAction","target":["https:\/\/fk.mk\/sq\/per-anetaret\/"]}]},{"@type":"BreadcrumbList","@id":"https:\/\/fk.mk\/sq\/per-anetaret\/#breadcrumb","itemListElement":[{"@type":"ListItem","position":1,"name":"Home","item":"https:\/\/fk.mk\/sq\/"},{"@type":"ListItem","position":2,"name":"P\u00cbR AN\u00cbTAR\u00cbT"}]},{"@type":"WebSite","@id":"https:\/\/fk.mk\/sq\/#website","url":"https:\/\/fk.mk\/sq\/","name":"Od\u00ebn Farmaceutike t\u00eb Maqedonis\u00eb","description":"\u0424\u0430\u0440\u043c\u0430\u0446\u0435\u0432\u0442\u0441\u043a\u0430 \u041a\u043e\u043c\u043e\u0440\u0430 \u043d\u0430 \u0420\u0435\u043f\u0443\u0431\u043b\u0438\u043a\u0430 \u0421\u0435\u0432\u0435\u0440\u043d\u0430 \u041c\u0430\u043a\u0435\u0434\u043e\u043d\u0438\u0458\u0430","potentialAction":[{"@type":"SearchAction","target":{"@type":"EntryPoint","urlTemplate":"https:\/\/fk.mk\/sq\/?s={search_term_string}"},"query-input":{"@type":"PropertyValueSpecification","valueRequired":true,"valueName":"search_term_string"}}],"inLanguage":"en-US"}]}},"_links":{"self":[{"href":"https:\/\/fk.mk\/sq\/wp-json\/wp\/v2\/pages\/18490","targetHints":{"allow":["GET"]}}],"collection":[{"href":"https:\/\/fk.mk\/sq\/wp-json\/wp\/v2\/pages"}],"about":[{"href":"https:\/\/fk.mk\/sq\/wp-json\/wp\/v2\/types\/page"}],"author":[{"embeddable":true,"href":"https:\/\/fk.mk\/sq\/wp-json\/wp\/v2\/users\/1"}],"replies":[{"embeddable":true,"href":"https:\/\/fk.mk\/sq\/wp-json\/wp\/v2\/comments?post=18490"}],"version-history":[{"count":0,"href":"https:\/\/fk.mk\/sq\/wp-json\/wp\/v2\/pages\/18490\/revisions"}],"wp:attachment":[{"href":"https:\/\/fk.mk\/sq\/wp-json\/wp\/v2\/media?parent=18490"}],"curies":[{"name":"wp","href":"https:\/\/api.w.org\/{rel}","templated":true}]}}