{"id":18478,"date":"2016-04-19T12:59:38","date_gmt":"2016-04-19T10:59:38","guid":{"rendered":"https:\/\/www.fk.mk\/mbi-oden-2\/rregullativa\/"},"modified":"2016-04-19T12:59:38","modified_gmt":"2016-04-19T10:59:38","slug":"rregullativa","status":"publish","type":"page","link":"https:\/\/fk.mk\/sq\/mbi-oden\/rregullativa\/","title":{"rendered":"RREGULLATIVA"},"content":{"rendered":"<p>[vc_row css=&#8221;.vc_custom_1461838206400{margin-top: 10px !important;}&#8221;][vc_column][vc_tta_tabs style=&#8221;modern&#8221; active_section=&#8221;1&#8243; css=&#8221;.vc_custom_1462780694534{padding-top: 10px !important;}&#8221;][vc_tta_section title=&#8221;Aktet e Od\u00ebs &#8221; tab_id=&#8221;1462542525836-220e82e8-280b&#8221;][vc_column_text]<\/p>\n<ul>\n<li><a href=\"\/wp-content\/uploads\/sites\/3\/2022\/11\/STATUTI_i-Od\u00ebs-Farmaceutike-t\u00eb-Republik\u00ebs-s\u00eb-Maqedonis\u00eb-s\u00eb-Veriut.pdf\" target=\"_blank\" rel=\"noopener\">STATUTI &#8211; i Od\u00ebs Farmaceutike t\u00eb Republik\u00ebs s\u00eb Maqedonis\u00eb s\u00eb Veriut<\/a><\/li>\n<li><a href=\"\/wp-content\/uploads\/sites\/3\/2022\/11\/VENDIM-STATUTOR_p\u00ebr-ndryshimin-dhe-plot\u00ebsimin-e-Statutit-t\u00eb-Od\u00ebs-Farmaceutike-t\u00eb-Maqedonis\u00eb.pdf\" target=\"_blank\" rel=\"noopener\">VENDIM STATUTOR &#8211; p\u00ebr ndryshimin dhe plot\u00ebsimin e Statutit t\u00eb Od\u00ebs Farmaceutike t\u00eb Maqedonis\u00eb<\/a><\/li>\n<li><a href=\"\/wp-content\/uploads\/sites\/3\/2022\/11\/KODEKSI_t\u00eb-detyrave-dhe-t\u00eb-drejtave-etike-profesionale-t\u00eb-punonj\u00ebsve-sh\u00ebndet\u00ebsor\u00eb-me-arsim-t\u00eb-lart\u00eb-n\u00eb-fush\u00ebn-e-farmacis\u00eb.pdf\" target=\"_blank\" rel=\"noopener\">KODEKSI &#8211; t\u00eb detyrave dhe t\u00eb drejtave etike profesionale t\u00eb punonj\u00ebsve sh\u00ebndet\u00ebsor\u00eb me arsim t\u00eb lart\u00eb n\u00eb fush\u00ebn e farmacis\u00eb<\/a><\/li>\n<li><a href=\"https:\/\/www.fk.mk\/wp-content\/uploads\/sites\/3\/2023\/01\/4_sq-AL.pdf\" target=\"_blank\" rel=\"noopener\">Rregullore p\u00ebr organizimin dhe procedur\u00ebn p\u00ebr p\u00ebrcaktimin e p\u00ebrgjegj\u00ebsis\u00eb para Gjykat\u00ebs s\u00eb Nderit t\u00eb Od\u00ebs Farmaceutike t\u00eb Maqedonis\u00eb, Gazeta Zyrtare e Republik\u00ebs s\u00eb Maqedonis\u00eb nr. 33\/2014<\/a><\/li>\n<li><a href=\"https:\/\/www.fk.mk\/wp-content\/uploads\/sites\/3\/2023\/01\/5_sq-AL.pdf\" target=\"_blank\" rel=\"noopener\">Rregullore p\u00ebr mbik\u00ebqyrje profesionale mbi pun\u00ebn e institucioneve sh\u00ebndet\u00ebsore dhe pun\u00ebtor\u00ebve sh\u00ebndet\u00ebsor\u00eb me arsim t\u00eb lart\u00eb nga l\u00ebmia e farmacis\u00eb, Gazeta Zyrtare e Republik\u00ebs s\u00eb Maqedonis\u00eb nr. 33\/2014<\/a><\/li>\n<li><a href=\"https:\/\/www.fk.mk\/wp-content\/uploads\/sites\/3\/2023\/03\/RREGULLORE-p\u00ebr-p\u00ebrb\u00ebrjen-e-Komisionit-t\u00eb-Provimit.pdf\" target=\"_blank\" rel=\"noopener\">Rregullore p\u00ebr p\u00ebrb\u00ebrjen e Komisionit t\u00eb Provimit, m\u00ebnyr\u00ebn e dh\u00ebnies s\u00eb provimit profesional, m\u00ebnyr\u00ebn e kontrollit t\u00eb njohurive dhe aft\u00ebsive profesionale dhe formular\u00ebt e \u00e7ertifikat\u00ebs p\u00ebr dh\u00ebnien e provimit profesional t\u00eb punonj\u00ebsve sh\u00ebndet\u00ebsor\u00eb me arsim t\u00eb lart\u00eb n\u00eb fush\u00ebn e farmacis\u00eb. Gazeta Zyrtare e RMV-s\u00eb nr. 175\/2020<\/a><\/li>\n<li><a href=\"https:\/\/www.fk.mk\/wp-content\/uploads\/sites\/3\/2023\/03\/RREGULLORE-p\u00ebr-form\u00ebn-p\u00ebrmbajtjen-dhe-m\u00ebnyr\u00ebn.pdf\" target=\"_blank\" rel=\"noopener\">Rregullore p\u00ebr form\u00ebn, p\u00ebrmbajtjen dhe m\u00ebnyr\u00ebn e mbajtjes s\u00eb regjistrit t\u00eb lejeve t\u00eb pun\u00ebs t\u00eb l\u00ebshuara, t\u00eb rinovuara, t\u00eb zgjatura dhe t\u00eb revokuara t\u00eb pun\u00ebtor\u00ebve sh\u00ebndet\u00ebsor\u00eb me arsim t\u00eb lart\u00eb n\u00eb fush\u00ebn e farmacis\u00eb, Sl. Gazeta e RMV-s\u00eb nr. 221\/2020<\/a><\/li>\n<li><a href=\"https:\/\/www.fk.mk\/wp-content\/uploads\/sites\/3\/2023\/03\/RREGULLORE-p\u00ebr-programin-e-plot\u00ebsimit-dhe-verifikimin-1.pdf\" target=\"_blank\" rel=\"noopener\">Rregullore p\u00ebr programin e aft\u00ebsimit plot\u00ebsues dhe verifikimin e njohurive dhe aft\u00ebsive profesionale t\u00eb punonj\u00ebsve sh\u00ebndet\u00ebsor\u00eb me arsim t\u00eb lart\u00eb n\u00eb fush\u00ebn e farmacis\u00eb, p\u00ebrb\u00ebrjen e komisionit provues dhe m\u00ebnyr\u00ebn e kryerjes s\u00eb verifikimit, Sl. Gazeta e RMV-s\u00eb nr. 221\/2020<\/a><\/li>\n<li><a href=\"https:\/\/www.fk.mk\/wp-content\/uploads\/sites\/3\/2023\/03\/Rregullore-p\u00ebr-kriteret-m\u00eb-t\u00eb-p\u00ebraf\u00ebrta-q\u00eb-duhet-t\u00eb-plot\u00ebsojn\u00eb-edukatoret_sq-AL.pdf\" target=\"_blank\" rel=\"noopener\">Rregullore p\u00ebr kriteret m\u00eb t\u00eb p\u00ebraf\u00ebrta q\u00eb duhet t\u00eb plot\u00ebsojn\u00eb edukatoret p\u00ebr sa i p\u00ebrket arsimimit dhe p\u00ebrvoj\u00ebs s\u00eb pun\u00ebs p\u00ebr realizimin e pun\u00ebs provuese t\u00eb punonj\u00ebsve sh\u00ebndet\u00ebsor\u00eb me arsim t\u00eb lart\u00eb n\u00eb fush\u00ebn e farmacis\u00eb, Sl. Gazeta e RMV-s\u00eb nr. 221\/2020<\/a><\/li>\n<li><a href=\"https:\/\/www.fk.mk\/wp-content\/uploads\/sites\/3\/2023\/03\/Rregullore-p\u00ebr-m\u00ebnyr\u00ebn-e-dh\u00ebnies-vazhdimit-rinovimit-dhe-heqjes-s\u00eb-licenc\u00ebs_sq-AL.pdf\" target=\"_blank\" rel=\"noopener\">Rregullore p\u00ebr m\u00ebnyr\u00ebn e dh\u00ebnies, vazhdimit, rinovimit dhe heqjes s\u00eb licenc\u00ebs s\u00eb pun\u00ebs dhe form\u00ebn dhe p\u00ebrmbajtjen e formularit t\u00eb li\u00e7enc\u00ebs s\u00eb pun\u00ebs p\u00ebr punonj\u00ebsit e sh\u00ebndet\u00ebsis\u00eb me arsim t\u00eb lart\u00eb n\u00eb fush\u00ebn e farmacis\u00eb, Sl. Gazeta e RMV-s\u00eb nr. 221\/2020<\/a><\/li>\n<li><a href=\"https:\/\/www.fk.mk\/wp-content\/uploads\/sites\/3\/2023\/03\/Rregullore-p\u00ebr-mas\u00ebn-e-shpenzimeve-p\u00ebr-dh\u00ebnien-vazhdimin-dhe-rinovimin-e-li\u00e7enc\u00ebs_sq-AL.pdf\" target=\"_blank\" rel=\"noopener\">Rregullore p\u00ebr mas\u00ebn e shpenzimeve p\u00ebr dh\u00ebnien, vazhdimin dhe rinovimin e li\u00e7enc\u00ebs s\u00eb pun\u00ebs t\u00eb pun\u00ebtor\u00ebve sh\u00ebndet\u00ebsor\u00eb me arsim t\u00eb lart\u00eb n\u00eb fush\u00ebn e farmacis\u00eb, Sl. Gazeta e RMV-s\u00eb nr. 221\/2020<\/a><\/li>\n<li><a href=\"https:\/\/www.fk.mk\/wp-content\/uploads\/sites\/3\/2023\/03\/Rregullore-p\u00ebr-format-e-zhvillimit-t\u00eb-vazhduesh\u00ebm-profesional_sq-AL.pdf\" target=\"_blank\" rel=\"noopener\">Rregullore p\u00ebr format e zhvillimit t\u00eb vazhduesh\u00ebm profesional, kriteret p\u00ebr vendosjen e formular\u00ebve, kriteret e p\u00ebrzgjedhjes s\u00eb zbatuesve t\u00eb formave t\u00eb zhvillimit t\u00eb vazhduesh\u00ebm profesional dhe pik\u00ebt p\u00ebr rinovimin e li\u00e7enc\u00ebs s\u00eb pun\u00ebs s\u00eb punonj\u00ebsve sh\u00ebndet\u00ebsor\u00eb me arsim t\u00eb lart\u00eb n\u00eb fusha e farmacis\u00eb, Sl. Gazeta e RMV-s\u00eb nr. 221\/2020<\/a><\/li>\n<\/ul>\n<p>[\/vc_column_text][\/vc_tta_section][vc_tta_section title=&#8221;Rregulloret&#8221; tab_id=&#8221;1461837563790-b5fd3092-0f4e&#8221;][vc_column_text]<\/p>\n<ul>\n<li><a href=\"http:\/\/fk.creativehouse.mk\/%D1%80%D0%B5%D0%B3%D1%83%D0%BB%D0%B0%D1%82%D0%B8%D0%B2%D0%B0\/#1461837563750-8b10bd61-f777\">Lidhja 1<\/a><\/li>\n<li><a href=\"http:\/\/fk.creativehouse.mk\/%D1%80%D0%B5%D0%B3%D1%83%D0%BB%D0%B0%D1%82%D0%B8%D0%B2%D0%B0\/#1461837563750-8b10bd61-f777\">Lidhja 2<\/a><\/li>\n<li><a href=\"http:\/\/fk.creativehouse.mk\/%D1%80%D0%B5%D0%B3%D1%83%D0%BB%D0%B0%D1%82%D0%B8%D0%B2%D0%B0\/#1461837563750-8b10bd61-f777\">Lidhja 3<\/a><\/li>\n<\/ul>\n<p>[\/vc_column_text][\/vc_tta_section][\/vc_tta_tabs][\/vc_column][\/vc_row]<\/p>\n","protected":false},"excerpt":{"rendered":"<p>[vc_row css=&#8221;.vc_custom_1461838206400{margin-top: 10px !important;}&#8221;][vc_column][vc_tta_tabs style=&#8221;modern&#8221; active_section=&#8221;1&#8243; css=&#8221;.vc_custom_1462780694534{padding-top: 10px !important;}&#8221;][vc_tta_section title=&#8221;Aktet e Od\u00ebs &#8221; tab_id=&#8221;1462542525836-220e82e8-280b&#8221;][vc_column_text] STATUTI &#8211; i Od\u00ebs Farmaceutike t\u00eb Republik\u00ebs s\u00eb Maqedonis\u00eb s\u00eb Veriut VENDIM STATUTOR &#8211; p\u00ebr ndryshimin dhe plot\u00ebsimin e Statutit t\u00eb Od\u00ebs Farmaceutike t\u00eb Maqedonis\u00eb KODEKSI &#8211; t\u00eb detyrave dhe t\u00eb drejtave etike profesionale t\u00eb punonj\u00ebsve sh\u00ebndet\u00ebsor\u00eb me arsim t\u00eb lart\u00eb [&hellip;]<\/p>\n","protected":false},"author":1,"featured_media":0,"parent":18456,"menu_order":5,"comment_status":"closed","ping_status":"closed","template":"","meta":{"jnews_page_loop":[],"jnews_single_page":[],"jnews_social_meta":[],"footnotes":""},"class_list":["post-18478","page","type-page","status-publish","hentry"],"yoast_head":"<!-- This site is optimized with the Yoast SEO plugin v27.4 - https:\/\/yoast.com\/product\/yoast-seo-wordpress\/ -->\n<title>RREGULLATIVA - Od\u00ebn Farmaceutike t\u00eb Maqedonis\u00eb<\/title>\n<meta name=\"description\" content=\"\u041f\u0440\u0430\u0432\u043d\u0430 \u0440\u0435\u0433\u0443\u043b\u0430\u0442\u0438\u0432\u0430, \u0430\u043a\u0442\u0438 \u0438 \u043f\u0440\u043e\u043f\u0438\u0441\u0438 \u043d\u0430 \u0424\u0430\u0440\u043c\u0430\u0446\u0435\u0432\u0442\u0441\u043a\u0430\u0442\u0430 \u043a\u043e\u043c\u043e\u0440\u0430 \u043d\u0430 \u0420\u0435\u043f\u0443\u0431\u043b\u0438\u043a\u0430 \u041c\u0430\u043a\u0435\u0434\u043e\u043d\u0438\u0458\u0430.*\" \/>\n<meta name=\"robots\" content=\"index, follow, max-snippet:-1, max-image-preview:large, max-video-preview:-1\" \/>\n<link rel=\"canonical\" href=\"https:\/\/fk.mk\/sq\/mbi-oden\/rregullativa\/\" \/>\n<meta property=\"og:locale\" content=\"en_US\" \/>\n<meta property=\"og:type\" content=\"article\" \/>\n<meta property=\"og:title\" content=\"RREGULLATIVA - Od\u00ebn Farmaceutike t\u00eb Maqedonis\u00eb\" \/>\n<meta property=\"og:description\" content=\"\u041f\u0440\u0430\u0432\u043d\u0430 \u0440\u0435\u0433\u0443\u043b\u0430\u0442\u0438\u0432\u0430, \u0430\u043a\u0442\u0438 \u0438 \u043f\u0440\u043e\u043f\u0438\u0441\u0438 \u043d\u0430 \u0424\u0430\u0440\u043c\u0430\u0446\u0435\u0432\u0442\u0441\u043a\u0430\u0442\u0430 \u043a\u043e\u043c\u043e\u0440\u0430 \u043d\u0430 \u0420\u0435\u043f\u0443\u0431\u043b\u0438\u043a\u0430 \u041c\u0430\u043a\u0435\u0434\u043e\u043d\u0438\u0458\u0430.*\" \/>\n<meta property=\"og:url\" content=\"https:\/\/fk.mk\/sq\/mbi-oden\/rregullativa\/\" \/>\n<meta property=\"og:site_name\" content=\"Od\u00ebn Farmaceutike t\u00eb Maqedonis\u00eb\" \/>\n<meta name=\"twitter:card\" content=\"summary_large_image\" \/>\n<meta name=\"twitter:label1\" content=\"Est. reading time\" \/>\n\t<meta name=\"twitter:data1\" content=\"3 minutes\" \/>\n<script type=\"application\/ld+json\" class=\"yoast-schema-graph\">{\"@context\":\"https:\\\/\\\/schema.org\",\"@graph\":[{\"@type\":\"WebPage\",\"@id\":\"https:\\\/\\\/fk.mk\\\/sq\\\/mbi-oden\\\/rregullativa\\\/\",\"url\":\"https:\\\/\\\/fk.mk\\\/sq\\\/mbi-oden\\\/rregullativa\\\/\",\"name\":\"RREGULLATIVA - Od\u00ebn Farmaceutike t\u00eb Maqedonis\u00eb\",\"isPartOf\":{\"@id\":\"https:\\\/\\\/fk.mk\\\/sq\\\/#website\"},\"datePublished\":\"2016-04-19T10:59:38+00:00\",\"description\":\"\u041f\u0440\u0430\u0432\u043d\u0430 \u0440\u0435\u0433\u0443\u043b\u0430\u0442\u0438\u0432\u0430, \u0430\u043a\u0442\u0438 \u0438 \u043f\u0440\u043e\u043f\u0438\u0441\u0438 \u043d\u0430 \u0424\u0430\u0440\u043c\u0430\u0446\u0435\u0432\u0442\u0441\u043a\u0430\u0442\u0430 \u043a\u043e\u043c\u043e\u0440\u0430 \u043d\u0430 \u0420\u0435\u043f\u0443\u0431\u043b\u0438\u043a\u0430 \u041c\u0430\u043a\u0435\u0434\u043e\u043d\u0438\u0458\u0430.*\",\"breadcrumb\":{\"@id\":\"https:\\\/\\\/fk.mk\\\/sq\\\/mbi-oden\\\/rregullativa\\\/#breadcrumb\"},\"inLanguage\":\"en-US\",\"potentialAction\":[{\"@type\":\"ReadAction\",\"target\":[\"https:\\\/\\\/fk.mk\\\/sq\\\/mbi-oden\\\/rregullativa\\\/\"]}]},{\"@type\":\"BreadcrumbList\",\"@id\":\"https:\\\/\\\/fk.mk\\\/sq\\\/mbi-oden\\\/rregullativa\\\/#breadcrumb\",\"itemListElement\":[{\"@type\":\"ListItem\",\"position\":1,\"name\":\"Home\",\"item\":\"https:\\\/\\\/fk.mk\\\/sq\\\/\"},{\"@type\":\"ListItem\",\"position\":2,\"name\":\"MBI OD\u00cbN\",\"item\":\"https:\\\/\\\/fk.mk\\\/sq\\\/mbi-oden\\\/\"},{\"@type\":\"ListItem\",\"position\":3,\"name\":\"RREGULLATIVA\"}]},{\"@type\":\"WebSite\",\"@id\":\"https:\\\/\\\/fk.mk\\\/sq\\\/#website\",\"url\":\"https:\\\/\\\/fk.mk\\\/sq\\\/\",\"name\":\"Od\u00ebn Farmaceutike t\u00eb Maqedonis\u00eb\",\"description\":\"\u0424\u0430\u0440\u043c\u0430\u0446\u0435\u0432\u0442\u0441\u043a\u0430 \u041a\u043e\u043c\u043e\u0440\u0430 \u043d\u0430 \u0420\u0435\u043f\u0443\u0431\u043b\u0438\u043a\u0430 \u0421\u0435\u0432\u0435\u0440\u043d\u0430 \u041c\u0430\u043a\u0435\u0434\u043e\u043d\u0438\u0458\u0430\",\"potentialAction\":[{\"@type\":\"SearchAction\",\"target\":{\"@type\":\"EntryPoint\",\"urlTemplate\":\"https:\\\/\\\/fk.mk\\\/sq\\\/?s={search_term_string}\"},\"query-input\":{\"@type\":\"PropertyValueSpecification\",\"valueRequired\":true,\"valueName\":\"search_term_string\"}}],\"inLanguage\":\"en-US\"}]}<\/script>\n<!-- \/ Yoast SEO plugin. -->","yoast_head_json":{"title":"RREGULLATIVA - Od\u00ebn Farmaceutike t\u00eb Maqedonis\u00eb","description":"\u041f\u0440\u0430\u0432\u043d\u0430 \u0440\u0435\u0433\u0443\u043b\u0430\u0442\u0438\u0432\u0430, \u0430\u043a\u0442\u0438 \u0438 \u043f\u0440\u043e\u043f\u0438\u0441\u0438 \u043d\u0430 \u0424\u0430\u0440\u043c\u0430\u0446\u0435\u0432\u0442\u0441\u043a\u0430\u0442\u0430 \u043a\u043e\u043c\u043e\u0440\u0430 \u043d\u0430 \u0420\u0435\u043f\u0443\u0431\u043b\u0438\u043a\u0430 \u041c\u0430\u043a\u0435\u0434\u043e\u043d\u0438\u0458\u0430.*","robots":{"index":"index","follow":"follow","max-snippet":"max-snippet:-1","max-image-preview":"max-image-preview:large","max-video-preview":"max-video-preview:-1"},"canonical":"https:\/\/fk.mk\/sq\/mbi-oden\/rregullativa\/","og_locale":"en_US","og_type":"article","og_title":"RREGULLATIVA - Od\u00ebn Farmaceutike t\u00eb Maqedonis\u00eb","og_description":"\u041f\u0440\u0430\u0432\u043d\u0430 \u0440\u0435\u0433\u0443\u043b\u0430\u0442\u0438\u0432\u0430, \u0430\u043a\u0442\u0438 \u0438 \u043f\u0440\u043e\u043f\u0438\u0441\u0438 \u043d\u0430 \u0424\u0430\u0440\u043c\u0430\u0446\u0435\u0432\u0442\u0441\u043a\u0430\u0442\u0430 \u043a\u043e\u043c\u043e\u0440\u0430 \u043d\u0430 \u0420\u0435\u043f\u0443\u0431\u043b\u0438\u043a\u0430 \u041c\u0430\u043a\u0435\u0434\u043e\u043d\u0438\u0458\u0430.*","og_url":"https:\/\/fk.mk\/sq\/mbi-oden\/rregullativa\/","og_site_name":"Od\u00ebn Farmaceutike t\u00eb Maqedonis\u00eb","twitter_card":"summary_large_image","twitter_misc":{"Est. reading time":"3 minutes"},"schema":{"@context":"https:\/\/schema.org","@graph":[{"@type":"WebPage","@id":"https:\/\/fk.mk\/sq\/mbi-oden\/rregullativa\/","url":"https:\/\/fk.mk\/sq\/mbi-oden\/rregullativa\/","name":"RREGULLATIVA - Od\u00ebn Farmaceutike t\u00eb Maqedonis\u00eb","isPartOf":{"@id":"https:\/\/fk.mk\/sq\/#website"},"datePublished":"2016-04-19T10:59:38+00:00","description":"\u041f\u0440\u0430\u0432\u043d\u0430 \u0440\u0435\u0433\u0443\u043b\u0430\u0442\u0438\u0432\u0430, \u0430\u043a\u0442\u0438 \u0438 \u043f\u0440\u043e\u043f\u0438\u0441\u0438 \u043d\u0430 \u0424\u0430\u0440\u043c\u0430\u0446\u0435\u0432\u0442\u0441\u043a\u0430\u0442\u0430 \u043a\u043e\u043c\u043e\u0440\u0430 \u043d\u0430 \u0420\u0435\u043f\u0443\u0431\u043b\u0438\u043a\u0430 \u041c\u0430\u043a\u0435\u0434\u043e\u043d\u0438\u0458\u0430.*","breadcrumb":{"@id":"https:\/\/fk.mk\/sq\/mbi-oden\/rregullativa\/#breadcrumb"},"inLanguage":"en-US","potentialAction":[{"@type":"ReadAction","target":["https:\/\/fk.mk\/sq\/mbi-oden\/rregullativa\/"]}]},{"@type":"BreadcrumbList","@id":"https:\/\/fk.mk\/sq\/mbi-oden\/rregullativa\/#breadcrumb","itemListElement":[{"@type":"ListItem","position":1,"name":"Home","item":"https:\/\/fk.mk\/sq\/"},{"@type":"ListItem","position":2,"name":"MBI OD\u00cbN","item":"https:\/\/fk.mk\/sq\/mbi-oden\/"},{"@type":"ListItem","position":3,"name":"RREGULLATIVA"}]},{"@type":"WebSite","@id":"https:\/\/fk.mk\/sq\/#website","url":"https:\/\/fk.mk\/sq\/","name":"Od\u00ebn Farmaceutike t\u00eb Maqedonis\u00eb","description":"\u0424\u0430\u0440\u043c\u0430\u0446\u0435\u0432\u0442\u0441\u043a\u0430 \u041a\u043e\u043c\u043e\u0440\u0430 \u043d\u0430 \u0420\u0435\u043f\u0443\u0431\u043b\u0438\u043a\u0430 \u0421\u0435\u0432\u0435\u0440\u043d\u0430 \u041c\u0430\u043a\u0435\u0434\u043e\u043d\u0438\u0458\u0430","potentialAction":[{"@type":"SearchAction","target":{"@type":"EntryPoint","urlTemplate":"https:\/\/fk.mk\/sq\/?s={search_term_string}"},"query-input":{"@type":"PropertyValueSpecification","valueRequired":true,"valueName":"search_term_string"}}],"inLanguage":"en-US"}]}},"_links":{"self":[{"href":"https:\/\/fk.mk\/sq\/wp-json\/wp\/v2\/pages\/18478","targetHints":{"allow":["GET"]}}],"collection":[{"href":"https:\/\/fk.mk\/sq\/wp-json\/wp\/v2\/pages"}],"about":[{"href":"https:\/\/fk.mk\/sq\/wp-json\/wp\/v2\/types\/page"}],"author":[{"embeddable":true,"href":"https:\/\/fk.mk\/sq\/wp-json\/wp\/v2\/users\/1"}],"replies":[{"embeddable":true,"href":"https:\/\/fk.mk\/sq\/wp-json\/wp\/v2\/comments?post=18478"}],"version-history":[{"count":0,"href":"https:\/\/fk.mk\/sq\/wp-json\/wp\/v2\/pages\/18478\/revisions"}],"up":[{"embeddable":true,"href":"https:\/\/fk.mk\/sq\/wp-json\/wp\/v2\/pages\/18456"}],"wp:attachment":[{"href":"https:\/\/fk.mk\/sq\/wp-json\/wp\/v2\/media?parent=18478"}],"curies":[{"name":"wp","href":"https:\/\/api.w.org\/{rel}","templated":true}]}}