{"id":18474,"date":"2016-04-19T12:58:13","date_gmt":"2016-04-19T10:58:13","guid":{"rendered":"https:\/\/www.fk.mk\/mbi-oden-2\/organet-e-odes\/"},"modified":"2016-04-19T12:58:13","modified_gmt":"2016-04-19T10:58:13","slug":"organet-e-odes","status":"publish","type":"page","link":"https:\/\/fk.mk\/sq\/mbi-oden\/organet-e-odes\/","title":{"rendered":"ORGANET E OD\u00cbS"},"content":{"rendered":"<p>[vc_row][vc_column][vc_column_text css=&#8221;.vc_custom_1462794313060{padding-bottom: 13px !important;}&#8221;]Puna e Od\u00ebs drejtohet nga an\u00ebtar\u00ebt e saj n\u00ebp\u00ebrmjet p\u00ebrfaq\u00ebsuesve t\u00eb nj\u00ebsis\u00eb s\u00eb tyre territoriale n\u00eb organet e Od\u00ebs.<br \/>\nP\u00ebrfaq\u00ebsuesit e an\u00ebtar\u00ebsis\u00eb n\u00eb organet e Od\u00ebs punojn\u00eb sipas udh\u00ebzimeve t\u00eb an\u00ebtar\u00ebve q\u00eb i kan\u00eb zgjedhur dhe para tyre jan\u00eb p\u00ebrgjegj\u00ebs p\u00ebr pun\u00ebn e tyre.<\/p>\n<p style=\"text-align: justify\">Organet e Od\u00ebs jan\u00eb:<\/p>\n<p>[\/vc_column_text][vc_accordion active_tab=&#8221;0&#8243; collapsible=&#8221;yes&#8221; css_wrapper=&#8221;.vc_custom_1462541280671{padding-right: 10px !important;padding-bottom: 10px !important;padding-left: 10px !important;}&#8221;][vc_accordion_tab title=&#8221;Kuvendi i Od\u00ebs&#8221;][vc_column_text css=&#8221;.vc_custom_1662039647117{padding-bottom: 10px !important;}&#8221;]Kuvendi \u00ebsht\u00eb organi m\u00eb i lart\u00eb i Od\u00ebs.<\/p>\n<p>Kuvendi p\u00ebrb\u00ebhet nga p\u00ebrfaq\u00ebsuesit e zgjedhur nga an\u00ebtar\u00ebt e tij dhe ka 54 p\u00ebrfaq\u00ebsues.<\/p>\n<p>Kuvendi i Od\u00ebs:<\/p>\n<ul>\n<li>Miraton Programin Vjetor t\u00eb Pun\u00ebs dhe Planin Financiar dhe raporton p\u00ebr zbatimin e tyre;<\/li>\n<li>Miraton Statutin dhe b\u00ebn ndryshimin dhe plot\u00ebsimin e Statutit;<\/li>\n<li>Vendos p\u00ebr lart\u00ebsin\u00eb e an\u00ebtar\u00ebsimit;<\/li>\n<li>Em\u00ebron dhe shkarkon kryetarin e Od\u00ebs, kryetarin e Kuvendit t\u00eb Od\u00ebs, an\u00ebtar\u00ebt e K\u00ebshillit Ekzekutiv, an\u00ebtar\u00ebt e K\u00ebshillit Mbik\u00ebqyr\u00ebs, an\u00ebtar\u00ebt e Gjykat\u00ebs s\u00eb Nderit dhe prokurorin;<\/li>\n<li>E shqyrton raportin p\u00ebr llogarin\u00eb p\u00ebrfundimtare t\u00eb vitit paraprak;<\/li>\n<li>Miraton akte t\u00eb p\u00ebrgjithshme n\u00eb pajtim me Ligjin dhe Statutin;<\/li>\n<li>Miraton konkluzione, konstaton q\u00ebndrime dhe jep mendime p\u00ebr \u00e7\u00ebshtje t\u00eb r\u00ebnd\u00ebsishme p\u00ebr pun\u00ebn e Od\u00ebs;<\/li>\n<li>Vendos p\u00ebr lidhjen dhe bashk\u00ebpunimin e Od\u00ebs me organizatat e tjera t\u00eb ngjashme brenda dhe jasht\u00eb vendit;<\/li>\n<li>Vendos p\u00ebr shp\u00ebrndarjen e parakohshme t\u00eb Kuvendit,<\/li>\n<\/ul>\n<p>[\/vc_column_text][\/vc_accordion_tab][vc_accordion_tab title=&#8221;Kryetari i Kuvendit&#8221;][vc_column_text]Kryetari i Kuvendit \u00ebsht\u00eb an\u00ebtar i tij dhe angazhohet p\u00ebr:<\/p>\n<ul>\n<li>Afirmimin e profesionit farmaceutik;<\/li>\n<li>Zhvillimin dhe modernizimin e pun\u00ebs s\u00eb Od\u00ebs;<\/li>\n<li>P\u00ebrfaq\u00ebsimin e paansh\u00ebm dhe t\u00eb barabart\u00eb t\u00eb interesave t\u00eb segmenteve t\u00eb ve\u00e7anta t\u00eb veprimtaris\u00eb farmaceutike;<\/li>\n<\/ul>\n<p>[\/vc_column_text][\/vc_accordion_tab][vc_accordion_tab title=&#8221;K\u00ebshilli Ekzekutiv&#8221;][vc_column_text]K\u00ebshilli Ekzekutiv ka 11 an\u00ebtar\u00eb. Nj\u00ebsit\u00eb territoriale nga 1 deri n\u00eb 7 kan\u00eb nga nj\u00eb an\u00ebtar &#8211; p\u00ebrfaq\u00ebsues, nd\u00ebrsa nj\u00ebsia territoriale 8 ka 3 an\u00ebtar\u00eb &#8211; p\u00ebrfaq\u00ebsues n\u00eb K\u00ebshillin Ekzekutiv.<\/p>\n<p>Kryetari i Od\u00ebs, me funksion \u00ebsht\u00eb an\u00ebtar i K\u00ebshillit Ekzekutiv dhe kryetar i tij.<br \/>\nAn\u00ebtar\u00ebt e K\u00ebshillit Ekzekutiv zgjidhen nga Kuvendi i Od\u00ebs me propozimin e nj\u00ebsive territoriale.<\/p>\n<p>K\u00ebshilli Ekzekutiv i kryen detyrat si n\u00eb vijim:<\/p>\n<ul>\n<li>i propozon Kuvendit miratimin e Programit t\u00eb Pun\u00ebs dhe Planit Financiar;<\/li>\n<li>shqyrton dhe miraton propozime p\u00ebr materialet e mbledhjeve t\u00eb Kuvendit;<\/li>\n<li>e zbaton Programin e Pun\u00ebs dhe Planin Financiar dhe vendimet e tjera t\u00eb Kuvendit dhe p\u00ebr k\u00ebt\u00eb e njofton Kuvendin;<\/li>\n<li>shqyrton propozimet e an\u00ebtar\u00ebve p\u00ebr veprimin e Od\u00ebs;<\/li>\n<li>zbatimin e akteve t\u00eb miratuara nga Kuvendi;<\/li>\n<li>p\u00ebrcaktimin e propozimeve t\u00eb akteve t\u00eb miratuara nga Kuvendi;<\/li>\n<li>ngrit iniciativ\u00eb p\u00ebr miratimin dhe ndryshimin e ligjeve p\u00ebrkat\u00ebse dhe rregullave t\u00eb tjera;<\/li>\n<li>shqyton dhe merr q\u00ebndrime p\u00ebr zhvillimin e veprimtaris\u00eb s\u00eb Od\u00ebs q\u00eb ndikojn\u00eb n\u00eb avancimin e pun\u00ebs;<\/li>\n<li>ofron transparenc\u00eb p\u00ebr pun\u00ebn e Od\u00ebs;<\/li>\n<li>i miraton t\u00eb gjitha aktet e p\u00ebrgjithshme q\u00eb nuk jan\u00eb n\u00eb kompetenc\u00eb t\u00eb Kuvendit;<\/li>\n<li>parashtron raport t\u00eb Kuvendit p\u00ebr pun\u00ebn e tij;<\/li>\n<li>formon trupa pune t\u00eb p\u00ebrhershme ose t\u00eb p\u00ebrkohshme p\u00ebr kryerjen e detyrave t\u00eb caktuara;<\/li>\n<li>menaxhon me mjetet n\u00eb dispozicion t\u00eb Od\u00ebs;<\/li>\n<li>miraton llogarin\u00eb p\u00ebrfundimtare p\u00ebr vitin paraprak;<\/li>\n<li>mbik\u00ebqyr pun\u00ebn e sh\u00ebrbimit profesional dhe vendos p\u00ebr themelimin dhe nd\u00ebrprerjen e marr\u00ebdh\u00ebnies s\u00eb pun\u00ebs t\u00eb pun\u00ebtor\u00ebve n\u00eb sh\u00ebrbimin profesional;<\/li>\n<li>shpall konkurs dhe zgjedh sekretarin e Od\u00ebs;<\/li>\n<li>vendos p\u00ebr kund\u00ebrshtimet dhe ankesat e aktvendimeve nga marr\u00ebdh\u00ebnia e pun\u00ebs;<\/li>\n<li>i propozon Kuvendit an\u00ebtar\u00ebsimin n\u00eb organizatat dhe asociacionet e ngjashme p\u00ebrkat\u00ebse brenda dhe jasht\u00eb vendit;<\/li>\n<li>n\u00eb p\u00ebrputhje me ligjin i klasifikon dokumentet dhe t\u00eb dh\u00ebnat q\u00eb p\u00ebrfaq\u00ebsojn\u00eb sekret dhe njoftimi i t\u00eb cilave do t\u00eb ishte n\u00eb kund\u00ebrshtim me interesat e Od\u00ebs;<\/li>\n<li>kryen edhe detyra t\u00eb tjera t\u00eb p\u00ebrcaktuara me k\u00ebt\u00eb Statut ose me aktet e tjera t\u00eb Od\u00ebs.<\/li>\n<\/ul>\n<p>P\u00ebr pun\u00ebn e tij, K\u00ebshilli Ekzekutiv \u00ebsht\u00eb p\u00ebrgjegj\u00ebs para Kuvendit t\u00eb Od\u00ebs.[\/vc_column_text][\/vc_accordion_tab][vc_accordion_tab title=&#8221;Kryetari i Od\u00ebs&#8221;][vc_column_text]Kryetari i Od\u00ebs kujdeset p\u00ebr ushtrimin e funksioneve t\u00eb Od\u00ebs.<\/p>\n<p>Kryetari i Od\u00ebs:<\/p>\n<ul>\n<li>udh\u00ebheq me pun\u00ebn e Od\u00ebs;<\/li>\n<li>miraton vendime, aktvendime dhe akte t\u00eb tjera lidhur me udh\u00ebheqjen e pun\u00ebs s\u00eb Od\u00ebs, t\u00eb cilat nuk jan\u00eb n\u00eb kompetenc\u00eb t\u00eb organeve t\u00eb tjera;<\/li>\n<li>i n\u00ebnshkruan aktet e miratuara n\u00eb mbledhjet e K\u00ebshillit Ekzekutiv;<\/li>\n<li>nd\u00ebrmerr aktivitete p\u00ebr zbatimin e akteve t\u00eb miratuara nga Kuvendi, K\u00ebshilli Ekzekutiv, komisionet dhe organet e tjera t\u00eb Od\u00ebs;<\/li>\n<li>i n\u00ebnshkruan dokumentet nga puna materiale financiare e Od\u00ebs;<\/li>\n<li>i n\u00ebnshkruan marr\u00ebveshjet e lidhura nga Oda;<\/li>\n<li>kryen edhe pun\u00eb t\u00eb tjera t\u00eb p\u00ebrcaktuara me ligj, Statut dhe me akte t\u00eb tjera t\u00eb Od\u00ebs.<\/li>\n<\/ul>\n<p>[\/vc_column_text][\/vc_accordion_tab][vc_accordion_tab title=&#8221;Gjykata e Nderit dhe prokurori&#8221;][vc_column_text]Gjykata e Nderit vendos p\u00ebr shkeljen e normave etike dhe profesionale, shkeljen e dispozitave t\u00eb k\u00ebtij Statuti dhe akteve t\u00eb tjera t\u00eb Od\u00ebs, mosp\u00ebrmbushjen e obligimeve t\u00eb an\u00ebtar\u00ebve t\u00eb Od\u00ebs, etj.<br \/>\nGjykata e Nderit n\u00eb ushtrimin e funksionit t\u00eb saj \u00ebsht\u00eb e pavarur dhe gjykon n\u00eb baz\u00eb t\u00eb Kushtetut\u00ebs, Ligjit, Statutit dhe akteve t\u00eb tjera t\u00eb p\u00ebrgjithshme t\u00eb Od\u00ebs.<\/p>\n<p>Prokurori vepron me kall\u00ebzime p\u00ebr ngritjen e procedur\u00ebs p\u00ebr shkeljen e dispozitave t\u00eb kodit t\u00eb detyrave dhe t\u00eb drejtave etike t\u00eb farmacist\u00ebve.[\/vc_column_text][\/vc_accordion_tab][vc_accordion_tab title=&#8221;K\u00ebshilli Mbik\u00ebqyr\u00ebs&#8221;][vc_column_text]K\u00ebshilli Mbik\u00ebqyr\u00ebs kryen mbik\u00ebqyrje mbi:<\/p>\n<ul>\n<li>ligjshm\u00ebrin\u00eb dhe korrekt\u00ebsin\u00eb e pun\u00ebs s\u00eb Od\u00ebs;<\/li>\n<li>shfryt\u00ebzimin e mjeteve t\u00eb Od\u00ebs dhe pun\u00ebs s\u00eb p\u00ebrgjithshme materiale dhe financiare t\u00eb Od\u00ebs;<\/li>\n<li>realizimin e obligimeve t\u00eb an\u00ebtar\u00ebve t\u00eb Od\u00ebs;<\/li>\n<li>pun\u00ebn financiare;<\/li>\n<li>dokumentet e kontabilitetit;<\/li>\n<li>shfryt\u00ebzimin e mjeteve p\u00ebr pun\u00ebn e sh\u00ebrbimit profesional t\u00eb Od\u00ebs;<\/li>\n<li>\u00e7\u00ebshtje t\u00eb tjera t\u00eb p\u00ebrcaktuara me k\u00ebt\u00eb Statut dhe aktet e Od\u00ebs.<\/li>\n<\/ul>\n<p>[\/vc_column_text][\/vc_accordion_tab][\/vc_accordion][\/vc_column][\/vc_row]<\/p>\n","protected":false},"excerpt":{"rendered":"<p>[vc_row][vc_column][vc_column_text css=&#8221;.vc_custom_1462794313060{padding-bottom: 13px !important;}&#8221;]Puna e Od\u00ebs drejtohet nga an\u00ebtar\u00ebt e saj n\u00ebp\u00ebrmjet p\u00ebrfaq\u00ebsuesve t\u00eb nj\u00ebsis\u00eb s\u00eb tyre territoriale n\u00eb organet e Od\u00ebs. P\u00ebrfaq\u00ebsuesit e an\u00ebtar\u00ebsis\u00eb n\u00eb organet e Od\u00ebs punojn\u00eb sipas udh\u00ebzimeve t\u00eb an\u00ebtar\u00ebve q\u00eb i kan\u00eb zgjedhur dhe para tyre jan\u00eb p\u00ebrgjegj\u00ebs p\u00ebr pun\u00ebn e tyre. Organet e Od\u00ebs jan\u00eb: [\/vc_column_text][vc_accordion active_tab=&#8221;0&#8243; collapsible=&#8221;yes&#8221; css_wrapper=&#8221;.vc_custom_1462541280671{padding-right: [&hellip;]<\/p>\n","protected":false},"author":1,"featured_media":0,"parent":18456,"menu_order":4,"comment_status":"closed","ping_status":"closed","template":"","meta":{"jnews_page_loop":[],"jnews_single_page":[],"jnews_social_meta":[],"footnotes":""},"class_list":["post-18474","page","type-page","status-publish","hentry"],"yoast_head":"<!-- This site is optimized with the Yoast SEO plugin v27.4 - https:\/\/yoast.com\/product\/yoast-seo-wordpress\/ -->\n<title>ORGANET E OD\u00cbS - Od\u00ebn Farmaceutike t\u00eb Maqedonis\u00eb<\/title>\n<meta name=\"description\" content=\"*\u041f\u0440\u0435\u0442\u0441\u0442\u0430\u0432\u043d\u0438\u0446\u0438\u0442\u0435 \u043d\u0430 \u0447\u043b\u0435\u043d\u0441\u0442\u0432\u043e\u0442\u043e \u0432\u043e \u043e\u0440\u0433\u0430\u043d\u0438\u0442\u0435 \u043d\u0430 \u041a\u043e\u043c\u043e\u0440\u0430\u0442\u0430 \u0440\u0430\u0431\u043e\u0442\u0430\u0442 \u0441\u043f\u043e\u0440\u0435\u0434 \u043d\u0430\u0441\u043e\u043a\u0438\u0442\u0435 \u043d\u0430 \u0447\u043b\u0435\u043d\u043e\u0432\u0438\u0442\u0435 \u0448\u0442\u043e \u0433\u0438 \u0438\u0437\u0431\u0440\u0430\u043b\u0435 \u0438 \u043f\u0440\u0435\u0434 \u043d\u0438\u0432 \u0441\u0435 \u043e\u0434\u0433\u043e\u0432\u043e\u0440\u043d\u0438 \u0437\u0430 \u0441\u0432\u043e\u0458\u0430\u0442\u0430 \u0440\u0430\u0431\u043e\u0442\u0430.\" \/>\n<meta name=\"robots\" content=\"index, follow, max-snippet:-1, max-image-preview:large, max-video-preview:-1\" \/>\n<link rel=\"canonical\" href=\"https:\/\/fk.mk\/sq\/mbi-oden\/organet-e-odes\/\" \/>\n<meta property=\"og:locale\" content=\"en_US\" \/>\n<meta property=\"og:type\" content=\"article\" \/>\n<meta property=\"og:title\" content=\"ORGANET E OD\u00cbS - Od\u00ebn Farmaceutike t\u00eb Maqedonis\u00eb\" \/>\n<meta property=\"og:description\" content=\"*\u041f\u0440\u0435\u0442\u0441\u0442\u0430\u0432\u043d\u0438\u0446\u0438\u0442\u0435 \u043d\u0430 \u0447\u043b\u0435\u043d\u0441\u0442\u0432\u043e\u0442\u043e \u0432\u043e \u043e\u0440\u0433\u0430\u043d\u0438\u0442\u0435 \u043d\u0430 \u041a\u043e\u043c\u043e\u0440\u0430\u0442\u0430 \u0440\u0430\u0431\u043e\u0442\u0430\u0442 \u0441\u043f\u043e\u0440\u0435\u0434 \u043d\u0430\u0441\u043e\u043a\u0438\u0442\u0435 \u043d\u0430 \u0447\u043b\u0435\u043d\u043e\u0432\u0438\u0442\u0435 \u0448\u0442\u043e \u0433\u0438 \u0438\u0437\u0431\u0440\u0430\u043b\u0435 \u0438 \u043f\u0440\u0435\u0434 \u043d\u0438\u0432 \u0441\u0435 \u043e\u0434\u0433\u043e\u0432\u043e\u0440\u043d\u0438 \u0437\u0430 \u0441\u0432\u043e\u0458\u0430\u0442\u0430 \u0440\u0430\u0431\u043e\u0442\u0430.\" \/>\n<meta property=\"og:url\" content=\"https:\/\/fk.mk\/sq\/mbi-oden\/organet-e-odes\/\" \/>\n<meta property=\"og:site_name\" content=\"Od\u00ebn Farmaceutike t\u00eb Maqedonis\u00eb\" \/>\n<meta name=\"twitter:card\" content=\"summary_large_image\" \/>\n<meta name=\"twitter:label1\" content=\"Est. reading time\" \/>\n\t<meta name=\"twitter:data1\" content=\"6 minutes\" \/>\n<script type=\"application\/ld+json\" class=\"yoast-schema-graph\">{\"@context\":\"https:\\\/\\\/schema.org\",\"@graph\":[{\"@type\":\"WebPage\",\"@id\":\"https:\\\/\\\/fk.mk\\\/sq\\\/mbi-oden\\\/organet-e-odes\\\/\",\"url\":\"https:\\\/\\\/fk.mk\\\/sq\\\/mbi-oden\\\/organet-e-odes\\\/\",\"name\":\"ORGANET E OD\u00cbS - Od\u00ebn Farmaceutike t\u00eb Maqedonis\u00eb\",\"isPartOf\":{\"@id\":\"https:\\\/\\\/fk.mk\\\/sq\\\/#website\"},\"datePublished\":\"2016-04-19T10:58:13+00:00\",\"description\":\"*\u041f\u0440\u0435\u0442\u0441\u0442\u0430\u0432\u043d\u0438\u0446\u0438\u0442\u0435 \u043d\u0430 \u0447\u043b\u0435\u043d\u0441\u0442\u0432\u043e\u0442\u043e \u0432\u043e \u043e\u0440\u0433\u0430\u043d\u0438\u0442\u0435 \u043d\u0430 \u041a\u043e\u043c\u043e\u0440\u0430\u0442\u0430 \u0440\u0430\u0431\u043e\u0442\u0430\u0442 \u0441\u043f\u043e\u0440\u0435\u0434 \u043d\u0430\u0441\u043e\u043a\u0438\u0442\u0435 \u043d\u0430 \u0447\u043b\u0435\u043d\u043e\u0432\u0438\u0442\u0435 \u0448\u0442\u043e \u0433\u0438 \u0438\u0437\u0431\u0440\u0430\u043b\u0435 \u0438 \u043f\u0440\u0435\u0434 \u043d\u0438\u0432 \u0441\u0435 \u043e\u0434\u0433\u043e\u0432\u043e\u0440\u043d\u0438 \u0437\u0430 \u0441\u0432\u043e\u0458\u0430\u0442\u0430 \u0440\u0430\u0431\u043e\u0442\u0430.\",\"breadcrumb\":{\"@id\":\"https:\\\/\\\/fk.mk\\\/sq\\\/mbi-oden\\\/organet-e-odes\\\/#breadcrumb\"},\"inLanguage\":\"en-US\",\"potentialAction\":[{\"@type\":\"ReadAction\",\"target\":[\"https:\\\/\\\/fk.mk\\\/sq\\\/mbi-oden\\\/organet-e-odes\\\/\"]}]},{\"@type\":\"BreadcrumbList\",\"@id\":\"https:\\\/\\\/fk.mk\\\/sq\\\/mbi-oden\\\/organet-e-odes\\\/#breadcrumb\",\"itemListElement\":[{\"@type\":\"ListItem\",\"position\":1,\"name\":\"Home\",\"item\":\"https:\\\/\\\/fk.mk\\\/sq\\\/\"},{\"@type\":\"ListItem\",\"position\":2,\"name\":\"MBI OD\u00cbN\",\"item\":\"https:\\\/\\\/fk.mk\\\/sq\\\/mbi-oden\\\/\"},{\"@type\":\"ListItem\",\"position\":3,\"name\":\"ORGANET E OD\u00cbS\"}]},{\"@type\":\"WebSite\",\"@id\":\"https:\\\/\\\/fk.mk\\\/sq\\\/#website\",\"url\":\"https:\\\/\\\/fk.mk\\\/sq\\\/\",\"name\":\"Od\u00ebn Farmaceutike t\u00eb Maqedonis\u00eb\",\"description\":\"\u0424\u0430\u0440\u043c\u0430\u0446\u0435\u0432\u0442\u0441\u043a\u0430 \u041a\u043e\u043c\u043e\u0440\u0430 \u043d\u0430 \u0420\u0435\u043f\u0443\u0431\u043b\u0438\u043a\u0430 \u0421\u0435\u0432\u0435\u0440\u043d\u0430 \u041c\u0430\u043a\u0435\u0434\u043e\u043d\u0438\u0458\u0430\",\"potentialAction\":[{\"@type\":\"SearchAction\",\"target\":{\"@type\":\"EntryPoint\",\"urlTemplate\":\"https:\\\/\\\/fk.mk\\\/sq\\\/?s={search_term_string}\"},\"query-input\":{\"@type\":\"PropertyValueSpecification\",\"valueRequired\":true,\"valueName\":\"search_term_string\"}}],\"inLanguage\":\"en-US\"}]}<\/script>\n<!-- \/ Yoast SEO plugin. -->","yoast_head_json":{"title":"ORGANET E OD\u00cbS - Od\u00ebn Farmaceutike t\u00eb Maqedonis\u00eb","description":"*\u041f\u0440\u0435\u0442\u0441\u0442\u0430\u0432\u043d\u0438\u0446\u0438\u0442\u0435 \u043d\u0430 \u0447\u043b\u0435\u043d\u0441\u0442\u0432\u043e\u0442\u043e \u0432\u043e \u043e\u0440\u0433\u0430\u043d\u0438\u0442\u0435 \u043d\u0430 \u041a\u043e\u043c\u043e\u0440\u0430\u0442\u0430 \u0440\u0430\u0431\u043e\u0442\u0430\u0442 \u0441\u043f\u043e\u0440\u0435\u0434 \u043d\u0430\u0441\u043e\u043a\u0438\u0442\u0435 \u043d\u0430 \u0447\u043b\u0435\u043d\u043e\u0432\u0438\u0442\u0435 \u0448\u0442\u043e \u0433\u0438 \u0438\u0437\u0431\u0440\u0430\u043b\u0435 \u0438 \u043f\u0440\u0435\u0434 \u043d\u0438\u0432 \u0441\u0435 \u043e\u0434\u0433\u043e\u0432\u043e\u0440\u043d\u0438 \u0437\u0430 \u0441\u0432\u043e\u0458\u0430\u0442\u0430 \u0440\u0430\u0431\u043e\u0442\u0430.","robots":{"index":"index","follow":"follow","max-snippet":"max-snippet:-1","max-image-preview":"max-image-preview:large","max-video-preview":"max-video-preview:-1"},"canonical":"https:\/\/fk.mk\/sq\/mbi-oden\/organet-e-odes\/","og_locale":"en_US","og_type":"article","og_title":"ORGANET E OD\u00cbS - Od\u00ebn Farmaceutike t\u00eb Maqedonis\u00eb","og_description":"*\u041f\u0440\u0435\u0442\u0441\u0442\u0430\u0432\u043d\u0438\u0446\u0438\u0442\u0435 \u043d\u0430 \u0447\u043b\u0435\u043d\u0441\u0442\u0432\u043e\u0442\u043e \u0432\u043e \u043e\u0440\u0433\u0430\u043d\u0438\u0442\u0435 \u043d\u0430 \u041a\u043e\u043c\u043e\u0440\u0430\u0442\u0430 \u0440\u0430\u0431\u043e\u0442\u0430\u0442 \u0441\u043f\u043e\u0440\u0435\u0434 \u043d\u0430\u0441\u043e\u043a\u0438\u0442\u0435 \u043d\u0430 \u0447\u043b\u0435\u043d\u043e\u0432\u0438\u0442\u0435 \u0448\u0442\u043e \u0433\u0438 \u0438\u0437\u0431\u0440\u0430\u043b\u0435 \u0438 \u043f\u0440\u0435\u0434 \u043d\u0438\u0432 \u0441\u0435 \u043e\u0434\u0433\u043e\u0432\u043e\u0440\u043d\u0438 \u0437\u0430 \u0441\u0432\u043e\u0458\u0430\u0442\u0430 \u0440\u0430\u0431\u043e\u0442\u0430.","og_url":"https:\/\/fk.mk\/sq\/mbi-oden\/organet-e-odes\/","og_site_name":"Od\u00ebn Farmaceutike t\u00eb Maqedonis\u00eb","twitter_card":"summary_large_image","twitter_misc":{"Est. reading time":"6 minutes"},"schema":{"@context":"https:\/\/schema.org","@graph":[{"@type":"WebPage","@id":"https:\/\/fk.mk\/sq\/mbi-oden\/organet-e-odes\/","url":"https:\/\/fk.mk\/sq\/mbi-oden\/organet-e-odes\/","name":"ORGANET E OD\u00cbS - Od\u00ebn Farmaceutike t\u00eb Maqedonis\u00eb","isPartOf":{"@id":"https:\/\/fk.mk\/sq\/#website"},"datePublished":"2016-04-19T10:58:13+00:00","description":"*\u041f\u0440\u0435\u0442\u0441\u0442\u0430\u0432\u043d\u0438\u0446\u0438\u0442\u0435 \u043d\u0430 \u0447\u043b\u0435\u043d\u0441\u0442\u0432\u043e\u0442\u043e \u0432\u043e \u043e\u0440\u0433\u0430\u043d\u0438\u0442\u0435 \u043d\u0430 \u041a\u043e\u043c\u043e\u0440\u0430\u0442\u0430 \u0440\u0430\u0431\u043e\u0442\u0430\u0442 \u0441\u043f\u043e\u0440\u0435\u0434 \u043d\u0430\u0441\u043e\u043a\u0438\u0442\u0435 \u043d\u0430 \u0447\u043b\u0435\u043d\u043e\u0432\u0438\u0442\u0435 \u0448\u0442\u043e \u0433\u0438 \u0438\u0437\u0431\u0440\u0430\u043b\u0435 \u0438 \u043f\u0440\u0435\u0434 \u043d\u0438\u0432 \u0441\u0435 \u043e\u0434\u0433\u043e\u0432\u043e\u0440\u043d\u0438 \u0437\u0430 \u0441\u0432\u043e\u0458\u0430\u0442\u0430 \u0440\u0430\u0431\u043e\u0442\u0430.","breadcrumb":{"@id":"https:\/\/fk.mk\/sq\/mbi-oden\/organet-e-odes\/#breadcrumb"},"inLanguage":"en-US","potentialAction":[{"@type":"ReadAction","target":["https:\/\/fk.mk\/sq\/mbi-oden\/organet-e-odes\/"]}]},{"@type":"BreadcrumbList","@id":"https:\/\/fk.mk\/sq\/mbi-oden\/organet-e-odes\/#breadcrumb","itemListElement":[{"@type":"ListItem","position":1,"name":"Home","item":"https:\/\/fk.mk\/sq\/"},{"@type":"ListItem","position":2,"name":"MBI OD\u00cbN","item":"https:\/\/fk.mk\/sq\/mbi-oden\/"},{"@type":"ListItem","position":3,"name":"ORGANET E OD\u00cbS"}]},{"@type":"WebSite","@id":"https:\/\/fk.mk\/sq\/#website","url":"https:\/\/fk.mk\/sq\/","name":"Od\u00ebn Farmaceutike t\u00eb Maqedonis\u00eb","description":"\u0424\u0430\u0440\u043c\u0430\u0446\u0435\u0432\u0442\u0441\u043a\u0430 \u041a\u043e\u043c\u043e\u0440\u0430 \u043d\u0430 \u0420\u0435\u043f\u0443\u0431\u043b\u0438\u043a\u0430 \u0421\u0435\u0432\u0435\u0440\u043d\u0430 \u041c\u0430\u043a\u0435\u0434\u043e\u043d\u0438\u0458\u0430","potentialAction":[{"@type":"SearchAction","target":{"@type":"EntryPoint","urlTemplate":"https:\/\/fk.mk\/sq\/?s={search_term_string}"},"query-input":{"@type":"PropertyValueSpecification","valueRequired":true,"valueName":"search_term_string"}}],"inLanguage":"en-US"}]}},"_links":{"self":[{"href":"https:\/\/fk.mk\/sq\/wp-json\/wp\/v2\/pages\/18474","targetHints":{"allow":["GET"]}}],"collection":[{"href":"https:\/\/fk.mk\/sq\/wp-json\/wp\/v2\/pages"}],"about":[{"href":"https:\/\/fk.mk\/sq\/wp-json\/wp\/v2\/types\/page"}],"author":[{"embeddable":true,"href":"https:\/\/fk.mk\/sq\/wp-json\/wp\/v2\/users\/1"}],"replies":[{"embeddable":true,"href":"https:\/\/fk.mk\/sq\/wp-json\/wp\/v2\/comments?post=18474"}],"version-history":[{"count":0,"href":"https:\/\/fk.mk\/sq\/wp-json\/wp\/v2\/pages\/18474\/revisions"}],"up":[{"embeddable":true,"href":"https:\/\/fk.mk\/sq\/wp-json\/wp\/v2\/pages\/18456"}],"wp:attachment":[{"href":"https:\/\/fk.mk\/sq\/wp-json\/wp\/v2\/media?parent=18474"}],"curies":[{"name":"wp","href":"https:\/\/api.w.org\/{rel}","templated":true}]}}