{"id":18472,"date":"2016-04-19T12:57:54","date_gmt":"2016-04-19T10:57:54","guid":{"rendered":"https:\/\/www.fk.mk\/mbi-oden-2\/organizimi-i-odes\/"},"modified":"2016-04-19T12:57:54","modified_gmt":"2016-04-19T10:57:54","slug":"organizimi-i-odes","status":"publish","type":"page","link":"https:\/\/fk.mk\/sq\/mbi-oden\/organizimi-i-odes\/","title":{"rendered":"ORGANIZIMI I OD\u00cbS"},"content":{"rendered":"<p>[vc_row][vc_column][vc_column_text css=&#8221;.vc_custom_1462794326269{padding-bottom: 10px !important;}&#8221;]<\/p>\n<p style=\"text-align: justify\">P\u00ebr t\u00eb mund\u00ebsuar pozicionin dhe rolin aktiv t\u00eb farmacist\u00ebve n\u00eb realizimin e veprimtaris\u00eb, q\u00ebllimeve dhe detyrave t\u00eb Od\u00ebs, an\u00ebtar\u00ebt e saj jan\u00eb t\u00eb organizuar n\u00eb parimin territorial &#8211; n\u00eb 8 nj\u00ebsi territoriale.<\/p>\n<p style=\"text-align: justify\">Farmacist\u00ebt me vendbanim ose vendq\u00ebndrim n\u00eb zon\u00ebn e nj\u00eb nj\u00ebsie territoriale p\u00ebrb\u00ebjn\u00eb an\u00ebtar\u00ebsin\u00eb e Od\u00ebs s\u00eb asaj nj\u00ebsie territoriale.<\/p>\n<p>[\/vc_column_text][\/vc_column][\/vc_row]<\/p>\n","protected":false},"excerpt":{"rendered":"<p>[vc_row][vc_column][vc_column_text css=&#8221;.vc_custom_1462794326269{padding-bottom: 10px !important;}&#8221;] P\u00ebr t\u00eb mund\u00ebsuar pozicionin dhe rolin aktiv t\u00eb farmacist\u00ebve n\u00eb realizimin e veprimtaris\u00eb, q\u00ebllimeve dhe detyrave t\u00eb Od\u00ebs, an\u00ebtar\u00ebt e saj jan\u00eb t\u00eb organizuar n\u00eb parimin territorial &#8211; n\u00eb 8 nj\u00ebsi territoriale. Farmacist\u00ebt me vendbanim ose vendq\u00ebndrim n\u00eb zon\u00ebn e nj\u00eb nj\u00ebsie territoriale p\u00ebrb\u00ebjn\u00eb an\u00ebtar\u00ebsin\u00eb e Od\u00ebs s\u00eb asaj nj\u00ebsie territoriale. [&hellip;]<\/p>\n","protected":false},"author":1,"featured_media":0,"parent":18456,"menu_order":3,"comment_status":"closed","ping_status":"closed","template":"","meta":{"jnews_page_loop":[],"jnews_single_page":[],"jnews_social_meta":[],"footnotes":""},"class_list":["post-18472","page","type-page","status-publish","hentry"],"yoast_head":"<!-- This site is optimized with the Yoast SEO plugin v27.4 - https:\/\/yoast.com\/product\/yoast-seo-wordpress\/ -->\n<title>ORGANIZIMI I OD\u00cbS - Od\u00ebn Farmaceutike t\u00eb Maqedonis\u00eb<\/title>\n<meta name=\"description\" content=\"P\u00ebr t\u00eb mund\u00ebsuar pozicionin dhe rolin aktiv t\u00eb farmacist\u00ebve n\u00eb realizimin e veprimtaris\u00eb, q\u00ebllimeve dhe detyrave t\u00eb Od\u00ebs, an\u00ebtar\u00ebt e saj jan\u00eb t\u00eb organizuar n\u00eb parimin territorial - n\u00eb 8 nj\u00ebsi territoriale.\" \/>\n<meta name=\"robots\" content=\"index, follow, max-snippet:-1, max-image-preview:large, max-video-preview:-1\" \/>\n<link rel=\"canonical\" href=\"https:\/\/fk.mk\/sq\/mbi-oden\/organizimi-i-odes\/\" \/>\n<meta property=\"og:locale\" content=\"en_US\" \/>\n<meta property=\"og:type\" content=\"article\" \/>\n<meta property=\"og:title\" content=\"ORGANIZIMI I OD\u00cbS - Od\u00ebn Farmaceutike t\u00eb Maqedonis\u00eb\" \/>\n<meta property=\"og:description\" content=\"P\u00ebr t\u00eb mund\u00ebsuar pozicionin dhe rolin aktiv t\u00eb farmacist\u00ebve n\u00eb realizimin e veprimtaris\u00eb, q\u00ebllimeve dhe detyrave t\u00eb Od\u00ebs, an\u00ebtar\u00ebt e saj jan\u00eb t\u00eb organizuar n\u00eb parimin territorial - n\u00eb 8 nj\u00ebsi territoriale.\" \/>\n<meta property=\"og:url\" content=\"https:\/\/fk.mk\/sq\/mbi-oden\/organizimi-i-odes\/\" \/>\n<meta property=\"og:site_name\" content=\"Od\u00ebn Farmaceutike t\u00eb Maqedonis\u00eb\" \/>\n<meta name=\"twitter:card\" content=\"summary_large_image\" \/>\n<script type=\"application\/ld+json\" class=\"yoast-schema-graph\">{\"@context\":\"https:\\\/\\\/schema.org\",\"@graph\":[{\"@type\":\"WebPage\",\"@id\":\"https:\\\/\\\/fk.mk\\\/sq\\\/mbi-oden\\\/organizimi-i-odes\\\/\",\"url\":\"https:\\\/\\\/fk.mk\\\/sq\\\/mbi-oden\\\/organizimi-i-odes\\\/\",\"name\":\"ORGANIZIMI I OD\u00cbS - Od\u00ebn Farmaceutike t\u00eb Maqedonis\u00eb\",\"isPartOf\":{\"@id\":\"https:\\\/\\\/fk.mk\\\/sq\\\/#website\"},\"datePublished\":\"2016-04-19T10:57:54+00:00\",\"description\":\"P\u00ebr t\u00eb mund\u00ebsuar pozicionin dhe rolin aktiv t\u00eb farmacist\u00ebve n\u00eb realizimin e veprimtaris\u00eb, q\u00ebllimeve dhe detyrave t\u00eb Od\u00ebs, an\u00ebtar\u00ebt e saj jan\u00eb t\u00eb organizuar n\u00eb parimin territorial - n\u00eb 8 nj\u00ebsi territoriale.\",\"breadcrumb\":{\"@id\":\"https:\\\/\\\/fk.mk\\\/sq\\\/mbi-oden\\\/organizimi-i-odes\\\/#breadcrumb\"},\"inLanguage\":\"en-US\",\"potentialAction\":[{\"@type\":\"ReadAction\",\"target\":[\"https:\\\/\\\/fk.mk\\\/sq\\\/mbi-oden\\\/organizimi-i-odes\\\/\"]}]},{\"@type\":\"BreadcrumbList\",\"@id\":\"https:\\\/\\\/fk.mk\\\/sq\\\/mbi-oden\\\/organizimi-i-odes\\\/#breadcrumb\",\"itemListElement\":[{\"@type\":\"ListItem\",\"position\":1,\"name\":\"Home\",\"item\":\"https:\\\/\\\/fk.mk\\\/sq\\\/\"},{\"@type\":\"ListItem\",\"position\":2,\"name\":\"MBI OD\u00cbN\",\"item\":\"https:\\\/\\\/fk.mk\\\/sq\\\/mbi-oden\\\/\"},{\"@type\":\"ListItem\",\"position\":3,\"name\":\"ORGANIZIMI I OD\u00cbS\"}]},{\"@type\":\"WebSite\",\"@id\":\"https:\\\/\\\/fk.mk\\\/sq\\\/#website\",\"url\":\"https:\\\/\\\/fk.mk\\\/sq\\\/\",\"name\":\"Od\u00ebn Farmaceutike t\u00eb Maqedonis\u00eb\",\"description\":\"\u0424\u0430\u0440\u043c\u0430\u0446\u0435\u0432\u0442\u0441\u043a\u0430 \u041a\u043e\u043c\u043e\u0440\u0430 \u043d\u0430 \u0420\u0435\u043f\u0443\u0431\u043b\u0438\u043a\u0430 \u0421\u0435\u0432\u0435\u0440\u043d\u0430 \u041c\u0430\u043a\u0435\u0434\u043e\u043d\u0438\u0458\u0430\",\"potentialAction\":[{\"@type\":\"SearchAction\",\"target\":{\"@type\":\"EntryPoint\",\"urlTemplate\":\"https:\\\/\\\/fk.mk\\\/sq\\\/?s={search_term_string}\"},\"query-input\":{\"@type\":\"PropertyValueSpecification\",\"valueRequired\":true,\"valueName\":\"search_term_string\"}}],\"inLanguage\":\"en-US\"}]}<\/script>\n<!-- \/ Yoast SEO plugin. -->","yoast_head_json":{"title":"ORGANIZIMI I OD\u00cbS - Od\u00ebn Farmaceutike t\u00eb Maqedonis\u00eb","description":"P\u00ebr t\u00eb mund\u00ebsuar pozicionin dhe rolin aktiv t\u00eb farmacist\u00ebve n\u00eb realizimin e veprimtaris\u00eb, q\u00ebllimeve dhe detyrave t\u00eb Od\u00ebs, an\u00ebtar\u00ebt e saj jan\u00eb t\u00eb organizuar n\u00eb parimin territorial - n\u00eb 8 nj\u00ebsi territoriale.","robots":{"index":"index","follow":"follow","max-snippet":"max-snippet:-1","max-image-preview":"max-image-preview:large","max-video-preview":"max-video-preview:-1"},"canonical":"https:\/\/fk.mk\/sq\/mbi-oden\/organizimi-i-odes\/","og_locale":"en_US","og_type":"article","og_title":"ORGANIZIMI I OD\u00cbS - Od\u00ebn Farmaceutike t\u00eb Maqedonis\u00eb","og_description":"P\u00ebr t\u00eb mund\u00ebsuar pozicionin dhe rolin aktiv t\u00eb farmacist\u00ebve n\u00eb realizimin e veprimtaris\u00eb, q\u00ebllimeve dhe detyrave t\u00eb Od\u00ebs, an\u00ebtar\u00ebt e saj jan\u00eb t\u00eb organizuar n\u00eb parimin territorial - n\u00eb 8 nj\u00ebsi territoriale.","og_url":"https:\/\/fk.mk\/sq\/mbi-oden\/organizimi-i-odes\/","og_site_name":"Od\u00ebn Farmaceutike t\u00eb Maqedonis\u00eb","twitter_card":"summary_large_image","schema":{"@context":"https:\/\/schema.org","@graph":[{"@type":"WebPage","@id":"https:\/\/fk.mk\/sq\/mbi-oden\/organizimi-i-odes\/","url":"https:\/\/fk.mk\/sq\/mbi-oden\/organizimi-i-odes\/","name":"ORGANIZIMI I OD\u00cbS - Od\u00ebn Farmaceutike t\u00eb Maqedonis\u00eb","isPartOf":{"@id":"https:\/\/fk.mk\/sq\/#website"},"datePublished":"2016-04-19T10:57:54+00:00","description":"P\u00ebr t\u00eb mund\u00ebsuar pozicionin dhe rolin aktiv t\u00eb farmacist\u00ebve n\u00eb realizimin e veprimtaris\u00eb, q\u00ebllimeve dhe detyrave t\u00eb Od\u00ebs, an\u00ebtar\u00ebt e saj jan\u00eb t\u00eb organizuar n\u00eb parimin territorial - n\u00eb 8 nj\u00ebsi territoriale.","breadcrumb":{"@id":"https:\/\/fk.mk\/sq\/mbi-oden\/organizimi-i-odes\/#breadcrumb"},"inLanguage":"en-US","potentialAction":[{"@type":"ReadAction","target":["https:\/\/fk.mk\/sq\/mbi-oden\/organizimi-i-odes\/"]}]},{"@type":"BreadcrumbList","@id":"https:\/\/fk.mk\/sq\/mbi-oden\/organizimi-i-odes\/#breadcrumb","itemListElement":[{"@type":"ListItem","position":1,"name":"Home","item":"https:\/\/fk.mk\/sq\/"},{"@type":"ListItem","position":2,"name":"MBI OD\u00cbN","item":"https:\/\/fk.mk\/sq\/mbi-oden\/"},{"@type":"ListItem","position":3,"name":"ORGANIZIMI I OD\u00cbS"}]},{"@type":"WebSite","@id":"https:\/\/fk.mk\/sq\/#website","url":"https:\/\/fk.mk\/sq\/","name":"Od\u00ebn Farmaceutike t\u00eb Maqedonis\u00eb","description":"\u0424\u0430\u0440\u043c\u0430\u0446\u0435\u0432\u0442\u0441\u043a\u0430 \u041a\u043e\u043c\u043e\u0440\u0430 \u043d\u0430 \u0420\u0435\u043f\u0443\u0431\u043b\u0438\u043a\u0430 \u0421\u0435\u0432\u0435\u0440\u043d\u0430 \u041c\u0430\u043a\u0435\u0434\u043e\u043d\u0438\u0458\u0430","potentialAction":[{"@type":"SearchAction","target":{"@type":"EntryPoint","urlTemplate":"https:\/\/fk.mk\/sq\/?s={search_term_string}"},"query-input":{"@type":"PropertyValueSpecification","valueRequired":true,"valueName":"search_term_string"}}],"inLanguage":"en-US"}]}},"_links":{"self":[{"href":"https:\/\/fk.mk\/sq\/wp-json\/wp\/v2\/pages\/18472","targetHints":{"allow":["GET"]}}],"collection":[{"href":"https:\/\/fk.mk\/sq\/wp-json\/wp\/v2\/pages"}],"about":[{"href":"https:\/\/fk.mk\/sq\/wp-json\/wp\/v2\/types\/page"}],"author":[{"embeddable":true,"href":"https:\/\/fk.mk\/sq\/wp-json\/wp\/v2\/users\/1"}],"replies":[{"embeddable":true,"href":"https:\/\/fk.mk\/sq\/wp-json\/wp\/v2\/comments?post=18472"}],"version-history":[{"count":0,"href":"https:\/\/fk.mk\/sq\/wp-json\/wp\/v2\/pages\/18472\/revisions"}],"up":[{"embeddable":true,"href":"https:\/\/fk.mk\/sq\/wp-json\/wp\/v2\/pages\/18456"}],"wp:attachment":[{"href":"https:\/\/fk.mk\/sq\/wp-json\/wp\/v2\/media?parent=18472"}],"curies":[{"name":"wp","href":"https:\/\/api.w.org\/{rel}","templated":true}]}}