{"id":18470,"date":"2016-04-19T12:57:41","date_gmt":"2016-04-19T10:57:41","guid":{"rendered":"https:\/\/www.fk.mk\/mbi-oden-2\/qellimet-dhe-detyrat-e-odes\/"},"modified":"2016-04-19T12:57:41","modified_gmt":"2016-04-19T10:57:41","slug":"qellimet-dhe-detyrat-e-odes","status":"publish","type":"page","link":"https:\/\/fk.mk\/sq\/mbi-oden\/qellimet-dhe-detyrat-e-odes\/","title":{"rendered":"Q\u00cbLLIMET DHE DETYRAT E OD\u00cbS"},"content":{"rendered":"<p>[vc_row][vc_column][vc_column_text css=&#8221;.vc_custom_1462794455568{padding-top: 0px !important;padding-bottom: 10px !important;padding-left: 0px !important;}&#8221;]<\/p>\n<p style=\"text-align: justify\">Q\u00ebllimet dhe detyrat e od\u00ebs jan\u00eb:<\/p>\n<ul>\n<li style=\"text-align: justify\">p\u00ebrfaq\u00ebsimi dhe mbrojtja e interesave t\u00eb an\u00ebtar\u00ebve t\u00eb saj;<\/li>\n<li style=\"text-align: justify\">pjes\u00ebmarrja e barabart\u00eb s\u00eb bashku me organet shtet\u00ebrore, universitetet dhe institucionet e tjera n\u00eb aktivitetet p\u00ebr t\u00eb siguruar pozicionin dhe rolin p\u00ebrkat\u00ebs t\u00eb farmacist\u00ebve n\u00eb shoq\u00ebri;<\/li>\n<li style=\"text-align: justify\">pjes\u00ebmarrja n\u00eb hartimin e ligjeve dhe rregullave t\u00eb tjera n\u00eb fush\u00ebn e sh\u00ebndet\u00ebsis\u00eb s\u00eb Republik\u00ebs s\u00eb Maqedonis\u00eb dhe n\u00eb p\u00ebrcaktimin e q\u00ebndrimeve profesionale p\u00ebr ushtrimin e veprimtaris\u00eb farmaceutike;<\/li>\n<li style=\"text-align: justify\">mbrojtja e interesave t\u00eb profesionit;<\/li>\n<li style=\"text-align: justify\">ndjekja e pun\u00ebs s\u00eb farmacist\u00ebve t\u00eb diplomuar n\u00eb aspekt t\u00eb respektimit t\u00eb parimeve t\u00eb etik\u00ebs farmaceutike, zbatimit t\u00eb standardeve dhe cil\u00ebsis\u00eb s\u00eb nevojshme n\u00eb pun\u00eb;<\/li>\n<li style=\"text-align: justify\">kujdesi p\u00ebr mbrojtjen e nderit dhe pavar\u00ebsis\u00eb s\u00eb profesionit farmaceutik;<\/li>\n<li style=\"text-align: justify\">nxitja e bashk\u00ebpunimit nd\u00ebrmjet an\u00ebtar\u00ebve t\u00eb saj dhe bashk\u00ebpunimi me personat e tjer\u00eb fizik\u00eb dhe juridik\u00eb vendas dhe t\u00eb huaj;<\/li>\n<li style=\"text-align: justify\">realizimi i aktiviteteve t\u00eb tjera n\u00eb pajtim me ligjet, me k\u00ebt\u00eb Statut dhe rregullat e tjera.<\/li>\n<\/ul>\n<p>[\/vc_column_text][\/vc_column][\/vc_row]<\/p>\n","protected":false},"excerpt":{"rendered":"<p>[vc_row][vc_column][vc_column_text css=&#8221;.vc_custom_1462794455568{padding-top: 0px !important;padding-bottom: 10px !important;padding-left: 0px !important;}&#8221;] Q\u00ebllimet dhe detyrat e od\u00ebs jan\u00eb: p\u00ebrfaq\u00ebsimi dhe mbrojtja e interesave t\u00eb an\u00ebtar\u00ebve t\u00eb saj; pjes\u00ebmarrja e barabart\u00eb s\u00eb bashku me organet shtet\u00ebrore, universitetet dhe institucionet e tjera n\u00eb aktivitetet p\u00ebr t\u00eb siguruar pozicionin dhe rolin p\u00ebrkat\u00ebs t\u00eb farmacist\u00ebve n\u00eb shoq\u00ebri; pjes\u00ebmarrja n\u00eb hartimin e ligjeve dhe [&hellip;]<\/p>\n","protected":false},"author":1,"featured_media":0,"parent":18456,"menu_order":2,"comment_status":"closed","ping_status":"closed","template":"","meta":{"jnews_page_loop":[],"jnews_single_page":[],"jnews_social_meta":[],"footnotes":""},"class_list":["post-18470","page","type-page","status-publish","hentry"],"yoast_head":"<!-- This site is optimized with the Yoast SEO plugin v27.4 - https:\/\/yoast.com\/product\/yoast-seo-wordpress\/ -->\n<title>Q\u00cbLLIMET DHE DETYRAT E OD\u00cbS - Od\u00ebn Farmaceutike t\u00eb Maqedonis\u00eb<\/title>\n<meta name=\"description\" content=\"*\u0426\u0435\u043b\u0438 \u0438 \u0437\u0430\u0434\u0430\u0447\u0438 \u043d\u0430 \u041a\u043e\u043c\u043e\u0440\u0430\u0442\u0430 \u0441\u0435 \u0437\u0430\u0441\u0442\u0430\u043f\u0443\u0432\u0430\u045a\u0435 \u0438 \u0437\u0430\u0448\u0442\u0438\u0442\u0443\u0432\u0430\u045a\u0435 \u043d\u0430 \u0438\u043d\u0442\u0435\u0440\u0435\u0441\u0438\u0442\u0435 \u043d\u0430 \u0441\u0432\u043e\u0438\u0442\u0435 \u0447\u043b\u0435\u043d\u043e\u0432\u0438, \u0440\u0430\u043c\u043d\u043e\u043f\u0440\u0430\u0432\u043d\u043e \u0443\u0447\u0435\u0441\u0442\u0432\u0443\u0432\u0430\u045a\u0435 \u0437\u0430\u0435\u0434\u043d\u043e \u0441\u043e \u0434\u0440\u0436\u0430\u0432\u043d\u0438\u0442\u0435 \u043e\u0440\u0433\u0430\u043d\u0438 \u0438 \u0441\u043b\u0438\u0447\u043d\u043e.\" \/>\n<meta name=\"robots\" content=\"index, follow, max-snippet:-1, max-image-preview:large, max-video-preview:-1\" \/>\n<link rel=\"canonical\" href=\"https:\/\/fk.mk\/sq\/mbi-oden\/qellimet-dhe-detyrat-e-odes\/\" \/>\n<meta property=\"og:locale\" content=\"en_US\" \/>\n<meta property=\"og:type\" content=\"article\" \/>\n<meta property=\"og:title\" content=\"Q\u00cbLLIMET DHE DETYRAT E OD\u00cbS - Od\u00ebn Farmaceutike t\u00eb Maqedonis\u00eb\" \/>\n<meta property=\"og:description\" content=\"*\u0426\u0435\u043b\u0438 \u0438 \u0437\u0430\u0434\u0430\u0447\u0438 \u043d\u0430 \u041a\u043e\u043c\u043e\u0440\u0430\u0442\u0430 \u0441\u0435 \u0437\u0430\u0441\u0442\u0430\u043f\u0443\u0432\u0430\u045a\u0435 \u0438 \u0437\u0430\u0448\u0442\u0438\u0442\u0443\u0432\u0430\u045a\u0435 \u043d\u0430 \u0438\u043d\u0442\u0435\u0440\u0435\u0441\u0438\u0442\u0435 \u043d\u0430 \u0441\u0432\u043e\u0438\u0442\u0435 \u0447\u043b\u0435\u043d\u043e\u0432\u0438, \u0440\u0430\u043c\u043d\u043e\u043f\u0440\u0430\u0432\u043d\u043e \u0443\u0447\u0435\u0441\u0442\u0432\u0443\u0432\u0430\u045a\u0435 \u0437\u0430\u0435\u0434\u043d\u043e \u0441\u043e \u0434\u0440\u0436\u0430\u0432\u043d\u0438\u0442\u0435 \u043e\u0440\u0433\u0430\u043d\u0438 \u0438 \u0441\u043b\u0438\u0447\u043d\u043e.\" \/>\n<meta property=\"og:url\" content=\"https:\/\/fk.mk\/sq\/mbi-oden\/qellimet-dhe-detyrat-e-odes\/\" \/>\n<meta property=\"og:site_name\" content=\"Od\u00ebn Farmaceutike t\u00eb Maqedonis\u00eb\" \/>\n<meta name=\"twitter:card\" content=\"summary_large_image\" \/>\n<meta name=\"twitter:label1\" content=\"Est. reading time\" \/>\n\t<meta name=\"twitter:data1\" content=\"1 minute\" \/>\n<script type=\"application\/ld+json\" class=\"yoast-schema-graph\">{\"@context\":\"https:\\\/\\\/schema.org\",\"@graph\":[{\"@type\":\"WebPage\",\"@id\":\"https:\\\/\\\/fk.mk\\\/sq\\\/mbi-oden\\\/qellimet-dhe-detyrat-e-odes\\\/\",\"url\":\"https:\\\/\\\/fk.mk\\\/sq\\\/mbi-oden\\\/qellimet-dhe-detyrat-e-odes\\\/\",\"name\":\"Q\u00cbLLIMET DHE DETYRAT E OD\u00cbS - Od\u00ebn Farmaceutike t\u00eb Maqedonis\u00eb\",\"isPartOf\":{\"@id\":\"https:\\\/\\\/fk.mk\\\/sq\\\/#website\"},\"datePublished\":\"2016-04-19T10:57:41+00:00\",\"description\":\"*\u0426\u0435\u043b\u0438 \u0438 \u0437\u0430\u0434\u0430\u0447\u0438 \u043d\u0430 \u041a\u043e\u043c\u043e\u0440\u0430\u0442\u0430 \u0441\u0435 \u0437\u0430\u0441\u0442\u0430\u043f\u0443\u0432\u0430\u045a\u0435 \u0438 \u0437\u0430\u0448\u0442\u0438\u0442\u0443\u0432\u0430\u045a\u0435 \u043d\u0430 \u0438\u043d\u0442\u0435\u0440\u0435\u0441\u0438\u0442\u0435 \u043d\u0430 \u0441\u0432\u043e\u0438\u0442\u0435 \u0447\u043b\u0435\u043d\u043e\u0432\u0438, \u0440\u0430\u043c\u043d\u043e\u043f\u0440\u0430\u0432\u043d\u043e \u0443\u0447\u0435\u0441\u0442\u0432\u0443\u0432\u0430\u045a\u0435 \u0437\u0430\u0435\u0434\u043d\u043e \u0441\u043e \u0434\u0440\u0436\u0430\u0432\u043d\u0438\u0442\u0435 \u043e\u0440\u0433\u0430\u043d\u0438 \u0438 \u0441\u043b\u0438\u0447\u043d\u043e.\",\"breadcrumb\":{\"@id\":\"https:\\\/\\\/fk.mk\\\/sq\\\/mbi-oden\\\/qellimet-dhe-detyrat-e-odes\\\/#breadcrumb\"},\"inLanguage\":\"en-US\",\"potentialAction\":[{\"@type\":\"ReadAction\",\"target\":[\"https:\\\/\\\/fk.mk\\\/sq\\\/mbi-oden\\\/qellimet-dhe-detyrat-e-odes\\\/\"]}]},{\"@type\":\"BreadcrumbList\",\"@id\":\"https:\\\/\\\/fk.mk\\\/sq\\\/mbi-oden\\\/qellimet-dhe-detyrat-e-odes\\\/#breadcrumb\",\"itemListElement\":[{\"@type\":\"ListItem\",\"position\":1,\"name\":\"Home\",\"item\":\"https:\\\/\\\/fk.mk\\\/sq\\\/\"},{\"@type\":\"ListItem\",\"position\":2,\"name\":\"MBI OD\u00cbN\",\"item\":\"https:\\\/\\\/fk.mk\\\/sq\\\/mbi-oden\\\/\"},{\"@type\":\"ListItem\",\"position\":3,\"name\":\"Q\u00cbLLIMET DHE DETYRAT E OD\u00cbS\"}]},{\"@type\":\"WebSite\",\"@id\":\"https:\\\/\\\/fk.mk\\\/sq\\\/#website\",\"url\":\"https:\\\/\\\/fk.mk\\\/sq\\\/\",\"name\":\"Od\u00ebn Farmaceutike t\u00eb Maqedonis\u00eb\",\"description\":\"\u0424\u0430\u0440\u043c\u0430\u0446\u0435\u0432\u0442\u0441\u043a\u0430 \u041a\u043e\u043c\u043e\u0440\u0430 \u043d\u0430 \u0420\u0435\u043f\u0443\u0431\u043b\u0438\u043a\u0430 \u0421\u0435\u0432\u0435\u0440\u043d\u0430 \u041c\u0430\u043a\u0435\u0434\u043e\u043d\u0438\u0458\u0430\",\"potentialAction\":[{\"@type\":\"SearchAction\",\"target\":{\"@type\":\"EntryPoint\",\"urlTemplate\":\"https:\\\/\\\/fk.mk\\\/sq\\\/?s={search_term_string}\"},\"query-input\":{\"@type\":\"PropertyValueSpecification\",\"valueRequired\":true,\"valueName\":\"search_term_string\"}}],\"inLanguage\":\"en-US\"}]}<\/script>\n<!-- \/ Yoast SEO plugin. -->","yoast_head_json":{"title":"Q\u00cbLLIMET DHE DETYRAT E OD\u00cbS - Od\u00ebn Farmaceutike t\u00eb Maqedonis\u00eb","description":"*\u0426\u0435\u043b\u0438 \u0438 \u0437\u0430\u0434\u0430\u0447\u0438 \u043d\u0430 \u041a\u043e\u043c\u043e\u0440\u0430\u0442\u0430 \u0441\u0435 \u0437\u0430\u0441\u0442\u0430\u043f\u0443\u0432\u0430\u045a\u0435 \u0438 \u0437\u0430\u0448\u0442\u0438\u0442\u0443\u0432\u0430\u045a\u0435 \u043d\u0430 \u0438\u043d\u0442\u0435\u0440\u0435\u0441\u0438\u0442\u0435 \u043d\u0430 \u0441\u0432\u043e\u0438\u0442\u0435 \u0447\u043b\u0435\u043d\u043e\u0432\u0438, \u0440\u0430\u043c\u043d\u043e\u043f\u0440\u0430\u0432\u043d\u043e \u0443\u0447\u0435\u0441\u0442\u0432\u0443\u0432\u0430\u045a\u0435 \u0437\u0430\u0435\u0434\u043d\u043e \u0441\u043e \u0434\u0440\u0436\u0430\u0432\u043d\u0438\u0442\u0435 \u043e\u0440\u0433\u0430\u043d\u0438 \u0438 \u0441\u043b\u0438\u0447\u043d\u043e.","robots":{"index":"index","follow":"follow","max-snippet":"max-snippet:-1","max-image-preview":"max-image-preview:large","max-video-preview":"max-video-preview:-1"},"canonical":"https:\/\/fk.mk\/sq\/mbi-oden\/qellimet-dhe-detyrat-e-odes\/","og_locale":"en_US","og_type":"article","og_title":"Q\u00cbLLIMET DHE DETYRAT E OD\u00cbS - Od\u00ebn Farmaceutike t\u00eb Maqedonis\u00eb","og_description":"*\u0426\u0435\u043b\u0438 \u0438 \u0437\u0430\u0434\u0430\u0447\u0438 \u043d\u0430 \u041a\u043e\u043c\u043e\u0440\u0430\u0442\u0430 \u0441\u0435 \u0437\u0430\u0441\u0442\u0430\u043f\u0443\u0432\u0430\u045a\u0435 \u0438 \u0437\u0430\u0448\u0442\u0438\u0442\u0443\u0432\u0430\u045a\u0435 \u043d\u0430 \u0438\u043d\u0442\u0435\u0440\u0435\u0441\u0438\u0442\u0435 \u043d\u0430 \u0441\u0432\u043e\u0438\u0442\u0435 \u0447\u043b\u0435\u043d\u043e\u0432\u0438, \u0440\u0430\u043c\u043d\u043e\u043f\u0440\u0430\u0432\u043d\u043e \u0443\u0447\u0435\u0441\u0442\u0432\u0443\u0432\u0430\u045a\u0435 \u0437\u0430\u0435\u0434\u043d\u043e \u0441\u043e \u0434\u0440\u0436\u0430\u0432\u043d\u0438\u0442\u0435 \u043e\u0440\u0433\u0430\u043d\u0438 \u0438 \u0441\u043b\u0438\u0447\u043d\u043e.","og_url":"https:\/\/fk.mk\/sq\/mbi-oden\/qellimet-dhe-detyrat-e-odes\/","og_site_name":"Od\u00ebn Farmaceutike t\u00eb Maqedonis\u00eb","twitter_card":"summary_large_image","twitter_misc":{"Est. reading time":"1 minute"},"schema":{"@context":"https:\/\/schema.org","@graph":[{"@type":"WebPage","@id":"https:\/\/fk.mk\/sq\/mbi-oden\/qellimet-dhe-detyrat-e-odes\/","url":"https:\/\/fk.mk\/sq\/mbi-oden\/qellimet-dhe-detyrat-e-odes\/","name":"Q\u00cbLLIMET DHE DETYRAT E OD\u00cbS - Od\u00ebn Farmaceutike t\u00eb Maqedonis\u00eb","isPartOf":{"@id":"https:\/\/fk.mk\/sq\/#website"},"datePublished":"2016-04-19T10:57:41+00:00","description":"*\u0426\u0435\u043b\u0438 \u0438 \u0437\u0430\u0434\u0430\u0447\u0438 \u043d\u0430 \u041a\u043e\u043c\u043e\u0440\u0430\u0442\u0430 \u0441\u0435 \u0437\u0430\u0441\u0442\u0430\u043f\u0443\u0432\u0430\u045a\u0435 \u0438 \u0437\u0430\u0448\u0442\u0438\u0442\u0443\u0432\u0430\u045a\u0435 \u043d\u0430 \u0438\u043d\u0442\u0435\u0440\u0435\u0441\u0438\u0442\u0435 \u043d\u0430 \u0441\u0432\u043e\u0438\u0442\u0435 \u0447\u043b\u0435\u043d\u043e\u0432\u0438, \u0440\u0430\u043c\u043d\u043e\u043f\u0440\u0430\u0432\u043d\u043e \u0443\u0447\u0435\u0441\u0442\u0432\u0443\u0432\u0430\u045a\u0435 \u0437\u0430\u0435\u0434\u043d\u043e \u0441\u043e \u0434\u0440\u0436\u0430\u0432\u043d\u0438\u0442\u0435 \u043e\u0440\u0433\u0430\u043d\u0438 \u0438 \u0441\u043b\u0438\u0447\u043d\u043e.","breadcrumb":{"@id":"https:\/\/fk.mk\/sq\/mbi-oden\/qellimet-dhe-detyrat-e-odes\/#breadcrumb"},"inLanguage":"en-US","potentialAction":[{"@type":"ReadAction","target":["https:\/\/fk.mk\/sq\/mbi-oden\/qellimet-dhe-detyrat-e-odes\/"]}]},{"@type":"BreadcrumbList","@id":"https:\/\/fk.mk\/sq\/mbi-oden\/qellimet-dhe-detyrat-e-odes\/#breadcrumb","itemListElement":[{"@type":"ListItem","position":1,"name":"Home","item":"https:\/\/fk.mk\/sq\/"},{"@type":"ListItem","position":2,"name":"MBI OD\u00cbN","item":"https:\/\/fk.mk\/sq\/mbi-oden\/"},{"@type":"ListItem","position":3,"name":"Q\u00cbLLIMET DHE DETYRAT E OD\u00cbS"}]},{"@type":"WebSite","@id":"https:\/\/fk.mk\/sq\/#website","url":"https:\/\/fk.mk\/sq\/","name":"Od\u00ebn Farmaceutike t\u00eb Maqedonis\u00eb","description":"\u0424\u0430\u0440\u043c\u0430\u0446\u0435\u0432\u0442\u0441\u043a\u0430 \u041a\u043e\u043c\u043e\u0440\u0430 \u043d\u0430 \u0420\u0435\u043f\u0443\u0431\u043b\u0438\u043a\u0430 \u0421\u0435\u0432\u0435\u0440\u043d\u0430 \u041c\u0430\u043a\u0435\u0434\u043e\u043d\u0438\u0458\u0430","potentialAction":[{"@type":"SearchAction","target":{"@type":"EntryPoint","urlTemplate":"https:\/\/fk.mk\/sq\/?s={search_term_string}"},"query-input":{"@type":"PropertyValueSpecification","valueRequired":true,"valueName":"search_term_string"}}],"inLanguage":"en-US"}]}},"_links":{"self":[{"href":"https:\/\/fk.mk\/sq\/wp-json\/wp\/v2\/pages\/18470","targetHints":{"allow":["GET"]}}],"collection":[{"href":"https:\/\/fk.mk\/sq\/wp-json\/wp\/v2\/pages"}],"about":[{"href":"https:\/\/fk.mk\/sq\/wp-json\/wp\/v2\/types\/page"}],"author":[{"embeddable":true,"href":"https:\/\/fk.mk\/sq\/wp-json\/wp\/v2\/users\/1"}],"replies":[{"embeddable":true,"href":"https:\/\/fk.mk\/sq\/wp-json\/wp\/v2\/comments?post=18470"}],"version-history":[{"count":0,"href":"https:\/\/fk.mk\/sq\/wp-json\/wp\/v2\/pages\/18470\/revisions"}],"up":[{"embeddable":true,"href":"https:\/\/fk.mk\/sq\/wp-json\/wp\/v2\/pages\/18456"}],"wp:attachment":[{"href":"https:\/\/fk.mk\/sq\/wp-json\/wp\/v2\/media?parent=18470"}],"curies":[{"name":"wp","href":"https:\/\/api.w.org\/{rel}","templated":true}]}}