{"id":18463,"date":"2016-05-06T16:07:06","date_gmt":"2016-05-06T14:07:06","guid":{"rendered":"https:\/\/www.fk.mk\/aplikacionet-dhe-kerkesat\/"},"modified":"2025-08-26T11:41:23","modified_gmt":"2025-08-26T09:41:23","slug":"aplikacionet-dhe-kerkesat","status":"publish","type":"page","link":"https:\/\/fk.mk\/sq\/per-anetaret\/aplikacionet-dhe-kerkesat\/","title":{"rendered":"APLIKACIONET DHE K\u00cbRKESAT"},"content":{"rendered":"\t\t<div data-elementor-type=\"wp-page\" data-elementor-id=\"18463\" class=\"elementor elementor-18463\">\n\t\t\t\t<div class=\"elementor-element elementor-element-1d1780ee e-flex e-con-boxed e-con e-parent\" data-id=\"1d1780ee\" data-element_type=\"container\" data-e-type=\"container\">\n\t\t\t\t\t<div class=\"e-con-inner\">\n\t\t\t\t<div class=\"elementor-element elementor-element-43443cb4 elementor-widget elementor-widget-text-editor\" data-id=\"43443cb4\" data-element_type=\"widget\" data-e-type=\"widget\" data-widget_type=\"text-editor.default\">\n\t\t\t\t\t\t\t\t\t<p>\u00a0<\/p><ul><li><a href=\"https:\/\/fk.mk\/sq\/wp-content\/uploads\/sites\/3\/2025\/08\/1.-KERKESE-PER-LESHIMIN-E-LICENCES-PER-PUNE-Per-farmacistet-me-arsim-te-perfunduar-ne-Republiken-e-Maqedonise-se-Veriut.pdf\" target=\"_blank\" rel=\"noopener\">K\u00cbRKES\u00cb P\u00cbR L\u00cbSHIMIN E LICENC\u00cbS P\u00cbR PUN\u00cb &#8211; P\u00ebr farmacist\u00ebt me arsim t\u00eb p\u00ebrfunduar n\u00eb Republik\u00ebn e Maqedonis\u00eb s\u00eb Veriut<\/a><\/li><li><a href=\"https:\/\/fk.mk\/sq\/wp-content\/uploads\/sites\/3\/2025\/08\/2.-KERKESE-PER-LESHIMIN-E-LICENCES-PER-PUNE-per-farmacistet-me-arsim-te-larte-te-perfunduar-jashte-vendit.pdf\" target=\"_blank\" rel=\"noopener\">K\u00cbRKES\u00cb P\u00cbR L\u00cbSHIMIN E LICENC\u00cbS P\u00cbR PUN\u00cb &#8211; p\u00ebr farmacist\u00ebt me arsim t\u00eb lart\u00eb t\u00eb p\u00ebrfunduar jasht\u00eb vendit<\/a><\/li><li><a href=\"https:\/\/fk.mk\/sq\/wp-content\/uploads\/sites\/3\/2025\/08\/3.-KERKESE-PER-LESHIMIN-E-LICENCES-PER-PUNE-per-farmacistet-qe-kane-marre-license-per-te-punuar-jashte-vendit.pdf\" target=\"_blank\" rel=\"noopener\">K\u00cbRKES\u00cb P\u00cbR L\u00cbSHIMIN E LICENC\u00cbS P\u00cbR PUN\u00cb &#8211; p\u00ebr farmacist\u00ebt q\u00eb kan\u00eb marr\u00eb li\u00e7ens\u00eb p\u00ebr t\u00eb punuar jasht\u00eb vendit<\/a><\/li><li><a href=\"\/wp-content\/uploads\/sites\/3\/2022\/11\/4.-K\u00cbRKES\u00cb-P\u00cbR-L\u00cbSHIMIN-E-LICENC\u00cbS-P\u00cbR-PUN\u00cb-p\u00ebr-farmacist\u00ebt-shtetas-t\u00eb-huaj.pdf\" target=\"_blank\" rel=\"noopener\">K\u00cbRKES\u00cb P\u00cbR L\u00cbSHIMIN E LICENC\u00cbS P\u00cbR PUN\u00cb &#8211; p\u00ebr farmacist\u00ebt &#8211; shtetas t\u00eb huaj <\/a><\/li><li><a href=\"https:\/\/fk.mk\/sq\/wp-content\/uploads\/sites\/3\/2025\/08\/5.-KERKESE-PER-RIPERTERITJE-TE-LICENCES-PER-PUNE-1.pdf\" target=\"_blank\" rel=\"noopener\">K\u00cbRKES\u00cb P\u00cbR RIP\u00cbRT\u00cbRITJE T\u00cb LICENC\u00cbS P\u00cbR PUN\u00cb<\/a><\/li><li><a href=\"https:\/\/fk.mk\/sq\/wp-content\/uploads\/sites\/3\/2025\/08\/6.-KERKESE-PER-VAZHDIMIN-E-LICENCES-PER-PUNE-1.pdf\" target=\"_blank\" rel=\"noopener\">K\u00cbRKES\u00cb P\u00cbR VAZHDIMIN E LICENC\u00cbS P\u00cbR PUN\u00cb<\/a><\/li><li><a href=\"https:\/\/fk.mk\/sq\/wp-content\/uploads\/sites\/3\/2025\/08\/7.-KERKESE-per-te-rifituar-licencen-per-pune.pdf\" target=\"_blank\" rel=\"noopener\">K\u00cbRKES\u00cb &#8211; p\u00ebr t\u00eb rifituar li\u00e7enc\u00ebn p\u00ebr pun\u00eb<\/a><\/li><li><a href=\"\/wp-content\/uploads\/sites\/3\/2022\/11\/8.-K\u00cbRKES\u00cb-p\u00ebr-pun\u00ebn-prov\u00eb.pdf\" target=\"_blank\" rel=\"noopener\">K\u00cbRKES\u00cb &#8211; p\u00ebr pun\u00ebn prov\u00eb<\/a><\/li><li><a href=\"https:\/\/fk.mk\/sq\/wp-content\/uploads\/sites\/3\/2025\/08\/9.-KERKESE-per-trajnime-plotesuese-dhe-verifikim-te-njohurive-profesionale.pdf\" target=\"_blank\" rel=\"noopener\">K\u00cbRKES\u00cb &#8211; p\u00ebr trajnime plot\u00ebsuese dhe verifikim t\u00eb njohurive profesionale<\/a><\/li><li><a href=\"https:\/\/fk.mk\/sq\/wp-content\/uploads\/sites\/3\/2025\/08\/10.-KERKESE-per-njohjen-e-punes-prove-dhe-provimeve-profesionale-te-kryera-dhe-te-dhena-jashte-vendit.pdf\" target=\"_blank\" rel=\"noopener\">K\u00cbRKES\u00cb &#8211; p\u00ebr njohjen e pun\u00ebs prov\u00eb dhe provimeve profesionale t\u00eb kryera dhe t\u00eb dh\u00ebna jasht\u00eb vendit<\/a><\/li><li><a href=\"https:\/\/fk.mk\/sq\/wp-content\/uploads\/sites\/3\/2025\/08\/12.-KERKESE-PER-VLERESIMIN-E-AFTESIMIT-PROFESIONAL.pdf\" target=\"_blank\" rel=\"noopener\">K\u00cbRKES\u00cb P\u00cbR VLER\u00cbSIMIN E AFT\u00cbSIMIT PROFESIONAL<\/a><\/li><li><a href=\"https:\/\/fk.mk\/sq\/wp-content\/uploads\/sites\/3\/2025\/08\/13.-KERKESE-per-leshimin-e-vertetimit.pdf\" target=\"_blank\" rel=\"noopener\">K\u00cbRKES\u00cb &#8211; p\u00ebr l\u00ebshimin e v\u00ebrtetimit<\/a><\/li><li><a href=\"https:\/\/fk.mk\/sq\/wp-content\/uploads\/sites\/3\/2025\/08\/1.APLIKIMI-per-marrjen-e-provimit-profesional.pdf\" target=\"_blank\" rel=\"noopener\">APLIKIMI &#8211; p\u00ebr marrjen e provimit profesional<\/a><\/li><li><a href=\"https:\/\/fk.mk\/sq\/wp-content\/uploads\/sites\/3\/2025\/08\/2.APLIKIMI-per-regjistrim-ne-Regjistrin-e-Farmacisteve.pdf\" target=\"_blank\" rel=\"noopener\">APLIKIMI &#8211; p\u00ebr regjistrim n\u00eb Regjistrin e Farmacist\u00ebve<\/a><\/li><li><a href=\"https:\/\/fk.mk\/sq\/wp-content\/uploads\/sites\/3\/2025\/08\/3.APLIKIMI-per-perditesimin-e-te-dhenave-ne-Regjistrin-e-Farmacisteve.pdf\" target=\"_blank\" rel=\"noopener\">APLIKIMI &#8211; p\u00ebr p\u00ebrdit\u00ebsimin e t\u00eb dh\u00ebnave n\u00eb Regjistrin e Farmacist\u00ebve<\/a><\/li><\/ul>\t\t\t\t\t\t\t\t<\/div>\n\t\t\t\t\t<\/div>\n\t\t\t\t<\/div>\n\t\t<div class=\"elementor-element elementor-element-6a1936d e-flex e-con-boxed e-con e-parent\" data-id=\"6a1936d\" data-element_type=\"container\" data-e-type=\"container\">\n\t\t\t\t\t<div class=\"e-con-inner\">\n\t\t<div class=\"elementor-element elementor-element-f726e74 e-con-full e-flex e-con e-child\" data-id=\"f726e74\" data-element_type=\"container\" data-e-type=\"container\">\n\t\t\t\t<\/div>\n\t\t<div class=\"elementor-element elementor-element-4be6c1a e-con-full e-flex e-con e-child\" data-id=\"4be6c1a\" data-element_type=\"container\" data-e-type=\"container\">\n\t\t\t\t<div class=\"elementor-element elementor-element-c9cf8ae elementor-widget elementor-widget-eael-adv-tabs\" data-id=\"c9cf8ae\" data-element_type=\"widget\" data-e-type=\"widget\" data-widget_type=\"eael-adv-tabs.default\">\n\t\t\t\t\t        <div data-scroll-on-click=\"no\" data-scroll-speed=\"300\" id=\"eael-advance-tabs-c9cf8ae\" class=\"eael-advance-tabs eael-tabs-horizontal  \" data-tabid=\"c9cf8ae\">\n            <div class=\"eael-tabs-nav \">\n                <ul class=\"eael-tab-inline-icon\" role=\"tablist\">\n                                            <li id=\"si-t-drgoni-nj-aplikim-ose-krkes-online\" class=\"inactive eael-tab-item-trigger eael-tab-nav-item\" aria-selected=\"true\" data-tab=\"1\" role=\"tab\" tabindex=\"0\" aria-controls=\"si-t-drgoni-nj-aplikim-ose-krkes-online-tab\" aria-expanded=\"false\">\n                            \n                                                                <svg class=\"e-font-icon-svg e-fas-info\" viewBox=\"0 0 192 512\" xmlns=\"http:\/\/www.w3.org\/2000\/svg\"><path d=\"M20 424.229h20V279.771H20c-11.046 0-20-8.954-20-20V212c0-11.046 8.954-20 20-20h112c11.046 0 20 8.954 20 20v212.229h20c11.046 0 20 8.954 20 20V492c0 11.046-8.954 20-20 20H20c-11.046 0-20-8.954-20-20v-47.771c0-11.046 8.954-20 20-20zM96 0C56.235 0 24 32.235 24 72s32.235 72 72 72 72-32.235 72-72S135.764 0 96 0z\"><\/path><\/svg>                                                            \n                                                            <span class=\"eael-tab-title title-after-icon\" >Si t\u00eb d\u00ebrgoni nj\u00eb aplikim ose k\u00ebrkes\u00eb online?<\/span>                            \n                                                    <\/li>\n                    \n                                  <\/ul>\n            <\/div>\n            \n            <div class=\"eael-tabs-content\">\n\t\t        \n                    <div id=\"si-t-drgoni-nj-aplikim-ose-krkes-online-tab\" class=\"clearfix eael-tab-content-item inactive\" data-title-link=\"si-t-drgoni-nj-aplikim-ose-krkes-online-tab\">\n\t\t\t\t        <p>1. Klikoni n\u00eb emrin e aplikacionit ose k\u00ebrkes\u00ebs q\u00eb d\u00ebshironi t\u00eb d\u00ebrgoni dhe ruani dokumentin n\u00eb kompjuterin tuaj.<\/p><p>2. Hapni dokumentin n\u00eb kompjuterin tuaj, plot\u00ebsoni dokumentin dhe Save As, duke e em\u00ebrtuar dokumentin me emrin dhe mbiemrin tuaj.<\/p><p>3. Plot\u00ebsoni formularin ton\u00eb p\u00ebr d\u00ebrgimin e nj\u00eb aplikacioni ose k\u00ebrkese, i cili ndodhet n\u00ebn seksionin me aplikacione dhe k\u00ebrkesa.<\/p><p>4. Shtoni dokumentin e kompletuar me butonin Choose File dhe klikoni Send.<\/p>                    <\/div>\n\t\t                    <\/div>\n        <\/div>\n\t\t\t\t<\/div>\n\t\t\t\t<\/div>\n\t\t<div class=\"elementor-element elementor-element-678211b e-con-full e-flex e-con e-child\" data-id=\"678211b\" data-element_type=\"container\" data-e-type=\"container\">\n\t\t\t\t<\/div>\n\t\t\t\t\t<\/div>\n\t\t\t\t<\/div>\n\t\t<div class=\"elementor-element elementor-element-61bbfba e-flex e-con-boxed e-con e-parent\" data-id=\"61bbfba\" data-element_type=\"container\" data-e-type=\"container\" data-settings=\"{&quot;background_background&quot;:&quot;classic&quot;}\">\n\t\t\t\t\t<div class=\"e-con-inner\">\n\t\t<div class=\"elementor-element elementor-element-47b0fd6 e-con-full e-flex e-con e-child\" data-id=\"47b0fd6\" data-element_type=\"container\" data-e-type=\"container\" data-settings=\"{&quot;background_background&quot;:&quot;classic&quot;}\">\n\t\t\t\t<div class=\"elementor-element elementor-element-b9a8adb elementor-widget elementor-widget-shortcode\" data-id=\"b9a8adb\" data-element_type=\"widget\" data-e-type=\"widget\" data-widget_type=\"shortcode.default\">\n\t\t\t\t\t\t\t<div class=\"elementor-shortcode\"><div class=\"forminator-ui forminator-custom-form forminator-custom-form-24511 forminator-design--default  forminator_ajax\" data-forminator-render=\"0\" data-form=\"forminator-module-24511\" data-uid=\"69e695a3cfdae\"><br\/><\/div><form\n\t\t\t\tid=\"forminator-module-24511\"\n\t\t\t\tclass=\"forminator-ui forminator-custom-form forminator-custom-form-24511 forminator-design--default  forminator_ajax\"\n\t\t\t\tmethod=\"post\"\n\t\t\t\tdata-forminator-render=\"0\"\n\t\t\t\tdata-form-id=\"24511\"\n\t\t\t\tenctype=\"multipart\/form-data\" data-color-option=\"theme\" data-design=\"default\" data-grid=\"open\" style=\"display: none;\"\n\t\t\t\tdata-uid=\"69e695a3cfdae\"\n\t\t\t><div role=\"alert\" aria-live=\"polite\" class=\"forminator-response-message forminator-error\" aria-hidden=\"true\"><\/div><div class=\"forminator-row\"><div id=\"name-1\" class=\"forminator-field-name forminator-col forminator-col-12 \"><div class=\"forminator-row forminator-no-margin\" data-multiple=\"true\"><div class=\"forminator-col forminator-col-md-6\"><div class=\"forminator-field\"><label for=\"forminator-field-first-name-1_69e695a3cfdae\" id=\"forminator-field-first-name-1_69e695a3cfdae-label\" class=\"forminator-label\">Emri <span class=\"forminator-required\">*<\/span><\/label><input type=\"text\" name=\"name-1-first-name\" placeholder=\"\" id=\"forminator-field-first-name-1_69e695a3cfdae\" class=\"forminator-input\" aria-required=\"true\" data-multi=\"1\" autocomplete=\"given-name\" value=\"\" \/><\/div><\/div><div class=\"forminator-col forminator-col-md-6\"><div class=\"forminator-field\"><label for=\"forminator-field-last-name-1_69e695a3cfdae\" id=\"forminator-field-last-name-1_69e695a3cfdae-label\" class=\"forminator-label\">Mbiemri <span class=\"forminator-required\">*<\/span><\/label><input type=\"text\" name=\"name-1-last-name\" placeholder=\"\" id=\"forminator-field-last-name-1_69e695a3cfdae\" class=\"forminator-input\" aria-required=\"true\" data-multi=\"1\" autocomplete=\"family-name\" value=\"\" \/><\/div><\/div><\/div><\/div><\/div><div class=\"forminator-row\"><div id=\"email-1\" class=\"forminator-field-email forminator-col forminator-col-12 \"><div class=\"forminator-field\"><label for=\"forminator-field-email-1_69e695a3cfdae\" id=\"forminator-field-email-1_69e695a3cfdae-label\" class=\"forminator-label\">Email Address <span class=\"forminator-required\">*<\/span><\/label><input type=\"email\" name=\"email-1\" value=\"\" placeholder=\"\" id=\"forminator-field-email-1_69e695a3cfdae\" class=\"forminator-input forminator-email--field\" data-required=\"1\" aria-required=\"true\" autocomplete=\"email\" \/><\/div><\/div><\/div><div class=\"forminator-row\"><div id=\"radio-1\" class=\"forminator-field-radio forminator-col forminator-col-12 \"><div role=\"radiogroup\" class=\"forminator-field\" aria-labelledby=\"forminator-radiogroup-radio-1-69e695a3cfdae-label\"><span id=\"forminator-radiogroup-radio-1-69e695a3cfdae-label\" class=\"forminator-label\">Radio <span class=\"forminator-required\">*<\/span><\/span><label id=\"forminator-field-radio-1-label-1\" for=\"forminator-field-radio-1-1-69e695a3cfdae\" class=\"forminator-radio\" title=\"Aplikim\"><input type=\"radio\" name=\"radio-1\" value=\"one\" id=\"forminator-field-radio-1-1-69e695a3cfdae\" aria-labelledby=\"forminator-field-radio-1-label-1\" data-calculation=\"0\"   data-hidden-behavior=\"zero\"\/><span class=\"forminator-radio-bullet\" aria-hidden=\"true\"><\/span><span class=\"forminator-radio-label\">Aplikim<\/span><\/label><label id=\"forminator-field-radio-1-label-2\" for=\"forminator-field-radio-1-2-69e695a3cfdae\" class=\"forminator-radio\" title=\"K\u00ebrkes\u00eb\"><input type=\"radio\" name=\"radio-1\" value=\"two\" id=\"forminator-field-radio-1-2-69e695a3cfdae\" aria-labelledby=\"forminator-field-radio-1-label-2\" data-calculation=\"0\"   data-hidden-behavior=\"zero\"\/><span class=\"forminator-radio-bullet\" aria-hidden=\"true\"><\/span><span class=\"forminator-radio-label\">K\u00ebrkes\u00eb<\/span><\/label><\/div><\/div><\/div><div class=\"forminator-row\"><div id=\"upload-1\" class=\"forminator-field-upload forminator-col forminator-col-12 \"><div class=\"forminator-field\"><label for=\"forminator-field-upload-1_69e695a3cfdae\" id=\"forminator-field-upload-1_69e695a3cfdae-label\" class=\"forminator-label\">Upload file <span class=\"forminator-required\">*<\/span><\/label><div class=\"forminator-file-upload \" data-element=\"upload-1_69e695a3cfdae\"><input type=\"file\" name=\"upload-1\" id=\"forminator-field-upload-1_69e695a3cfdae\" class=\"forminator-input-file-required do-validate\" accept=\".jpg,.jpeg,.jpe,.gif,.png,.bmp,.tiff,.tif,.webp,.avif,.ico,.heic,.heics,.heif,.heifs,.asf,.asx,.wmv,.wmx,.wm,.wma,.avi,.divx,.flv,.mov,.qt,.mpeg,.mpg,.mpe,.mp4,.m4v,.ogv,.webm,.mkv,.3gp,.3gpp,.3g2,.3gp2,.txt,.asc,.c,.cc,.h,.srt,.csv,.ics,.aac,.flac,.class,.xcf,.doc,.docx,.docm,.onetoc,.onetoc2,.onetmp,.onepkg,.odc,.tsv,.rtx,.vtt,.mp3,.m4a,.m4b,.ra,.ram,.wav,.x-wav,.ogg,.oga,.mid,.midi,.wax,.mka,.rtf,.pdf,.tar,.zip,.gz,.gzip,.7z,.psd,.pot,.pps,.ppt,.potx,.potm,.ppsx,.ppsm,.pptx,.pptm,.wri,.xla,.xls,.xlt,.xlw,.xlam,.xlsx,.xlsm,.xlsb,.xltx,.xltm,.mdb,.mpp,.dotx,.dotm,.ppam,.sldx,.sldm,.oxps,.xps,.odt,.odp,.ods,.odg,.odb,.odf,.wp,.wpd,.key,.numbers,.pages,.ttf,.otf,.woff,.eot,.ogg\" tabindex=\"-1\"><button id=\"forminator-field-upload-1_69e695a3cfdae_button\" class=\"forminator-button forminator-button-upload\" data-id=\"forminator-field-upload-1_69e695a3cfdae\">Choose File<\/button><span data-empty-text=\"No file chosen\">No file chosen<\/span><button class=\"forminator-button-delete\" style=\"display: none;\"><i class=\"forminator-icon-close\" aria-hidden=\"true\"><\/i><span class=\"forminator-screen-reader-only\">Delete uploaded file<\/span><\/button><\/div><\/div><\/div><\/div><input type=\"hidden\" name=\"referer_url\" value=\"\" \/><div class=\"forminator-row forminator-row-last\"><div class=\"forminator-col\"><div class=\"forminator-field\"><button class=\"forminator-button forminator-button-submit\">Submit<\/button><\/div><\/div><\/div><input type=\"hidden\" id=\"forminator_nonce\" name=\"forminator_nonce\" value=\"a3aa876db3\" \/><input type=\"hidden\" name=\"_wp_http_referer\" value=\"\/sq\/wp-json\/wp\/v2\/pages\/18463\" \/><input type=\"hidden\" name=\"form_id\" value=\"24511\"><input type=\"hidden\" name=\"page_id\" value=\"18463\"><input type=\"hidden\" name=\"form_type\" value=\"default\"><input type=\"hidden\" name=\"current_url\" value=\"https:\/\/fk.mk\/sq\/per-anetaret\/aplikacionet-dhe-kerkesat\/\"><input type=\"hidden\" name=\"render_id\" value=\"0\"><input type=\"hidden\" name=\"action\" value=\"forminator_submit_form_custom-forms\"><\/form><\/div>\n\t\t\t\t\t\t<\/div>\n\t\t\t\t<\/div>\n\t\t<div class=\"elementor-element elementor-element-0702384 e-con-full e-flex e-con e-child\" data-id=\"0702384\" data-element_type=\"container\" data-e-type=\"container\">\n\t\t\t\t<\/div>\n\t\t\t\t\t<\/div>\n\t\t\t\t<\/div>\n\t\t\t\t<\/div>\n\t\t","protected":false},"excerpt":{"rendered":"<p>\u00a0 K\u00cbRKES\u00cb P\u00cbR L\u00cbSHIMIN E LICENC\u00cbS P\u00cbR PUN\u00cb &#8211; P\u00ebr farmacist\u00ebt me arsim t\u00eb p\u00ebrfunduar n\u00eb Republik\u00ebn e Maqedonis\u00eb s\u00eb Veriut K\u00cbRKES\u00cb P\u00cbR L\u00cbSHIMIN E LICENC\u00cbS P\u00cbR PUN\u00cb &#8211; p\u00ebr farmacist\u00ebt me arsim t\u00eb lart\u00eb t\u00eb p\u00ebrfunduar jasht\u00eb vendit K\u00cbRKES\u00cb P\u00cbR L\u00cbSHIMIN E LICENC\u00cbS P\u00cbR PUN\u00cb &#8211; p\u00ebr farmacist\u00ebt q\u00eb kan\u00eb marr\u00eb li\u00e7ens\u00eb p\u00ebr t\u00eb [&hellip;]<\/p>\n","protected":false},"author":1,"featured_media":0,"parent":18490,"menu_order":2,"comment_status":"closed","ping_status":"closed","template":"","meta":{"jnews_page_loop":{"first_title":"Latest Post","header_type":"heading_6","layout":"right-sidebar","sidebar":"default-sidebar","second_sidebar":"default-sidebar","sticky_sidebar":"1","module":"3","main_custom_image_size":"default","second_custom_image_size":"default","excerpt_length":"20","content_date":"default","date_custom":"Y\/m\/d","content_pagination":"nav_1","pagination_align":"center","post_sticky":"0","post_offset":"0","posts_per_page":"5","sort_by":"latest"},"jnews_single_page":{"layout":"no-sidebar","sidebar":"default-sidebar","second_sidebar":"default-sidebar","sticky_sidebar":"1","show_post_title":"1","show_post_breadcrumbs":"1","show_post_featured":"1","share_position":"top","share_color":"share-monocrhome"},"jnews_social_meta":[],"footnotes":""},"class_list":["post-18463","page","type-page","status-publish","hentry"],"yoast_head":"<!-- This site is optimized with the Yoast SEO plugin v27.4 - https:\/\/yoast.com\/product\/yoast-seo-wordpress\/ -->\n<title>APLIKACIONET DHE K\u00cbRKESAT - Od\u00ebn Farmaceutike t\u00eb Maqedonis\u00eb<\/title>\n<meta name=\"description\" content=\"APLIKACIONET DHE K\u00cbRKESAT\" \/>\n<meta name=\"robots\" content=\"index, follow, max-snippet:-1, max-image-preview:large, max-video-preview:-1\" \/>\n<link rel=\"canonical\" href=\"https:\/\/fk.mk\/sq\/per-anetaret\/aplikacionet-dhe-kerkesat\/\" \/>\n<meta property=\"og:locale\" content=\"en_US\" \/>\n<meta property=\"og:type\" content=\"article\" \/>\n<meta property=\"og:title\" content=\"APLIKACIONET DHE K\u00cbRKESAT - Od\u00ebn Farmaceutike t\u00eb Maqedonis\u00eb\" \/>\n<meta property=\"og:description\" content=\"APLIKACIONET DHE K\u00cbRKESAT\" \/>\n<meta property=\"og:url\" content=\"https:\/\/fk.mk\/sq\/per-anetaret\/aplikacionet-dhe-kerkesat\/\" \/>\n<meta property=\"og:site_name\" content=\"Od\u00ebn Farmaceutike t\u00eb Maqedonis\u00eb\" \/>\n<meta property=\"article:modified_time\" content=\"2025-08-26T09:41:23+00:00\" \/>\n<meta name=\"twitter:card\" content=\"summary_large_image\" \/>\n<meta name=\"twitter:label1\" content=\"Est. reading time\" \/>\n\t<meta name=\"twitter:data1\" content=\"2 minutes\" \/>\n<script type=\"application\/ld+json\" class=\"yoast-schema-graph\">{\"@context\":\"https:\\\/\\\/schema.org\",\"@graph\":[{\"@type\":\"WebPage\",\"@id\":\"https:\\\/\\\/fk.mk\\\/sq\\\/per-anetaret\\\/aplikacionet-dhe-kerkesat\\\/\",\"url\":\"https:\\\/\\\/fk.mk\\\/sq\\\/per-anetaret\\\/aplikacionet-dhe-kerkesat\\\/\",\"name\":\"APLIKACIONET DHE K\u00cbRKESAT - Od\u00ebn Farmaceutike t\u00eb Maqedonis\u00eb\",\"isPartOf\":{\"@id\":\"https:\\\/\\\/fk.mk\\\/sq\\\/#website\"},\"datePublished\":\"2016-05-06T14:07:06+00:00\",\"dateModified\":\"2025-08-26T09:41:23+00:00\",\"description\":\"APLIKACIONET DHE K\u00cbRKESAT\",\"breadcrumb\":{\"@id\":\"https:\\\/\\\/fk.mk\\\/sq\\\/per-anetaret\\\/aplikacionet-dhe-kerkesat\\\/#breadcrumb\"},\"inLanguage\":\"en-US\",\"potentialAction\":[{\"@type\":\"ReadAction\",\"target\":[\"https:\\\/\\\/fk.mk\\\/sq\\\/per-anetaret\\\/aplikacionet-dhe-kerkesat\\\/\"]}]},{\"@type\":\"BreadcrumbList\",\"@id\":\"https:\\\/\\\/fk.mk\\\/sq\\\/per-anetaret\\\/aplikacionet-dhe-kerkesat\\\/#breadcrumb\",\"itemListElement\":[{\"@type\":\"ListItem\",\"position\":1,\"name\":\"Home\",\"item\":\"https:\\\/\\\/fk.mk\\\/sq\\\/\"},{\"@type\":\"ListItem\",\"position\":2,\"name\":\"P\u00cbR AN\u00cbTAR\u00cbT\",\"item\":\"https:\\\/\\\/fk.mk\\\/sq\\\/per-anetaret\\\/\"},{\"@type\":\"ListItem\",\"position\":3,\"name\":\"APLIKACIONET DHE K\u00cbRKESAT\"}]},{\"@type\":\"WebSite\",\"@id\":\"https:\\\/\\\/fk.mk\\\/sq\\\/#website\",\"url\":\"https:\\\/\\\/fk.mk\\\/sq\\\/\",\"name\":\"Od\u00ebn Farmaceutike t\u00eb Maqedonis\u00eb\",\"description\":\"\u0424\u0430\u0440\u043c\u0430\u0446\u0435\u0432\u0442\u0441\u043a\u0430 \u041a\u043e\u043c\u043e\u0440\u0430 \u043d\u0430 \u0420\u0435\u043f\u0443\u0431\u043b\u0438\u043a\u0430 \u0421\u0435\u0432\u0435\u0440\u043d\u0430 \u041c\u0430\u043a\u0435\u0434\u043e\u043d\u0438\u0458\u0430\",\"potentialAction\":[{\"@type\":\"SearchAction\",\"target\":{\"@type\":\"EntryPoint\",\"urlTemplate\":\"https:\\\/\\\/fk.mk\\\/sq\\\/?s={search_term_string}\"},\"query-input\":{\"@type\":\"PropertyValueSpecification\",\"valueRequired\":true,\"valueName\":\"search_term_string\"}}],\"inLanguage\":\"en-US\"}]}<\/script>\n<!-- \/ Yoast SEO plugin. -->","yoast_head_json":{"title":"APLIKACIONET DHE K\u00cbRKESAT - Od\u00ebn Farmaceutike t\u00eb Maqedonis\u00eb","description":"APLIKACIONET DHE K\u00cbRKESAT","robots":{"index":"index","follow":"follow","max-snippet":"max-snippet:-1","max-image-preview":"max-image-preview:large","max-video-preview":"max-video-preview:-1"},"canonical":"https:\/\/fk.mk\/sq\/per-anetaret\/aplikacionet-dhe-kerkesat\/","og_locale":"en_US","og_type":"article","og_title":"APLIKACIONET DHE K\u00cbRKESAT - Od\u00ebn Farmaceutike t\u00eb Maqedonis\u00eb","og_description":"APLIKACIONET DHE K\u00cbRKESAT","og_url":"https:\/\/fk.mk\/sq\/per-anetaret\/aplikacionet-dhe-kerkesat\/","og_site_name":"Od\u00ebn Farmaceutike t\u00eb Maqedonis\u00eb","article_modified_time":"2025-08-26T09:41:23+00:00","twitter_card":"summary_large_image","twitter_misc":{"Est. reading time":"2 minutes"},"schema":{"@context":"https:\/\/schema.org","@graph":[{"@type":"WebPage","@id":"https:\/\/fk.mk\/sq\/per-anetaret\/aplikacionet-dhe-kerkesat\/","url":"https:\/\/fk.mk\/sq\/per-anetaret\/aplikacionet-dhe-kerkesat\/","name":"APLIKACIONET DHE K\u00cbRKESAT - Od\u00ebn Farmaceutike t\u00eb Maqedonis\u00eb","isPartOf":{"@id":"https:\/\/fk.mk\/sq\/#website"},"datePublished":"2016-05-06T14:07:06+00:00","dateModified":"2025-08-26T09:41:23+00:00","description":"APLIKACIONET DHE K\u00cbRKESAT","breadcrumb":{"@id":"https:\/\/fk.mk\/sq\/per-anetaret\/aplikacionet-dhe-kerkesat\/#breadcrumb"},"inLanguage":"en-US","potentialAction":[{"@type":"ReadAction","target":["https:\/\/fk.mk\/sq\/per-anetaret\/aplikacionet-dhe-kerkesat\/"]}]},{"@type":"BreadcrumbList","@id":"https:\/\/fk.mk\/sq\/per-anetaret\/aplikacionet-dhe-kerkesat\/#breadcrumb","itemListElement":[{"@type":"ListItem","position":1,"name":"Home","item":"https:\/\/fk.mk\/sq\/"},{"@type":"ListItem","position":2,"name":"P\u00cbR AN\u00cbTAR\u00cbT","item":"https:\/\/fk.mk\/sq\/per-anetaret\/"},{"@type":"ListItem","position":3,"name":"APLIKACIONET DHE K\u00cbRKESAT"}]},{"@type":"WebSite","@id":"https:\/\/fk.mk\/sq\/#website","url":"https:\/\/fk.mk\/sq\/","name":"Od\u00ebn Farmaceutike t\u00eb Maqedonis\u00eb","description":"\u0424\u0430\u0440\u043c\u0430\u0446\u0435\u0432\u0442\u0441\u043a\u0430 \u041a\u043e\u043c\u043e\u0440\u0430 \u043d\u0430 \u0420\u0435\u043f\u0443\u0431\u043b\u0438\u043a\u0430 \u0421\u0435\u0432\u0435\u0440\u043d\u0430 \u041c\u0430\u043a\u0435\u0434\u043e\u043d\u0438\u0458\u0430","potentialAction":[{"@type":"SearchAction","target":{"@type":"EntryPoint","urlTemplate":"https:\/\/fk.mk\/sq\/?s={search_term_string}"},"query-input":{"@type":"PropertyValueSpecification","valueRequired":true,"valueName":"search_term_string"}}],"inLanguage":"en-US"}]}},"_links":{"self":[{"href":"https:\/\/fk.mk\/sq\/wp-json\/wp\/v2\/pages\/18463","targetHints":{"allow":["GET"]}}],"collection":[{"href":"https:\/\/fk.mk\/sq\/wp-json\/wp\/v2\/pages"}],"about":[{"href":"https:\/\/fk.mk\/sq\/wp-json\/wp\/v2\/types\/page"}],"author":[{"embeddable":true,"href":"https:\/\/fk.mk\/sq\/wp-json\/wp\/v2\/users\/1"}],"replies":[{"embeddable":true,"href":"https:\/\/fk.mk\/sq\/wp-json\/wp\/v2\/comments?post=18463"}],"version-history":[{"count":26,"href":"https:\/\/fk.mk\/sq\/wp-json\/wp\/v2\/pages\/18463\/revisions"}],"predecessor-version":[{"id":24518,"href":"https:\/\/fk.mk\/sq\/wp-json\/wp\/v2\/pages\/18463\/revisions\/24518"}],"up":[{"embeddable":true,"href":"https:\/\/fk.mk\/sq\/wp-json\/wp\/v2\/pages\/18490"}],"wp:attachment":[{"href":"https:\/\/fk.mk\/sq\/wp-json\/wp\/v2\/media?parent=18463"}],"curies":[{"name":"wp","href":"https:\/\/api.w.org\/{rel}","templated":true}]}}