{"id":18460,"date":"2016-04-19T12:57:23","date_gmt":"2016-04-19T10:57:23","guid":{"rendered":"https:\/\/www.fk.mk\/mbi-oden-2\/veprimtaria-themelore-e-odes\/"},"modified":"2016-04-19T12:57:23","modified_gmt":"2016-04-19T10:57:23","slug":"veprimtaria-themelore-e-odes","status":"publish","type":"page","link":"https:\/\/fk.mk\/sq\/mbi-oden\/veprimtaria-themelore-e-odes\/","title":{"rendered":"VEPRIMTARIA THEMELORE E OD\u00cbS"},"content":{"rendered":"<p>[vc_row][vc_column][vc_column_text css=&#8221;.vc_custom_1462794336967{padding-bottom: 10px !important;}&#8221;]Veprimtaria themelore e Od\u00ebs \u00ebsht\u00eb:<\/p>\n<ul style=\"text-align: justify\">\n<li>zhvillimi i vazhduesh\u00ebm profesional i farmacist\u00ebve p\u00ebr ushtrimin e veprimtaris\u00eb farmaceutike;<\/li>\n<li>organizimi dhe zbatimi i pun\u00ebs provuese dhe dh\u00ebnia e provimit profesional p\u00ebr marrjen e licenc\u00ebs s\u00eb pun\u00ebs;<\/li>\n<li>l\u00ebshimi, vazhdimi, rinovimi dhe heqja e licencave t\u00eb pun\u00ebs;<\/li>\n<li>njohja e pun\u00ebs provuese dhe provimit profesional t\u00eb dh\u00ebn\u00eb jasht\u00eb vendit;<\/li>\n<li> p\u00ebrcaktimi i formave, kritereve dhe procedur\u00ebs p\u00ebr zhvillimin e vazhduesh\u00ebm profesional;<\/li>\n<li style=\"text-align: justify\">p\u00ebrsosja e vazhdueshme profesionale e an\u00ebtar\u00ebve t\u00eb saj p\u00ebrmes formave t\u00eb ndryshme t\u00eb arsimit t\u00eb vazhduesh\u00ebm n\u00eb m\u00ebnyr\u00ebn e p\u00ebrcaktuar me aktin e p\u00ebrgjithsh\u00ebm n\u00eb p\u00ebrputhje me ligjin;<\/li>\n<li style=\"text-align: justify\">mbajtja e regjistrit t\u00eb licencave t\u00eb pun\u00ebs t\u00eb l\u00ebshuara, t\u00eb vazhduara, t\u00eb rinovuara dhe t\u00eb hequra;<\/li>\n<li style=\"text-align: justify\">mbajtja e regjistrit t\u00eb farmacist\u00ebve &#8211; an\u00ebtar\u00ebve t\u00eb Od\u00ebs;<\/li>\n<li style=\"text-align: justify\">kryerja e mbik\u00ebqyrjes mbi pun\u00ebn profesionale t\u00eb institucioneve sh\u00ebndet\u00ebsore dhe pun\u00ebtor\u00ebve sh\u00ebndet\u00ebsor\u00eb &#8211; farmacist\u00ebve q\u00eb punojn\u00eb n\u00eb to;<\/li>\n<li style=\"text-align: justify\">botimi i publikimeve me q\u00ebllim t\u00eb informimit n\u00eb koh\u00eb dhe t\u00eb vazhduesh\u00ebm t\u00eb an\u00ebtar\u00ebve t\u00eb saj me gjendjet aktuale n\u00eb farmaci;<\/li>\n<\/ul>\n<p>[\/vc_column_text][\/vc_column][\/vc_row]<\/p>\n","protected":false},"excerpt":{"rendered":"<p>[vc_row][vc_column][vc_column_text css=&#8221;.vc_custom_1462794336967{padding-bottom: 10px !important;}&#8221;]Veprimtaria themelore e Od\u00ebs \u00ebsht\u00eb: zhvillimi i vazhduesh\u00ebm profesional i farmacist\u00ebve p\u00ebr ushtrimin e veprimtaris\u00eb farmaceutike; organizimi dhe zbatimi i pun\u00ebs provuese dhe dh\u00ebnia e provimit profesional p\u00ebr marrjen e licenc\u00ebs s\u00eb pun\u00ebs; l\u00ebshimi, vazhdimi, rinovimi dhe heqja e licencave t\u00eb pun\u00ebs; njohja e pun\u00ebs provuese dhe provimit profesional t\u00eb dh\u00ebn\u00eb jasht\u00eb [&hellip;]<\/p>\n","protected":false},"author":1,"featured_media":0,"parent":18456,"menu_order":1,"comment_status":"closed","ping_status":"closed","template":"","meta":{"jnews_page_loop":[],"jnews_single_page":[],"jnews_social_meta":[],"footnotes":""},"class_list":["post-18460","page","type-page","status-publish","hentry"],"yoast_head":"<!-- This site is optimized with the Yoast SEO plugin v27.4 - https:\/\/yoast.com\/product\/yoast-seo-wordpress\/ -->\n<title>VEPRIMTARIA THEMELORE E OD\u00cbS - Od\u00ebn Farmaceutike t\u00eb Maqedonis\u00eb<\/title>\n<meta name=\"description\" content=\"P\u00ebr mbrojtjen dhe avancimin e profesionalizmit dhe detyrave dhe t\u00eb drejtave etike, p\u00ebr p\u00ebrmir\u00ebsimin e cil\u00ebsis\u00eb s\u00eb mbrojtjes sh\u00ebndet\u00ebsore, mbrojtjen e interesave t\u00eb profesionit t\u00eb tyre, ndjekjen e marr\u00ebdh\u00ebnies s\u00eb pun\u00ebtor\u00ebve sh\u00ebndet\u00ebsor\u00eb ndaj shoq\u00ebris\u00eb dhe qytetar\u00ebve, pun\u00ebtor\u00ebve sh\u00ebndet\u00ebsor\u00eb me arsim t\u00eb lart\u00eb n\u00eb fush\u00ebn e farmacis\u00eb, farmacist\u00ebve t\u00eb diplomuar, magjistrave n\u00eb farmaci n\u00eb Republik\u00ebn e Maqedonis\u00eb bashkohen n\u00eb Od\u00ebn Farmaceutike t\u00eb Maqedonis\u00eb.\" \/>\n<meta name=\"robots\" content=\"index, follow, max-snippet:-1, max-image-preview:large, max-video-preview:-1\" \/>\n<link rel=\"canonical\" href=\"https:\/\/fk.mk\/sq\/mbi-oden\/veprimtaria-themelore-e-odes\/\" \/>\n<meta property=\"og:locale\" content=\"en_US\" \/>\n<meta property=\"og:type\" content=\"article\" \/>\n<meta property=\"og:title\" content=\"VEPRIMTARIA THEMELORE E OD\u00cbS - Od\u00ebn Farmaceutike t\u00eb Maqedonis\u00eb\" \/>\n<meta property=\"og:description\" content=\"P\u00ebr mbrojtjen dhe avancimin e profesionalizmit dhe detyrave dhe t\u00eb drejtave etike, p\u00ebr p\u00ebrmir\u00ebsimin e cil\u00ebsis\u00eb s\u00eb mbrojtjes sh\u00ebndet\u00ebsore, mbrojtjen e interesave t\u00eb profesionit t\u00eb tyre, ndjekjen e marr\u00ebdh\u00ebnies s\u00eb pun\u00ebtor\u00ebve sh\u00ebndet\u00ebsor\u00eb ndaj shoq\u00ebris\u00eb dhe qytetar\u00ebve, pun\u00ebtor\u00ebve sh\u00ebndet\u00ebsor\u00eb me arsim t\u00eb lart\u00eb n\u00eb fush\u00ebn e farmacis\u00eb, farmacist\u00ebve t\u00eb diplomuar, magjistrave n\u00eb farmaci n\u00eb Republik\u00ebn e Maqedonis\u00eb bashkohen n\u00eb Od\u00ebn Farmaceutike t\u00eb Maqedonis\u00eb.\" \/>\n<meta property=\"og:url\" content=\"https:\/\/fk.mk\/sq\/mbi-oden\/veprimtaria-themelore-e-odes\/\" \/>\n<meta property=\"og:site_name\" content=\"Od\u00ebn Farmaceutike t\u00eb Maqedonis\u00eb\" \/>\n<meta name=\"twitter:card\" content=\"summary_large_image\" \/>\n<meta name=\"twitter:label1\" content=\"Est. reading time\" \/>\n\t<meta name=\"twitter:data1\" content=\"1 minute\" \/>\n<script type=\"application\/ld+json\" class=\"yoast-schema-graph\">{\"@context\":\"https:\\\/\\\/schema.org\",\"@graph\":[{\"@type\":\"WebPage\",\"@id\":\"https:\\\/\\\/fk.mk\\\/sq\\\/mbi-oden\\\/veprimtaria-themelore-e-odes\\\/\",\"url\":\"https:\\\/\\\/fk.mk\\\/sq\\\/mbi-oden\\\/veprimtaria-themelore-e-odes\\\/\",\"name\":\"VEPRIMTARIA THEMELORE E OD\u00cbS - Od\u00ebn Farmaceutike t\u00eb Maqedonis\u00eb\",\"isPartOf\":{\"@id\":\"https:\\\/\\\/fk.mk\\\/sq\\\/#website\"},\"datePublished\":\"2016-04-19T10:57:23+00:00\",\"description\":\"P\u00ebr mbrojtjen dhe avancimin e profesionalizmit dhe detyrave dhe t\u00eb drejtave etike, p\u00ebr p\u00ebrmir\u00ebsimin e cil\u00ebsis\u00eb s\u00eb mbrojtjes sh\u00ebndet\u00ebsore, mbrojtjen e interesave t\u00eb profesionit t\u00eb tyre, ndjekjen e marr\u00ebdh\u00ebnies s\u00eb pun\u00ebtor\u00ebve sh\u00ebndet\u00ebsor\u00eb ndaj shoq\u00ebris\u00eb dhe qytetar\u00ebve, pun\u00ebtor\u00ebve sh\u00ebndet\u00ebsor\u00eb me arsim t\u00eb lart\u00eb n\u00eb fush\u00ebn e farmacis\u00eb, farmacist\u00ebve t\u00eb diplomuar, magjistrave n\u00eb farmaci n\u00eb Republik\u00ebn e Maqedonis\u00eb bashkohen n\u00eb Od\u00ebn Farmaceutike t\u00eb Maqedonis\u00eb.\",\"breadcrumb\":{\"@id\":\"https:\\\/\\\/fk.mk\\\/sq\\\/mbi-oden\\\/veprimtaria-themelore-e-odes\\\/#breadcrumb\"},\"inLanguage\":\"en-US\",\"potentialAction\":[{\"@type\":\"ReadAction\",\"target\":[\"https:\\\/\\\/fk.mk\\\/sq\\\/mbi-oden\\\/veprimtaria-themelore-e-odes\\\/\"]}]},{\"@type\":\"BreadcrumbList\",\"@id\":\"https:\\\/\\\/fk.mk\\\/sq\\\/mbi-oden\\\/veprimtaria-themelore-e-odes\\\/#breadcrumb\",\"itemListElement\":[{\"@type\":\"ListItem\",\"position\":1,\"name\":\"Home\",\"item\":\"https:\\\/\\\/fk.mk\\\/sq\\\/\"},{\"@type\":\"ListItem\",\"position\":2,\"name\":\"MBI OD\u00cbN\",\"item\":\"https:\\\/\\\/fk.mk\\\/sq\\\/mbi-oden\\\/\"},{\"@type\":\"ListItem\",\"position\":3,\"name\":\"VEPRIMTARIA THEMELORE E OD\u00cbS\"}]},{\"@type\":\"WebSite\",\"@id\":\"https:\\\/\\\/fk.mk\\\/sq\\\/#website\",\"url\":\"https:\\\/\\\/fk.mk\\\/sq\\\/\",\"name\":\"Od\u00ebn Farmaceutike t\u00eb Maqedonis\u00eb\",\"description\":\"\u0424\u0430\u0440\u043c\u0430\u0446\u0435\u0432\u0442\u0441\u043a\u0430 \u041a\u043e\u043c\u043e\u0440\u0430 \u043d\u0430 \u0420\u0435\u043f\u0443\u0431\u043b\u0438\u043a\u0430 \u0421\u0435\u0432\u0435\u0440\u043d\u0430 \u041c\u0430\u043a\u0435\u0434\u043e\u043d\u0438\u0458\u0430\",\"potentialAction\":[{\"@type\":\"SearchAction\",\"target\":{\"@type\":\"EntryPoint\",\"urlTemplate\":\"https:\\\/\\\/fk.mk\\\/sq\\\/?s={search_term_string}\"},\"query-input\":{\"@type\":\"PropertyValueSpecification\",\"valueRequired\":true,\"valueName\":\"search_term_string\"}}],\"inLanguage\":\"en-US\"}]}<\/script>\n<!-- \/ Yoast SEO plugin. -->","yoast_head_json":{"title":"VEPRIMTARIA THEMELORE E OD\u00cbS - Od\u00ebn Farmaceutike t\u00eb Maqedonis\u00eb","description":"P\u00ebr mbrojtjen dhe avancimin e profesionalizmit dhe detyrave dhe t\u00eb drejtave etike, p\u00ebr p\u00ebrmir\u00ebsimin e cil\u00ebsis\u00eb s\u00eb mbrojtjes sh\u00ebndet\u00ebsore, mbrojtjen e interesave t\u00eb profesionit t\u00eb tyre, ndjekjen e marr\u00ebdh\u00ebnies s\u00eb pun\u00ebtor\u00ebve sh\u00ebndet\u00ebsor\u00eb ndaj shoq\u00ebris\u00eb dhe qytetar\u00ebve, pun\u00ebtor\u00ebve sh\u00ebndet\u00ebsor\u00eb me arsim t\u00eb lart\u00eb n\u00eb fush\u00ebn e farmacis\u00eb, farmacist\u00ebve t\u00eb diplomuar, magjistrave n\u00eb farmaci n\u00eb Republik\u00ebn e Maqedonis\u00eb bashkohen n\u00eb Od\u00ebn Farmaceutike t\u00eb Maqedonis\u00eb.","robots":{"index":"index","follow":"follow","max-snippet":"max-snippet:-1","max-image-preview":"max-image-preview:large","max-video-preview":"max-video-preview:-1"},"canonical":"https:\/\/fk.mk\/sq\/mbi-oden\/veprimtaria-themelore-e-odes\/","og_locale":"en_US","og_type":"article","og_title":"VEPRIMTARIA THEMELORE E OD\u00cbS - Od\u00ebn Farmaceutike t\u00eb Maqedonis\u00eb","og_description":"P\u00ebr mbrojtjen dhe avancimin e profesionalizmit dhe detyrave dhe t\u00eb drejtave etike, p\u00ebr p\u00ebrmir\u00ebsimin e cil\u00ebsis\u00eb s\u00eb mbrojtjes sh\u00ebndet\u00ebsore, mbrojtjen e interesave t\u00eb profesionit t\u00eb tyre, ndjekjen e marr\u00ebdh\u00ebnies s\u00eb pun\u00ebtor\u00ebve sh\u00ebndet\u00ebsor\u00eb ndaj shoq\u00ebris\u00eb dhe qytetar\u00ebve, pun\u00ebtor\u00ebve sh\u00ebndet\u00ebsor\u00eb me arsim t\u00eb lart\u00eb n\u00eb fush\u00ebn e farmacis\u00eb, farmacist\u00ebve t\u00eb diplomuar, magjistrave n\u00eb farmaci n\u00eb Republik\u00ebn e Maqedonis\u00eb bashkohen n\u00eb Od\u00ebn Farmaceutike t\u00eb Maqedonis\u00eb.","og_url":"https:\/\/fk.mk\/sq\/mbi-oden\/veprimtaria-themelore-e-odes\/","og_site_name":"Od\u00ebn Farmaceutike t\u00eb Maqedonis\u00eb","twitter_card":"summary_large_image","twitter_misc":{"Est. reading time":"1 minute"},"schema":{"@context":"https:\/\/schema.org","@graph":[{"@type":"WebPage","@id":"https:\/\/fk.mk\/sq\/mbi-oden\/veprimtaria-themelore-e-odes\/","url":"https:\/\/fk.mk\/sq\/mbi-oden\/veprimtaria-themelore-e-odes\/","name":"VEPRIMTARIA THEMELORE E OD\u00cbS - Od\u00ebn Farmaceutike t\u00eb Maqedonis\u00eb","isPartOf":{"@id":"https:\/\/fk.mk\/sq\/#website"},"datePublished":"2016-04-19T10:57:23+00:00","description":"P\u00ebr mbrojtjen dhe avancimin e profesionalizmit dhe detyrave dhe t\u00eb drejtave etike, p\u00ebr p\u00ebrmir\u00ebsimin e cil\u00ebsis\u00eb s\u00eb mbrojtjes sh\u00ebndet\u00ebsore, mbrojtjen e interesave t\u00eb profesionit t\u00eb tyre, ndjekjen e marr\u00ebdh\u00ebnies s\u00eb pun\u00ebtor\u00ebve sh\u00ebndet\u00ebsor\u00eb ndaj shoq\u00ebris\u00eb dhe qytetar\u00ebve, pun\u00ebtor\u00ebve sh\u00ebndet\u00ebsor\u00eb me arsim t\u00eb lart\u00eb n\u00eb fush\u00ebn e farmacis\u00eb, farmacist\u00ebve t\u00eb diplomuar, magjistrave n\u00eb farmaci n\u00eb Republik\u00ebn e Maqedonis\u00eb bashkohen n\u00eb Od\u00ebn Farmaceutike t\u00eb Maqedonis\u00eb.","breadcrumb":{"@id":"https:\/\/fk.mk\/sq\/mbi-oden\/veprimtaria-themelore-e-odes\/#breadcrumb"},"inLanguage":"en-US","potentialAction":[{"@type":"ReadAction","target":["https:\/\/fk.mk\/sq\/mbi-oden\/veprimtaria-themelore-e-odes\/"]}]},{"@type":"BreadcrumbList","@id":"https:\/\/fk.mk\/sq\/mbi-oden\/veprimtaria-themelore-e-odes\/#breadcrumb","itemListElement":[{"@type":"ListItem","position":1,"name":"Home","item":"https:\/\/fk.mk\/sq\/"},{"@type":"ListItem","position":2,"name":"MBI OD\u00cbN","item":"https:\/\/fk.mk\/sq\/mbi-oden\/"},{"@type":"ListItem","position":3,"name":"VEPRIMTARIA THEMELORE E OD\u00cbS"}]},{"@type":"WebSite","@id":"https:\/\/fk.mk\/sq\/#website","url":"https:\/\/fk.mk\/sq\/","name":"Od\u00ebn Farmaceutike t\u00eb Maqedonis\u00eb","description":"\u0424\u0430\u0440\u043c\u0430\u0446\u0435\u0432\u0442\u0441\u043a\u0430 \u041a\u043e\u043c\u043e\u0440\u0430 \u043d\u0430 \u0420\u0435\u043f\u0443\u0431\u043b\u0438\u043a\u0430 \u0421\u0435\u0432\u0435\u0440\u043d\u0430 \u041c\u0430\u043a\u0435\u0434\u043e\u043d\u0438\u0458\u0430","potentialAction":[{"@type":"SearchAction","target":{"@type":"EntryPoint","urlTemplate":"https:\/\/fk.mk\/sq\/?s={search_term_string}"},"query-input":{"@type":"PropertyValueSpecification","valueRequired":true,"valueName":"search_term_string"}}],"inLanguage":"en-US"}]}},"_links":{"self":[{"href":"https:\/\/fk.mk\/sq\/wp-json\/wp\/v2\/pages\/18460","targetHints":{"allow":["GET"]}}],"collection":[{"href":"https:\/\/fk.mk\/sq\/wp-json\/wp\/v2\/pages"}],"about":[{"href":"https:\/\/fk.mk\/sq\/wp-json\/wp\/v2\/types\/page"}],"author":[{"embeddable":true,"href":"https:\/\/fk.mk\/sq\/wp-json\/wp\/v2\/users\/1"}],"replies":[{"embeddable":true,"href":"https:\/\/fk.mk\/sq\/wp-json\/wp\/v2\/comments?post=18460"}],"version-history":[{"count":0,"href":"https:\/\/fk.mk\/sq\/wp-json\/wp\/v2\/pages\/18460\/revisions"}],"up":[{"embeddable":true,"href":"https:\/\/fk.mk\/sq\/wp-json\/wp\/v2\/pages\/18456"}],"wp:attachment":[{"href":"https:\/\/fk.mk\/sq\/wp-json\/wp\/v2\/media?parent=18460"}],"curies":[{"name":"wp","href":"https:\/\/api.w.org\/{rel}","templated":true}]}}