{"id":18456,"date":"2016-04-19T12:57:00","date_gmt":"2016-04-19T10:57:00","guid":{"rendered":"https:\/\/www.fk.mk\/mbi-oden-2\/"},"modified":"2016-04-19T12:57:00","modified_gmt":"2016-04-19T10:57:00","slug":"mbi-oden","status":"publish","type":"page","link":"https:\/\/fk.mk\/sq\/mbi-oden\/","title":{"rendered":"MBI OD\u00cbN"},"content":{"rendered":"<p>[vc_row css=&#8221;.vc_custom_1462710160756{margin-top: 0px !important;padding-top: 0px !important;}&#8221;][vc_column][vc_column_text css=&#8221;.vc_custom_1462795033510{padding-bottom: 10px !important;}&#8221;]<\/p>\n<p style=\"text-align: justify\">P\u00ebr mbrojtjen dhe avancimin e profesionalizmit dhe detyrave dhe t\u00eb drejtave etike, p\u00ebr p\u00ebrmir\u00ebsimin e cil\u00ebsis\u00eb s\u00eb mbrojtjes sh\u00ebndet\u00ebsore, mbrojtjen e interesave t\u00eb profesionit t\u00eb tyre, ndjekjen e marr\u00ebdh\u00ebnies s\u00eb pun\u00ebtor\u00ebve sh\u00ebndet\u00ebsor\u00eb ndaj shoq\u00ebris\u00eb dhe qytetar\u00ebve, pun\u00ebtor\u00ebve sh\u00ebndet\u00ebsor\u00eb me arsim t\u00eb lart\u00eb n\u00eb fush\u00ebn e farmacis\u00eb, farmacist\u00ebve t\u00eb diplomuar, magjistrave n\u00eb farmaci n\u00eb Republik\u00ebn e Maqedonis\u00eb bashkohen n\u00eb Od\u00ebn Farmaceutike t\u00eb Maqedonis\u00eb. Oda \u00ebsht\u00eb organizat\u00eb e pavarur, profesionale e farmacist\u00ebve e formuar n\u00eb vitin 1992. N\u00eb Od\u00eb an\u00ebtar\u00ebsohen farmacist\u00ebt dhe magjistrat e diplomuar n\u00eb farmaci dhe numri i tyre sot \u00ebsht\u00eb rreth 2.500 an\u00ebtar\u00eb. An\u00ebtar\u00ebt e Od\u00ebs kan\u00eb t\u00eb drejta, obligime dhe p\u00ebrgjegj\u00ebsi t\u00eb p\u00ebrcaktuara me ligj, me k\u00ebt\u00eb Statut dhe me rregullat e tjera. An\u00ebtar\u00ebt e Od\u00ebs i ushtrojn\u00eb t\u00eb drejtat e tyre drejtp\u00ebrdrejt dhe n\u00ebp\u00ebrmjet p\u00ebrfaq\u00ebsuesve t\u00eb nj\u00ebsis\u00eb s\u00eb tyre territoriale n\u00eb organet e Od\u00ebs.<\/p>\n<p style=\"text-align: justify\">An\u00ebtar\u00ebt e Od\u00ebs kan\u00eb t\u00eb drejt\u00eb dhe obligim:<\/p>\n<ul>\n<li style=\"text-align: justify\">n\u00eb m\u00ebnyr\u00eb aktive t\u00eb marrin pjes\u00eb n\u00eb realizimin e q\u00ebllimeve dhe detyrave t\u00eb Od\u00ebs;<\/li>\n<li style=\"text-align: justify\">t\u00eb japin iniciativa, propozime p\u00ebr \u00e7\u00ebshtjet aktuale n\u00eb fush\u00ebn e farmacis\u00eb;<\/li>\n<li style=\"text-align: justify\">t\u00eb zgjidhen dhe t\u00eb zgjedhin dhe t\u00eb revokojn\u00eb p\u00ebrfaq\u00ebsuesit nga nj\u00ebsia e tyre territoriale n\u00eb organet e Od\u00ebs;<\/li>\n<li style=\"text-align: justify\">t\u00eb informohen p\u00ebr pun\u00ebn e t\u00eb gjitha organeve t\u00eb Od\u00ebs;<\/li>\n<li style=\"text-align: justify\">t\u00eb shfryt\u00ebzojn\u00eb ndihm\u00ebn dhe sh\u00ebrbimet profesionale dhe t\u00eb tjera t\u00eb ofruara nga Oda n\u00eb kuad\u00ebr t\u00eb detyrave t\u00eb saj;<\/li>\n<li style=\"text-align: justify\">t\u00eb marrin pjes\u00eb n\u00eb seminaret, kongreset, kurset, pun\u00ebtorit\u00eb profesionale dhe format e tjera t\u00eb p\u00ebrsosjes profesionale, t\u00eb organizuara nga institucionet kompetente;<\/li>\n<li style=\"text-align: justify\">t\u00eb ngritin iniciativa p\u00ebr miratimin dhe plot\u00ebsimin e mendimeve dhe q\u00ebndrimeve n\u00eb fush\u00ebn e mbrojtjes sh\u00ebndet\u00ebsore;<\/li>\n<li style=\"text-align: justify\">ta respektojn\u00eb Statutin, aktet e p\u00ebrgjithshme dhe vendimet e Od\u00ebs;<\/li>\n<li style=\"text-align: justify\">ta ushtrojn\u00eb me nd\u00ebrgjegje veprimtarin\u00eb e tyre profesionale;<\/li>\n<li style=\"text-align: justify\">ta mbrojn\u00eb reputacionin e profesionit dhe ta respektojn\u00eb ligjin, Statutin dhe kodin e normave profesionale dhe etike;<\/li>\n<li style=\"text-align: justify\">kontestet e nd\u00ebrsjella, si dhe rastet e shkeljes s\u00eb normave etike t&#8217;i paraqesin dhe t&#8217;i zgjidhin p\u00ebrpara Gjykat\u00ebs s\u00eb Nderit t\u00eb Od\u00ebs;<\/li>\n<li style=\"text-align: justify\">rregullisht ta njoftojn\u00eb Od\u00ebn p\u00ebr t\u00eb gjitha t\u00eb dh\u00ebnat relevante p\u00ebr mbajtjen e rregullt t\u00eb regjistrit t\u00eb farmacist\u00ebve;<\/li>\n<li style=\"text-align: justify\">rregullisht ta paguajn\u00eb an\u00ebtar\u00ebsimin;<\/li>\n<li style=\"text-align: justify\">t\u00eb drejtat dhe detyrat e tjera t\u00eb p\u00ebrcaktuara me k\u00ebt\u00eb Statut dhe me aktet e p\u00ebrgjithshme t\u00eb Od\u00ebs.<\/li>\n<\/ul>\n<p>[\/vc_column_text][\/vc_column][\/vc_row]<\/p>\n","protected":false},"excerpt":{"rendered":"<p>[vc_row css=&#8221;.vc_custom_1462710160756{margin-top: 0px !important;padding-top: 0px !important;}&#8221;][vc_column][vc_column_text css=&#8221;.vc_custom_1462795033510{padding-bottom: 10px !important;}&#8221;] P\u00ebr mbrojtjen dhe avancimin e profesionalizmit dhe detyrave dhe t\u00eb drejtave etike, p\u00ebr p\u00ebrmir\u00ebsimin e cil\u00ebsis\u00eb s\u00eb mbrojtjes sh\u00ebndet\u00ebsore, mbrojtjen e interesave t\u00eb profesionit t\u00eb tyre, ndjekjen e marr\u00ebdh\u00ebnies s\u00eb pun\u00ebtor\u00ebve sh\u00ebndet\u00ebsor\u00eb ndaj shoq\u00ebris\u00eb dhe qytetar\u00ebve, pun\u00ebtor\u00ebve sh\u00ebndet\u00ebsor\u00eb me arsim t\u00eb lart\u00eb n\u00eb fush\u00ebn e farmacis\u00eb, [&hellip;]<\/p>\n","protected":false},"author":1,"featured_media":0,"parent":0,"menu_order":0,"comment_status":"closed","ping_status":"closed","template":"","meta":{"jnews_page_loop":[],"jnews_single_page":[],"jnews_social_meta":[],"footnotes":""},"class_list":["post-18456","page","type-page","status-publish","hentry"],"yoast_head":"<!-- This site is optimized with the Yoast SEO plugin v27.4 - https:\/\/yoast.com\/product\/yoast-seo-wordpress\/ -->\n<title>MBI OD\u00cbN - Od\u00ebn Farmaceutike t\u00eb Maqedonis\u00eb<\/title>\n<meta name=\"description\" content=\"Oda \u00ebsht\u00eb organizat\u00eb e pavarur, profesionale e farmacist\u00ebve e formuar n\u00eb vitin 1992.\" \/>\n<meta name=\"robots\" content=\"index, follow, max-snippet:-1, max-image-preview:large, max-video-preview:-1\" \/>\n<link rel=\"canonical\" href=\"https:\/\/fk.mk\/sq\/mbi-oden\/\" \/>\n<meta property=\"og:locale\" content=\"en_US\" \/>\n<meta property=\"og:type\" content=\"article\" \/>\n<meta property=\"og:title\" content=\"MBI OD\u00cbN - Od\u00ebn Farmaceutike t\u00eb Maqedonis\u00eb\" \/>\n<meta property=\"og:description\" content=\"Oda \u00ebsht\u00eb organizat\u00eb e pavarur, profesionale e farmacist\u00ebve e formuar n\u00eb vitin 1992.\" \/>\n<meta property=\"og:url\" content=\"https:\/\/fk.mk\/sq\/mbi-oden\/\" \/>\n<meta property=\"og:site_name\" content=\"Od\u00ebn Farmaceutike t\u00eb Maqedonis\u00eb\" \/>\n<meta name=\"twitter:card\" content=\"summary_large_image\" \/>\n<meta name=\"twitter:label1\" content=\"Est. reading time\" \/>\n\t<meta name=\"twitter:data1\" content=\"2 minutes\" \/>\n<script type=\"application\/ld+json\" class=\"yoast-schema-graph\">{\"@context\":\"https:\\\/\\\/schema.org\",\"@graph\":[{\"@type\":\"WebPage\",\"@id\":\"https:\\\/\\\/fk.mk\\\/sq\\\/mbi-oden\\\/\",\"url\":\"https:\\\/\\\/fk.mk\\\/sq\\\/mbi-oden\\\/\",\"name\":\"MBI OD\u00cbN - Od\u00ebn Farmaceutike t\u00eb Maqedonis\u00eb\",\"isPartOf\":{\"@id\":\"https:\\\/\\\/fk.mk\\\/sq\\\/#website\"},\"datePublished\":\"2016-04-19T10:57:00+00:00\",\"description\":\"Oda \u00ebsht\u00eb organizat\u00eb e pavarur, profesionale e farmacist\u00ebve e formuar n\u00eb vitin 1992.\",\"breadcrumb\":{\"@id\":\"https:\\\/\\\/fk.mk\\\/sq\\\/mbi-oden\\\/#breadcrumb\"},\"inLanguage\":\"en-US\",\"potentialAction\":[{\"@type\":\"ReadAction\",\"target\":[\"https:\\\/\\\/fk.mk\\\/sq\\\/mbi-oden\\\/\"]}]},{\"@type\":\"BreadcrumbList\",\"@id\":\"https:\\\/\\\/fk.mk\\\/sq\\\/mbi-oden\\\/#breadcrumb\",\"itemListElement\":[{\"@type\":\"ListItem\",\"position\":1,\"name\":\"Home\",\"item\":\"https:\\\/\\\/fk.mk\\\/sq\\\/\"},{\"@type\":\"ListItem\",\"position\":2,\"name\":\"MBI OD\u00cbN\"}]},{\"@type\":\"WebSite\",\"@id\":\"https:\\\/\\\/fk.mk\\\/sq\\\/#website\",\"url\":\"https:\\\/\\\/fk.mk\\\/sq\\\/\",\"name\":\"Od\u00ebn Farmaceutike t\u00eb Maqedonis\u00eb\",\"description\":\"\u0424\u0430\u0440\u043c\u0430\u0446\u0435\u0432\u0442\u0441\u043a\u0430 \u041a\u043e\u043c\u043e\u0440\u0430 \u043d\u0430 \u0420\u0435\u043f\u0443\u0431\u043b\u0438\u043a\u0430 \u0421\u0435\u0432\u0435\u0440\u043d\u0430 \u041c\u0430\u043a\u0435\u0434\u043e\u043d\u0438\u0458\u0430\",\"potentialAction\":[{\"@type\":\"SearchAction\",\"target\":{\"@type\":\"EntryPoint\",\"urlTemplate\":\"https:\\\/\\\/fk.mk\\\/sq\\\/?s={search_term_string}\"},\"query-input\":{\"@type\":\"PropertyValueSpecification\",\"valueRequired\":true,\"valueName\":\"search_term_string\"}}],\"inLanguage\":\"en-US\"}]}<\/script>\n<!-- \/ Yoast SEO plugin. -->","yoast_head_json":{"title":"MBI OD\u00cbN - Od\u00ebn Farmaceutike t\u00eb Maqedonis\u00eb","description":"Oda \u00ebsht\u00eb organizat\u00eb e pavarur, profesionale e farmacist\u00ebve e formuar n\u00eb vitin 1992.","robots":{"index":"index","follow":"follow","max-snippet":"max-snippet:-1","max-image-preview":"max-image-preview:large","max-video-preview":"max-video-preview:-1"},"canonical":"https:\/\/fk.mk\/sq\/mbi-oden\/","og_locale":"en_US","og_type":"article","og_title":"MBI OD\u00cbN - Od\u00ebn Farmaceutike t\u00eb Maqedonis\u00eb","og_description":"Oda \u00ebsht\u00eb organizat\u00eb e pavarur, profesionale e farmacist\u00ebve e formuar n\u00eb vitin 1992.","og_url":"https:\/\/fk.mk\/sq\/mbi-oden\/","og_site_name":"Od\u00ebn Farmaceutike t\u00eb Maqedonis\u00eb","twitter_card":"summary_large_image","twitter_misc":{"Est. reading time":"2 minutes"},"schema":{"@context":"https:\/\/schema.org","@graph":[{"@type":"WebPage","@id":"https:\/\/fk.mk\/sq\/mbi-oden\/","url":"https:\/\/fk.mk\/sq\/mbi-oden\/","name":"MBI OD\u00cbN - Od\u00ebn Farmaceutike t\u00eb Maqedonis\u00eb","isPartOf":{"@id":"https:\/\/fk.mk\/sq\/#website"},"datePublished":"2016-04-19T10:57:00+00:00","description":"Oda \u00ebsht\u00eb organizat\u00eb e pavarur, profesionale e farmacist\u00ebve e formuar n\u00eb vitin 1992.","breadcrumb":{"@id":"https:\/\/fk.mk\/sq\/mbi-oden\/#breadcrumb"},"inLanguage":"en-US","potentialAction":[{"@type":"ReadAction","target":["https:\/\/fk.mk\/sq\/mbi-oden\/"]}]},{"@type":"BreadcrumbList","@id":"https:\/\/fk.mk\/sq\/mbi-oden\/#breadcrumb","itemListElement":[{"@type":"ListItem","position":1,"name":"Home","item":"https:\/\/fk.mk\/sq\/"},{"@type":"ListItem","position":2,"name":"MBI OD\u00cbN"}]},{"@type":"WebSite","@id":"https:\/\/fk.mk\/sq\/#website","url":"https:\/\/fk.mk\/sq\/","name":"Od\u00ebn Farmaceutike t\u00eb Maqedonis\u00eb","description":"\u0424\u0430\u0440\u043c\u0430\u0446\u0435\u0432\u0442\u0441\u043a\u0430 \u041a\u043e\u043c\u043e\u0440\u0430 \u043d\u0430 \u0420\u0435\u043f\u0443\u0431\u043b\u0438\u043a\u0430 \u0421\u0435\u0432\u0435\u0440\u043d\u0430 \u041c\u0430\u043a\u0435\u0434\u043e\u043d\u0438\u0458\u0430","potentialAction":[{"@type":"SearchAction","target":{"@type":"EntryPoint","urlTemplate":"https:\/\/fk.mk\/sq\/?s={search_term_string}"},"query-input":{"@type":"PropertyValueSpecification","valueRequired":true,"valueName":"search_term_string"}}],"inLanguage":"en-US"}]}},"_links":{"self":[{"href":"https:\/\/fk.mk\/sq\/wp-json\/wp\/v2\/pages\/18456","targetHints":{"allow":["GET"]}}],"collection":[{"href":"https:\/\/fk.mk\/sq\/wp-json\/wp\/v2\/pages"}],"about":[{"href":"https:\/\/fk.mk\/sq\/wp-json\/wp\/v2\/types\/page"}],"author":[{"embeddable":true,"href":"https:\/\/fk.mk\/sq\/wp-json\/wp\/v2\/users\/1"}],"replies":[{"embeddable":true,"href":"https:\/\/fk.mk\/sq\/wp-json\/wp\/v2\/comments?post=18456"}],"version-history":[{"count":0,"href":"https:\/\/fk.mk\/sq\/wp-json\/wp\/v2\/pages\/18456\/revisions"}],"wp:attachment":[{"href":"https:\/\/fk.mk\/sq\/wp-json\/wp\/v2\/media?parent=18456"}],"curies":[{"name":"wp","href":"https:\/\/api.w.org\/{rel}","templated":true}]}}