{"id":18449,"date":"2014-11-28T10:50:36","date_gmt":"2014-11-28T09:50:36","guid":{"rendered":"http:\/\/etl.sharkslab.com\/?page_id=427"},"modified":"2025-09-03T21:36:30","modified_gmt":"2025-09-03T19:36:30","slug":"k%d0%be%d0%bd%d1%82%d0%b0%d0%ba%d1%82","status":"publish","type":"page","link":"https:\/\/fk.mk\/sq\/k%d0%be%d0%bd%d1%82%d0%b0%d0%ba%d1%82\/","title":{"rendered":"Kontakt"},"content":{"rendered":"\t\t<div data-elementor-type=\"wp-page\" data-elementor-id=\"18449\" class=\"elementor elementor-18449\">\n\t\t\t\t<div class=\"elementor-element elementor-element-b8cfcbd e-flex e-con-boxed e-con e-parent\" data-id=\"b8cfcbd\" data-element_type=\"container\" data-e-type=\"container\">\n\t\t\t\t\t<div class=\"e-con-inner\">\n\t\t<div class=\"elementor-element elementor-element-e11978d e-grid e-con-full e-con e-child\" data-id=\"e11978d\" data-element_type=\"container\" data-e-type=\"container\">\n\t\t\t\t<div class=\"elementor-element elementor-element-55750a1 elementor-widget elementor-widget-text-editor\" data-id=\"55750a1\" data-element_type=\"widget\" data-e-type=\"widget\" data-widget_type=\"text-editor.default\">\n\t\t\t\t\t\t\t\t\t<h4>\u0424\u0430\u0440\u043c\u0430\u0446\u0435\u0432\u0442\u0441\u043a\u0430 \u041a\u043e\u043c\u043e\u0440\u0430 \u043d\u0430 \u0420\u0435\u043f\u0443\u0431\u043b\u0438\u043a\u0430 \u0421\u0435\u0432\u0435\u0440\u043d\u0430 \u041c\u0430\u043a\u0435\u0434\u043e\u043d\u0438\u0458\u0430<\/h4><p><span style=\"color: #333333;\">\u0410\u0434\u0440\u0435\u0441\u0430: \u0443\u043b. 50 \u0414\u0438\u0432\u0438\u0437\u0438\u0458\u0430 \u0431\u0440. 34, 1000 \u0421\u043a\u043e\u043f\u0458\u0435<\/span><\/p><p><span style=\"color: #333333;\">\u0422\u0435\u043b: 02 3217 614, 02 3217 637<\/span><\/p><p><span style=\"color: #333333;\">e-mail: info@fk.mk<\/span><\/p>\t\t\t\t\t\t\t\t<\/div>\n\t\t\t\t<div class=\"elementor-element elementor-element-cadf80f elementor-widget elementor-widget-google_maps\" data-id=\"cadf80f\" data-element_type=\"widget\" data-e-type=\"widget\" data-widget_type=\"google_maps.default\">\n\t\t\t\t\t\t\t<div class=\"elementor-custom-embed\">\n\t\t\t<iframe loading=\"lazy\"\n\t\t\t\t\tsrc=\"https:\/\/maps.google.com\/maps?q=farmacevtska%20komora&#038;t=m&#038;z=16&#038;output=embed&#038;iwloc=near\"\n\t\t\t\t\ttitle=\"farmacevtska komora\"\n\t\t\t\t\taria-label=\"farmacevtska komora\"\n\t\t\t><\/iframe>\n\t\t<\/div>\n\t\t\t\t\t\t<\/div>\n\t\t\t\t<\/div>\n\t\t\t\t\t<\/div>\n\t\t\t\t<\/div>\n\t\t\t\t<\/div>\n\t\t","protected":false},"excerpt":{"rendered":"<p>\u0424\u0430\u0440\u043c\u0430\u0446\u0435\u0432\u0442\u0441\u043a\u0430 \u041a\u043e\u043c\u043e\u0440\u0430 \u043d\u0430 \u0420\u0435\u043f\u0443\u0431\u043b\u0438\u043a\u0430 \u0421\u0435\u0432\u0435\u0440\u043d\u0430 \u041c\u0430\u043a\u0435\u0434\u043e\u043d\u0438\u0458\u0430 \u0410\u0434\u0440\u0435\u0441\u0430: \u0443\u043b. 50 \u0414\u0438\u0432\u0438\u0437\u0438\u0458\u0430 \u0431\u0440. 34, 1000 \u0421\u043a\u043e\u043f\u0458\u0435 \u0422\u0435\u043b: 02 3217 614, 02 3217 637 e-mail: info@fk.mk<\/p>\n","protected":false},"author":1,"featured_media":0,"parent":0,"menu_order":2,"comment_status":"closed","ping_status":"closed","template":"","meta":{"jnews_page_loop":{"first_title":"Latest Post","header_type":"heading_6","layout":"right-sidebar","sidebar":"default-sidebar","second_sidebar":"default-sidebar","sticky_sidebar":"1","module":"3","main_custom_image_size":"default","second_custom_image_size":"default","excerpt_length":"20","content_date":"default","date_custom":"Y\/m\/d","content_pagination":"nav_1","pagination_align":"center","post_sticky":"0","post_offset":"0","posts_per_page":"5","sort_by":"latest"},"jnews_single_page":{"layout":"no-sidebar","sidebar":"default-sidebar","second_sidebar":"default-sidebar","sticky_sidebar":"1","show_post_title":"1","show_post_breadcrumbs":"1","show_post_featured":"1","share_position":"top","share_color":"share-monocrhome"},"jnews_social_meta":[],"footnotes":""},"class_list":["post-18449","page","type-page","status-publish","hentry"],"yoast_head":"<!-- This site is optimized with the Yoast SEO plugin v27.4 - https:\/\/yoast.com\/product\/yoast-seo-wordpress\/ -->\n<title>Kontakt - Od\u00ebn Farmaceutike t\u00eb Maqedonis\u00eb<\/title>\n<meta name=\"robots\" content=\"index, follow, max-snippet:-1, max-image-preview:large, max-video-preview:-1\" \/>\n<link rel=\"canonical\" href=\"https:\/\/fk.mk\/sq\/k\u043e\u043d\u0442\u0430\u043a\u0442\/\" \/>\n<meta property=\"og:locale\" content=\"en_US\" \/>\n<meta property=\"og:type\" content=\"article\" \/>\n<meta property=\"og:title\" content=\"Kontakt - Od\u00ebn Farmaceutike t\u00eb Maqedonis\u00eb\" \/>\n<meta property=\"og:description\" content=\"\u0424\u0430\u0440\u043c\u0430\u0446\u0435\u0432\u0442\u0441\u043a\u0430 \u041a\u043e\u043c\u043e\u0440\u0430 \u043d\u0430 \u0420\u0435\u043f\u0443\u0431\u043b\u0438\u043a\u0430 \u0421\u0435\u0432\u0435\u0440\u043d\u0430 \u041c\u0430\u043a\u0435\u0434\u043e\u043d\u0438\u0458\u0430 \u0410\u0434\u0440\u0435\u0441\u0430: \u0443\u043b. 50 \u0414\u0438\u0432\u0438\u0437\u0438\u0458\u0430 \u0431\u0440. 34, 1000 \u0421\u043a\u043e\u043f\u0458\u0435 \u0422\u0435\u043b: 02 3217 614, 02 3217 637 e-mail: info@fk.mk\" \/>\n<meta property=\"og:url\" content=\"https:\/\/fk.mk\/sq\/k\u043e\u043d\u0442\u0430\u043a\u0442\/\" \/>\n<meta property=\"og:site_name\" content=\"Od\u00ebn Farmaceutike t\u00eb Maqedonis\u00eb\" \/>\n<meta property=\"article:modified_time\" content=\"2025-09-03T19:36:30+00:00\" \/>\n<meta name=\"twitter:card\" content=\"summary_large_image\" \/>\n<script type=\"application\/ld+json\" class=\"yoast-schema-graph\">{\"@context\":\"https:\\\/\\\/schema.org\",\"@graph\":[{\"@type\":\"WebPage\",\"@id\":\"https:\\\/\\\/fk.mk\\\/sq\\\/k%d0%be%d0%bd%d1%82%d0%b0%d0%ba%d1%82\\\/\",\"url\":\"https:\\\/\\\/fk.mk\\\/sq\\\/k%d0%be%d0%bd%d1%82%d0%b0%d0%ba%d1%82\\\/\",\"name\":\"Kontakt - Od\u00ebn Farmaceutike t\u00eb Maqedonis\u00eb\",\"isPartOf\":{\"@id\":\"https:\\\/\\\/fk.mk\\\/sq\\\/#website\"},\"datePublished\":\"2014-11-28T09:50:36+00:00\",\"dateModified\":\"2025-09-03T19:36:30+00:00\",\"breadcrumb\":{\"@id\":\"https:\\\/\\\/fk.mk\\\/sq\\\/k%d0%be%d0%bd%d1%82%d0%b0%d0%ba%d1%82\\\/#breadcrumb\"},\"inLanguage\":\"en-US\",\"potentialAction\":[{\"@type\":\"ReadAction\",\"target\":[\"https:\\\/\\\/fk.mk\\\/sq\\\/k%d0%be%d0%bd%d1%82%d0%b0%d0%ba%d1%82\\\/\"]}]},{\"@type\":\"BreadcrumbList\",\"@id\":\"https:\\\/\\\/fk.mk\\\/sq\\\/k%d0%be%d0%bd%d1%82%d0%b0%d0%ba%d1%82\\\/#breadcrumb\",\"itemListElement\":[{\"@type\":\"ListItem\",\"position\":1,\"name\":\"Home\",\"item\":\"https:\\\/\\\/fk.mk\\\/sq\\\/\"},{\"@type\":\"ListItem\",\"position\":2,\"name\":\"Kontakt\"}]},{\"@type\":\"WebSite\",\"@id\":\"https:\\\/\\\/fk.mk\\\/sq\\\/#website\",\"url\":\"https:\\\/\\\/fk.mk\\\/sq\\\/\",\"name\":\"Od\u00ebn Farmaceutike t\u00eb Maqedonis\u00eb\",\"description\":\"\u0424\u0430\u0440\u043c\u0430\u0446\u0435\u0432\u0442\u0441\u043a\u0430 \u041a\u043e\u043c\u043e\u0440\u0430 \u043d\u0430 \u0420\u0435\u043f\u0443\u0431\u043b\u0438\u043a\u0430 \u0421\u0435\u0432\u0435\u0440\u043d\u0430 \u041c\u0430\u043a\u0435\u0434\u043e\u043d\u0438\u0458\u0430\",\"potentialAction\":[{\"@type\":\"SearchAction\",\"target\":{\"@type\":\"EntryPoint\",\"urlTemplate\":\"https:\\\/\\\/fk.mk\\\/sq\\\/?s={search_term_string}\"},\"query-input\":{\"@type\":\"PropertyValueSpecification\",\"valueRequired\":true,\"valueName\":\"search_term_string\"}}],\"inLanguage\":\"en-US\"}]}<\/script>\n<!-- \/ Yoast SEO plugin. -->","yoast_head_json":{"title":"Kontakt - Od\u00ebn Farmaceutike t\u00eb Maqedonis\u00eb","robots":{"index":"index","follow":"follow","max-snippet":"max-snippet:-1","max-image-preview":"max-image-preview:large","max-video-preview":"max-video-preview:-1"},"canonical":"https:\/\/fk.mk\/sq\/k\u043e\u043d\u0442\u0430\u043a\u0442\/","og_locale":"en_US","og_type":"article","og_title":"Kontakt - Od\u00ebn Farmaceutike t\u00eb Maqedonis\u00eb","og_description":"\u0424\u0430\u0440\u043c\u0430\u0446\u0435\u0432\u0442\u0441\u043a\u0430 \u041a\u043e\u043c\u043e\u0440\u0430 \u043d\u0430 \u0420\u0435\u043f\u0443\u0431\u043b\u0438\u043a\u0430 \u0421\u0435\u0432\u0435\u0440\u043d\u0430 \u041c\u0430\u043a\u0435\u0434\u043e\u043d\u0438\u0458\u0430 \u0410\u0434\u0440\u0435\u0441\u0430: \u0443\u043b. 50 \u0414\u0438\u0432\u0438\u0437\u0438\u0458\u0430 \u0431\u0440. 34, 1000 \u0421\u043a\u043e\u043f\u0458\u0435 \u0422\u0435\u043b: 02 3217 614, 02 3217 637 e-mail: info@fk.mk","og_url":"https:\/\/fk.mk\/sq\/k\u043e\u043d\u0442\u0430\u043a\u0442\/","og_site_name":"Od\u00ebn Farmaceutike t\u00eb Maqedonis\u00eb","article_modified_time":"2025-09-03T19:36:30+00:00","twitter_card":"summary_large_image","schema":{"@context":"https:\/\/schema.org","@graph":[{"@type":"WebPage","@id":"https:\/\/fk.mk\/sq\/k%d0%be%d0%bd%d1%82%d0%b0%d0%ba%d1%82\/","url":"https:\/\/fk.mk\/sq\/k%d0%be%d0%bd%d1%82%d0%b0%d0%ba%d1%82\/","name":"Kontakt - Od\u00ebn Farmaceutike t\u00eb Maqedonis\u00eb","isPartOf":{"@id":"https:\/\/fk.mk\/sq\/#website"},"datePublished":"2014-11-28T09:50:36+00:00","dateModified":"2025-09-03T19:36:30+00:00","breadcrumb":{"@id":"https:\/\/fk.mk\/sq\/k%d0%be%d0%bd%d1%82%d0%b0%d0%ba%d1%82\/#breadcrumb"},"inLanguage":"en-US","potentialAction":[{"@type":"ReadAction","target":["https:\/\/fk.mk\/sq\/k%d0%be%d0%bd%d1%82%d0%b0%d0%ba%d1%82\/"]}]},{"@type":"BreadcrumbList","@id":"https:\/\/fk.mk\/sq\/k%d0%be%d0%bd%d1%82%d0%b0%d0%ba%d1%82\/#breadcrumb","itemListElement":[{"@type":"ListItem","position":1,"name":"Home","item":"https:\/\/fk.mk\/sq\/"},{"@type":"ListItem","position":2,"name":"Kontakt"}]},{"@type":"WebSite","@id":"https:\/\/fk.mk\/sq\/#website","url":"https:\/\/fk.mk\/sq\/","name":"Od\u00ebn Farmaceutike t\u00eb Maqedonis\u00eb","description":"\u0424\u0430\u0440\u043c\u0430\u0446\u0435\u0432\u0442\u0441\u043a\u0430 \u041a\u043e\u043c\u043e\u0440\u0430 \u043d\u0430 \u0420\u0435\u043f\u0443\u0431\u043b\u0438\u043a\u0430 \u0421\u0435\u0432\u0435\u0440\u043d\u0430 \u041c\u0430\u043a\u0435\u0434\u043e\u043d\u0438\u0458\u0430","potentialAction":[{"@type":"SearchAction","target":{"@type":"EntryPoint","urlTemplate":"https:\/\/fk.mk\/sq\/?s={search_term_string}"},"query-input":{"@type":"PropertyValueSpecification","valueRequired":true,"valueName":"search_term_string"}}],"inLanguage":"en-US"}]}},"_links":{"self":[{"href":"https:\/\/fk.mk\/sq\/wp-json\/wp\/v2\/pages\/18449","targetHints":{"allow":["GET"]}}],"collection":[{"href":"https:\/\/fk.mk\/sq\/wp-json\/wp\/v2\/pages"}],"about":[{"href":"https:\/\/fk.mk\/sq\/wp-json\/wp\/v2\/types\/page"}],"author":[{"embeddable":true,"href":"https:\/\/fk.mk\/sq\/wp-json\/wp\/v2\/users\/1"}],"replies":[{"embeddable":true,"href":"https:\/\/fk.mk\/sq\/wp-json\/wp\/v2\/comments?post=18449"}],"version-history":[{"count":4,"href":"https:\/\/fk.mk\/sq\/wp-json\/wp\/v2\/pages\/18449\/revisions"}],"predecessor-version":[{"id":24657,"href":"https:\/\/fk.mk\/sq\/wp-json\/wp\/v2\/pages\/18449\/revisions\/24657"}],"wp:attachment":[{"href":"https:\/\/fk.mk\/sq\/wp-json\/wp\/v2\/media?parent=18449"}],"curies":[{"name":"wp","href":"https:\/\/api.w.org\/{rel}","templated":true}]}}